{"id":9471,"date":"2022-08-30T20:06:29","date_gmt":"2022-08-30T20:06:29","guid":{"rendered":"https:\/\/holali.local\/product\/may-chang-orange-eo-soap-slice\/"},"modified":"2025-11-08T20:19:29","modified_gmt":"2025-11-08T20:19:29","slug":"may-chang-soap-perfect-choice-for-your-skincare","status":"publish","type":"product","link":"https:\/\/holali.co.uk\/fr\/product\/may-chang-soap-perfect-choice-for-your-skincare\/","title":{"rendered":"Savon May Chang : Un choix parfait pour vos soins de la peau"},"content":{"rendered":"<h2 dir=\"auto\" data-pm-slice=\"1 1 []\">Savon May Chang : Un choix parfait pour vos soins de la peau<\/h2>\n<p dir=\"auto\" data-pm-slice=\"1 1 []\">Peu importe ce qui se passe, nous avons tous besoin d'un petit coup de pouce pour continuer \u00e0 avancer. Obtenez un peu d'aide avec le savon May Chang. Il s'agit d'un savon d'aromath\u00e9rapie qui soulage les tensions et vous aide \u00e0 vous sentir plus calme et plus centr\u00e9. Laissez-le vous apaiser de la t\u00eate aux pieds.<\/p>\n<p dir=\"auto\" data-pm-slice=\"1 1 []\">With just one use, you&#8217;ll feel <a href=\"https:\/\/holali.co.uk\/fr\/produit\/huile-de-massage-special-regeneration-a2-mix-100ml\/?wmc-currency=EUR\" title=\"Huile de massage sp\u00e9ciale REGENERATION A2 Mix - 100ml\" target=\"_blank\" rel=\"noopener\"  data-wpil-monitor-id=\"1471\">relaxed and rejuvenated<\/a>. In addition to a variety of fragrances, May Chang Soap is also a great moisturizer, helping to keep skin soft and fresh.<\/p>\n<p dir=\"auto\" data-pm-slice=\"1 1 []\">Le poids est d'environ 100g.<\/p>\n<h5 dir=\"auto\" data-pm-slice=\"1 1 []\">DU SAVON D'AROMATH\u00c9RAPIE ?<\/h5>\n<p dir=\"auto\" data-pm-slice=\"1 1 []\">L'aromath\u00e9rapie est l'utilisation d'huiles essentielles naturelles pour promouvoir la sant\u00e9 et le bien-\u00eatre.<\/p>\n<p dir=\"auto\">Le savon d'aromath\u00e9rapie est un type de savon qui a \u00e9t\u00e9 infus\u00e9 avec des huiles d'aromath\u00e9rapie. Ces huiles sont utilis\u00e9es pour cr\u00e9er un environnement relaxant et apaisant pour l'utilisateur. Ces savons sont souvent fabriqu\u00e9s avec des ingr\u00e9dients biologiques, ce qui les rend \u00e9galement respectueux de l'environnement.<\/p>\n<h6 dir=\"auto\" data-pm-slice=\"1 1 []\">AVANTAGES DU SAVON D'AROMATH\u00c9RAPIE<\/h6>\n<ul data-pm-slice=\"3 3 []\">\n<li>\n<p dir=\"auto\">Soulagez le stress et l'anxi\u00e9t\u00e9 gr\u00e2ce au pouvoir des senteurs aromatiques.<\/p>\n<\/li>\n<li>\n<p dir=\"auto\">Stimulez votre humeur gr\u00e2ce \u00e0 des parfums stimulants, qui favorisent un \u00e9tat d'esprit plus d\u00e9tendu.<\/p>\n<\/li>\n<li>\n<p dir=\"auto\">Aidez \u00e0 mieux dormir gr\u00e2ce \u00e0 des parfums apaisants et calmants.<\/p>\n<\/li>\n<\/ul>\n<p><a href=\"https:\/\/holali.co.uk\/fr\/soins-du-corps\/produits-de-soins-de-la-peau\/feuilles-de-papier-savon\/?wmc-currency=EUR\">VOUS DEVEZ VOIR \u00c7A<\/a><\/p>","protected":false},"excerpt":{"rendered":"<p>May Chang Soap: Perfect Choice for Your Skincare No matter what&#8217;s going on, we all need a little extra pep to keep going. Get a little help from May Chang Soap. It&#8217;s an aromatherapy soap that relieves tension and helps you feel calmer and more centered. Let it soothe you from head to toe. With&#8230;<\/p>","protected":false},"featured_media":11572,"comment_status":"open","ping_status":"closed","template":"","meta":{"_kad_blocks_custom_css":"","_kad_blocks_head_custom_js":"","_kad_blocks_body_custom_js":"","_kad_blocks_footer_custom_js":"","_kad_post_transparent":"default","_kad_post_title":"","_kad_post_layout":"default","_kad_post_sidebar_id":"","_kad_post_content_style":"default","_kad_post_vertical_padding":"default","_kad_post_feature":"","_kad_post_feature_position":"","_kad_post_header":false,"_kad_post_footer":false,"_kad_post_classname":"","_daim_seo_power":"","_daim_enable_ail":""},"product_brand":[],"product_cat":[263,704],"product_tag":[],"class_list":{"0":"post-9471","1":"product","2":"type-product","3":"status-publish","4":"has-post-thumbnail","6":"product_cat-essential-oil-soaps","7":"product_cat-vegan-essential-oils-soaps","9":"first","10":"instock","11":"taxable","12":"shipping-taxable","13":"purchasable","14":"product-type-simple","15":"entry","16":"content-bg","17":"loop-entry"},"taxonomy_info":{"product_cat":[{"value":263,"label":"Essential Oil Soaps"},{"value":704,"label":"Vegan Essential Oils Soaps"}]},"featured_image_src_large":["https:\/\/holali.co.uk\/wp-content\/uploads\/2022\/08\/may-chang-soap-orange-holali-1024x1024.jpeg",1024,1024,true],"author_info":[],"comment_info":0,"_links":{"self":[{"href":"https:\/\/holali.co.uk\/fr\/wp-json\/wp\/v2\/product\/9471","targetHints":{"allow":["GET"]}}],"collection":[{"href":"https:\/\/holali.co.uk\/fr\/wp-json\/wp\/v2\/product"}],"about":[{"href":"https:\/\/holali.co.uk\/fr\/wp-json\/wp\/v2\/types\/product"}],"replies":[{"embeddable":true,"href":"https:\/\/holali.co.uk\/fr\/wp-json\/wp\/v2\/comments?post=9471"}],"wp:featuredmedia":[{"embeddable":true,"href":"https:\/\/holali.co.uk\/fr\/wp-json\/wp\/v2\/media\/11572"}],"wp:attachment":[{"href":"https:\/\/holali.co.uk\/fr\/wp-json\/wp\/v2\/media?parent=9471"}],"wp:term":[{"taxonomy":"product_brand","embeddable":true,"href":"https:\/\/holali.co.uk\/fr\/wp-json\/wp\/v2\/product_brand?post=9471"},{"taxonomy":"product_cat","embeddable":true,"href":"https:\/\/holali.co.uk\/fr\/wp-json\/wp\/v2\/product_cat?post=9471"},{"taxonomy":"product_tag","embeddable":true,"href":"https:\/\/holali.co.uk\/fr\/wp-json\/wp\/v2\/product_tag?post=9471"}],"curies":[{"name":"wp","href":"https:\/\/api.w.org\/{rel}","templated":true}]}}