{"id":9467,"date":"2022-08-30T20:06:28","date_gmt":"2022-08-30T20:06:28","guid":{"rendered":"https:\/\/holali.local\/product\/ylang-orange-red-eo-soap-slice\/"},"modified":"2025-11-08T20:41:20","modified_gmt":"2025-11-08T20:41:20","slug":"savon-ylang-ylang-soap-orange-huile-ecologique","status":"publish","type":"product","link":"https:\/\/holali.co.uk\/fr\/product\/ylang-ylang-soap-orange-oil-ecological-soap\/","title":{"rendered":"Savon \u00e9cologique \u00e0 l'huile d'ylang-ylang et \u00e0 l'huile d'orange"},"content":{"rendered":"<h2 dir=\"auto\" data-pm-slice=\"1 1 []\">Savon \u00e9cologique \u00e0 l'huile d'ylang-ylang et \u00e0 l'huile d'orange<\/h2>\n<p dir=\"auto\" data-pm-slice=\"1 1 []\">Le savon Ylang Ylang est parfait pour un usage quotidien.<\/p>\n<p dir=\"auto\" data-pm-slice=\"1 1 []\">Notre savon est fabriqu\u00e9 \u00e0 partir de la v\u00e9ritable huile d'ylang-ylang, une huile essentielle pure et simple, combin\u00e9e \u00e0 l'huile essentielle d'orange. Vous savez ce que vous achetez ici.<\/p>\n<p dir=\"auto\" data-pm-slice=\"1 1 []\">We won&#8217;t add any other <a href=\"https:\/\/holali.co.uk\/fr\/produit\/greenman-soap-100g-bain-bar-deluxe\/?wmc-currency=EUR\" title=\"Savon naturel au bois de rose et \u00e0 l&#039;ylang-ylang\" target=\"_blank\" rel=\"noopener\"  data-wpil-monitor-id=\"1632\">essential oil to your soap<\/a>. No synthetic fragrances or colors were added. We only use <a href=\"https:\/\/holali.co.uk\/fr\/produit\/aromatherapie-bain-de-karite-90g-bois-de-santal\/?wmc-currency=EUR\" title=\"Huile essentielle de bois de santal et beurre de karit\u00e9 pur 90g\"  data-wpil-monitor-id=\"341\">pure and simple essential oils<\/a>, which will give you a natural fragrance and smell on your skin<\/p>\n<p dir=\"auto\" data-pm-slice=\"1 1 []\">Le poids est d'environ 100g.<\/p>\n<h5 dir=\"auto\" data-pm-slice=\"1 1 []\">DU SAVON D'AROMATH\u00c9RAPIE ?<\/h5>\n<p dir=\"auto\" data-pm-slice=\"1 1 []\">L'aromath\u00e9rapie est l'utilisation d'huiles essentielles naturelles pour promouvoir la sant\u00e9 et le bien-\u00eatre.<\/p>\n<p dir=\"auto\">Le savon d'aromath\u00e9rapie est un type de savon qui a \u00e9t\u00e9 infus\u00e9 avec des huiles d'aromath\u00e9rapie. Ces huiles sont utilis\u00e9es pour cr\u00e9er un environnement relaxant et apaisant pour l'utilisateur. Ces savons sont souvent fabriqu\u00e9s avec des ingr\u00e9dients biologiques, ce qui les rend \u00e9galement respectueux de l'environnement.<\/p>\n<h6 dir=\"auto\" data-pm-slice=\"1 1 []\">AVANTAGES DU SAVON D'AROMATH\u00c9RAPIE<\/h6>\n<ul data-pm-slice=\"3 3 []\">\n<li>\n<p dir=\"auto\">Soulagez le stress et l'anxi\u00e9t\u00e9 gr\u00e2ce au pouvoir des senteurs aromatiques.<\/p>\n<\/li>\n<li>\n<p dir=\"auto\">Stimulez votre humeur gr\u00e2ce \u00e0 des parfums stimulants, qui favorisent un \u00e9tat d'esprit plus d\u00e9tendu.<\/p>\n<\/li>\n<li>\n<p dir=\"auto\">Aidez \u00e0 mieux dormir gr\u00e2ce \u00e0 des parfums apaisants et calmants.<\/p>\n<\/li>\n<\/ul>\n<p><a href=\"https:\/\/holali.co.uk\/fr\/soins-du-corps\/produits-de-soins-de-la-peau\/feuilles-de-papier-savon\/?wmc-currency=EUR\">VOUS DEVEZ VOIR \u00c7A<\/a><\/p>","protected":false},"excerpt":{"rendered":"<p>Ylang Ylang Soap &amp; Orange Oil Ecological Soap Ylang Ylang soap is perfect for everyday use. Our soap is made from real ylang-ylang oil, a pure and simple essential oil combined with orange essential oil. You know what you are buying here. We won&#8217;t add any other essential oil to your soap. No synthetic fragrances&#8230;<\/p>","protected":false},"featured_media":11637,"comment_status":"open","ping_status":"closed","template":"","meta":{"_kad_blocks_custom_css":"","_kad_blocks_head_custom_js":"","_kad_blocks_body_custom_js":"","_kad_blocks_footer_custom_js":"","_kad_post_transparent":"default","_kad_post_title":"","_kad_post_layout":"default","_kad_post_sidebar_id":"","_kad_post_content_style":"default","_kad_post_vertical_padding":"default","_kad_post_feature":"","_kad_post_feature_position":"","_kad_post_header":false,"_kad_post_footer":false,"_kad_post_classname":"","_daim_seo_power":"","_daim_enable_ail":""},"product_brand":[],"product_cat":[263,704],"product_tag":[],"class_list":{"0":"post-9467","1":"product","2":"type-product","3":"status-publish","4":"has-post-thumbnail","6":"product_cat-essential-oil-soaps","7":"product_cat-vegan-essential-oils-soaps","9":"first","10":"instock","11":"taxable","12":"shipping-taxable","13":"purchasable","14":"product-type-simple","15":"entry","16":"content-bg","17":"loop-entry"},"taxonomy_info":{"product_cat":[{"value":263,"label":"Essential Oil Soaps"},{"value":704,"label":"Vegan Essential Oils Soaps"}]},"featured_image_src_large":["https:\/\/holali.co.uk\/wp-content\/uploads\/2022\/08\/ylang-orange-soap-red-holali-1024x1024.jpeg",1024,1024,true],"author_info":[],"comment_info":0,"_links":{"self":[{"href":"https:\/\/holali.co.uk\/fr\/wp-json\/wp\/v2\/product\/9467","targetHints":{"allow":["GET"]}}],"collection":[{"href":"https:\/\/holali.co.uk\/fr\/wp-json\/wp\/v2\/product"}],"about":[{"href":"https:\/\/holali.co.uk\/fr\/wp-json\/wp\/v2\/types\/product"}],"replies":[{"embeddable":true,"href":"https:\/\/holali.co.uk\/fr\/wp-json\/wp\/v2\/comments?post=9467"}],"wp:featuredmedia":[{"embeddable":true,"href":"https:\/\/holali.co.uk\/fr\/wp-json\/wp\/v2\/media\/11637"}],"wp:attachment":[{"href":"https:\/\/holali.co.uk\/fr\/wp-json\/wp\/v2\/media?parent=9467"}],"wp:term":[{"taxonomy":"product_brand","embeddable":true,"href":"https:\/\/holali.co.uk\/fr\/wp-json\/wp\/v2\/product_brand?post=9467"},{"taxonomy":"product_cat","embeddable":true,"href":"https:\/\/holali.co.uk\/fr\/wp-json\/wp\/v2\/product_cat?post=9467"},{"taxonomy":"product_tag","embeddable":true,"href":"https:\/\/holali.co.uk\/fr\/wp-json\/wp\/v2\/product_tag?post=9467"}],"curies":[{"name":"wp","href":"https:\/\/api.w.org\/{rel}","templated":true}]}}