{"id":9457,"date":"2022-08-30T20:06:26","date_gmt":"2022-08-30T20:06:26","guid":{"rendered":"https:\/\/holali.local\/product\/lavender-blue-eo-soap-slice\/"},"modified":"2024-10-03T20:53:06","modified_gmt":"2024-10-03T20:53:06","slug":"lavender-bar-soap-for-dry-hands-skin","status":"publish","type":"product","link":"https:\/\/holali.co.uk\/fr\/product\/lavender-bar-soap-for-dry-hands-skin\/","title":{"rendered":"Pain de savon \u00e0 la lavande pour les mains et la peau s\u00e8ches"},"content":{"rendered":"<h2 dir=\"auto\" data-pm-slice=\"1 1 []\">Pain de savon \u00e0 la lavande pour les mains et la peau s\u00e8ches<\/h2>\n<p dir=\"auto\" data-pm-slice=\"1 1 []\">La lavande est connue pour ses propri\u00e9t\u00e9s calmantes, notamment en massage th\u00e9rapeutique. Notre pain de savon \u00e0 la lavande est fabriqu\u00e9 avec un m\u00e9lange d'huiles essentielles qui ont \u00e9t\u00e9 choisies pour leur grande qualit\u00e9.<\/p>\n<p dir=\"auto\" data-pm-slice=\"1 1 []\">Nous savons que les gens aimeront notre savon pour son parfum distinctif, qui est un merveilleux m\u00e9lange de lavande et d'huiles essentielles pour apaiser les sens.<\/p>\n<p dir=\"auto\" data-pm-slice=\"1 1 []\">Le poids est d'environ 100g.<\/p>\n<h5 dir=\"auto\" data-pm-slice=\"1 1 []\">DU SAVON D'AROMATH\u00c9RAPIE ?<\/h5>\n<p dir=\"auto\" data-pm-slice=\"1 1 []\">L'aromath\u00e9rapie est l'utilisation d'huiles essentielles naturelles pour promouvoir la sant\u00e9 et le bien-\u00eatre.<\/p>\n<p dir=\"auto\">Le savon d'aromath\u00e9rapie est un type de savon qui a \u00e9t\u00e9 infus\u00e9 avec des huiles d'aromath\u00e9rapie. Ces huiles sont utilis\u00e9es pour cr\u00e9er un environnement relaxant et apaisant pour l'utilisateur. Ces savons sont souvent fabriqu\u00e9s avec des ingr\u00e9dients biologiques, ce qui les rend \u00e9galement respectueux de l'environnement.<\/p>\n<h6 dir=\"auto\" data-pm-slice=\"1 1 []\">AVANTAGES DU SAVON D'AROMATH\u00c9RAPIE<\/h6>\n<ul data-pm-slice=\"3 3 []\">\n<li>\n<p dir=\"auto\">Soulagez le stress et l'anxi\u00e9t\u00e9 gr\u00e2ce au pouvoir des senteurs aromatiques.<\/p>\n<\/li>\n<li>\n<p dir=\"auto\">Stimulez votre humeur gr\u00e2ce \u00e0 des parfums stimulants, qui favorisent un \u00e9tat d'esprit plus d\u00e9tendu.<\/p>\n<\/li>\n<li>\n<p dir=\"auto\">Aidez \u00e0 mieux dormir gr\u00e2ce \u00e0 des parfums apaisants et calmants.<\/p>\n<\/li>\n<\/ul>\n<p><a href=\"https:\/\/holali.co.uk\/fr\/soins-du-corps\/produits-de-soins-de-la-peau\/feuilles-de-papier-savon\/?wmc-currency=EUR\">VOUS DEVEZ VOIR \u00c7A<\/a><\/p>","protected":false},"excerpt":{"rendered":"<p>Lavender Bar Soap for Dry Hands &amp; Skin Lavender is known for its calming properties, particularly in therapeutic massage. Our Lavender Bar Soap is made with a blend of essential oils which have been chosen for their great quality. We know people will love our soap for its distinctive scent which has a wonderful blend&#8230;<\/p>","protected":false},"featured_media":11558,"comment_status":"open","ping_status":"closed","template":"","meta":{"_kad_blocks_custom_css":"","_kad_blocks_head_custom_js":"","_kad_blocks_body_custom_js":"","_kad_blocks_footer_custom_js":"","_kad_post_transparent":"default","_kad_post_title":"","_kad_post_layout":"default","_kad_post_sidebar_id":"","_kad_post_content_style":"default","_kad_post_vertical_padding":"default","_kad_post_feature":"","_kad_post_feature_position":"","_kad_post_header":false,"_kad_post_footer":false,"_kad_post_classname":"","_daim_seo_power":"","_daim_enable_ail":""},"product_brand":[],"product_cat":[263,704],"product_tag":[],"class_list":{"0":"post-9457","1":"product","2":"type-product","3":"status-publish","4":"has-post-thumbnail","6":"product_cat-essential-oil-soaps","7":"product_cat-vegan-essential-oils-soaps","9":"first","10":"instock","11":"taxable","12":"shipping-taxable","13":"purchasable","14":"product-type-simple","15":"entry","16":"content-bg","17":"loop-entry"},"taxonomy_info":{"product_cat":[{"value":263,"label":"Essential Oil Soaps"},{"value":704,"label":"Vegan Essential Oils Soaps"}]},"featured_image_src_large":["https:\/\/holali.co.uk\/wp-content\/uploads\/2022\/08\/lavender-essential-oil-soap.jpeg",500,500,false],"author_info":[],"comment_info":0,"_links":{"self":[{"href":"https:\/\/holali.co.uk\/fr\/wp-json\/wp\/v2\/product\/9457","targetHints":{"allow":["GET"]}}],"collection":[{"href":"https:\/\/holali.co.uk\/fr\/wp-json\/wp\/v2\/product"}],"about":[{"href":"https:\/\/holali.co.uk\/fr\/wp-json\/wp\/v2\/types\/product"}],"replies":[{"embeddable":true,"href":"https:\/\/holali.co.uk\/fr\/wp-json\/wp\/v2\/comments?post=9457"}],"wp:featuredmedia":[{"embeddable":true,"href":"https:\/\/holali.co.uk\/fr\/wp-json\/wp\/v2\/media\/11558"}],"wp:attachment":[{"href":"https:\/\/holali.co.uk\/fr\/wp-json\/wp\/v2\/media?parent=9457"}],"wp:term":[{"taxonomy":"product_brand","embeddable":true,"href":"https:\/\/holali.co.uk\/fr\/wp-json\/wp\/v2\/product_brand?post=9457"},{"taxonomy":"product_cat","embeddable":true,"href":"https:\/\/holali.co.uk\/fr\/wp-json\/wp\/v2\/product_cat?post=9457"},{"taxonomy":"product_tag","embeddable":true,"href":"https:\/\/holali.co.uk\/fr\/wp-json\/wp\/v2\/product_tag?post=9457"}],"curies":[{"name":"wp","href":"https:\/\/api.w.org\/{rel}","templated":true}]}}