{"id":9411,"date":"2022-08-30T20:06:15","date_gmt":"2022-08-30T20:06:15","guid":{"rendered":"https:\/\/holali.local\/product\/funky-soap-slice-parma-violet\/"},"modified":"2025-09-11T23:12:08","modified_gmt":"2025-09-11T23:12:08","slug":"lavender-white-soap-bar","status":"publish","type":"product","link":"https:\/\/holali.co.uk\/fr\/product\/lavender-white-soap-bar\/","title":{"rendered":"Pain de savon blanc \u00e0 la lavande"},"content":{"rendered":"<h2 dir=\"auto\" data-pm-slice=\"1 1 []\">Le meilleur pain de savon blanc \u00e0 la lavande pour votre salle de bain<\/h2>\n<p>Try the Lavender White <a href=\"https:\/\/holali.co.uk\/fr\/product\/white-pink-soap-bar\/\">Soap Bar<\/a> \u2014 and you won\u2019t go back to any other soap bar. Seriously.<br \/>\nUnlike anything else you\u2019ve ever used, the Lavender White Soap Bar is crafted for daily luxury \u2014 gentle enough for sensitive skin, rich enough for deep cleansing, and calming enough to turn every shower into a spa moment. Made to be loved by both men and women, it\u2019s the perfect blend of elegance and function.<\/p>\n<p>It\u2019s exotic. It\u2019s diverse. It\u2019s fun to enjoy and effortless to use. Whether you\u2019re washing your face after a long day or lathering up your body for silky-smooth skin, the <a href=\"https:\/\/holali.co.uk\/fr\/produit\/savons-faits-a-la-main-avec-de-la-lavande\/?wmc-currency=EUR\" title=\"Savons artisanaux \u00e0 la lavande\" target=\"_blank\" rel=\"noopener\"  data-wpil-monitor-id=\"1170\">Lavender White Soap<\/a> Bar delivers calm, comfort, and clean \u2014 naturally.<\/p>\n<div class=\"my-2\"><\/div>\n<p><strong>FEATURES<\/strong><br \/>\n&#8211; Skin Types: All \u2014 even sensitive &amp; dry<br \/>\n&#8211; Skin Care Area: Face + Body<br \/>\n&#8211; Weight: 115g (approx.) \u2014 long-lasting luxury<br \/>\n&#8211; Infused with soothing lavender &amp; pure botanicals<br \/>\n&#8211; Gender-neutral elegance \u2014 perfect for everyone<\/p>\n<p data-spm-anchor-id=\"a2ty_o01.29997173.0.i90.59fdc921SWHmge\">Don\u2019t just wash\u2026 unwind.<br \/>\nGet your Lavender <a href=\"https:\/\/holali.co.uk\/fr\/produit\/blanc-rose-savon-bar\/?wmc-currency=EUR\" title=\"Pain de savon blanc et rose\" target=\"_blank\" rel=\"noopener\"  data-wpil-monitor-id=\"835\">White Soap Bar<\/a> now \u2014 because once you try it, no other soap bar compares.<\/p>\n<p>REMARQUE : L'achat de savon fait \u00e0 la main peut \u00eatre co\u00fbteux, mais ce savon est abordable et sans parab\u00e8ne, et sans cruaut\u00e9 ! Nous proposons une vari\u00e9t\u00e9 de pains de savon, chacun ayant son propre aspect unique, ce qui les rend mieux adapt\u00e9s \u00e0 diff\u00e9rents usages et fabriqu\u00e9s avec des ingr\u00e9dients naturels. La couleur ou le design peuvent l\u00e9g\u00e8rement varier par rapport aux photos pr\u00e9sent\u00e9es. Si vous souhaitez en savoir plus sur nos produits, n'h\u00e9sitez pas \u00e0 nous contacter \u00e0 tout moment !<\/p>\n<p>Love bold, pop colors? Meet your new obsession: the <a href=\"https:\/\/holali.co.uk\/fr\/produit\/barre-de-savon-arc-en-ciel\/?wmc-currency=EUR\">Pain de savon arc-en-ciel<\/a> \u2014 vibrant, luxurious, and oh-so-instagrammable!<\/p>\n<p><img loading=\"lazy\" decoding=\"async\" class=\"alignnone size-medium\" src=\"https:\/\/holali.co.uk\/wp-content\/uploads\/2022\/08\/model-showing-lavender-soap-bar.webp\" width=\"1024\" height=\"1024\" alt=\"\" title=\"\"><\/p>\n<p><img loading=\"lazy\" decoding=\"async\" class=\"alignnone\" src=\"https:\/\/holali.co.uk\/wp-content\/uploads\/2022\/08\/parma-violet-soap-loaf-holali.webp\" width=\"1028\" height=\"1028\" alt=\"\" title=\"\"><\/p>\n<p>&nbsp;<\/p>\n<p><span style=\"color: #4b5058;\"><strong>\u00a0<\/strong><\/span><\/p>","protected":false},"excerpt":{"rendered":"<p>Drop the stress. Lather the calm. Try the Lavender White Soap Bar \u2014 and kiss ordinary soap goodbye.<\/p>","protected":false},"featured_media":11561,"comment_status":"open","ping_status":"closed","template":"","meta":{"_kad_blocks_custom_css":"","_kad_blocks_head_custom_js":"","_kad_blocks_body_custom_js":"","_kad_blocks_footer_custom_js":"","_kad_post_transparent":"default","_kad_post_title":"","_kad_post_layout":"default","_kad_post_sidebar_id":"","_kad_post_content_style":"default","_kad_post_vertical_padding":"default","_kad_post_feature":"","_kad_post_feature_position":"","_kad_post_header":false,"_kad_post_footer":false,"_kad_post_classname":"","_daim_seo_power":"1000","_daim_enable_ail":"1"},"product_brand":[],"product_cat":[631,709],"product_tag":[],"class_list":{"0":"post-9411","1":"product","2":"type-product","3":"status-publish","4":"has-post-thumbnail","6":"product_cat-pop-color-soap-bar","7":"product_cat-vegan-pop-color-soap-bar","9":"first","10":"instock","11":"taxable","12":"shipping-taxable","13":"purchasable","14":"product-type-simple","15":"entry","16":"content-bg","17":"loop-entry"},"taxonomy_info":{"product_cat":[{"value":631,"label":"Pop Color Soap Bar"},{"value":709,"label":"Vegan Pop Color Soap Bar"}]},"featured_image_src_large":["https:\/\/holali.co.uk\/wp-content\/uploads\/2022\/08\/parma-violet-soap-holali.jpeg",330,330,false],"author_info":[],"comment_info":0,"_links":{"self":[{"href":"https:\/\/holali.co.uk\/fr\/wp-json\/wp\/v2\/product\/9411","targetHints":{"allow":["GET"]}}],"collection":[{"href":"https:\/\/holali.co.uk\/fr\/wp-json\/wp\/v2\/product"}],"about":[{"href":"https:\/\/holali.co.uk\/fr\/wp-json\/wp\/v2\/types\/product"}],"replies":[{"embeddable":true,"href":"https:\/\/holali.co.uk\/fr\/wp-json\/wp\/v2\/comments?post=9411"}],"wp:featuredmedia":[{"embeddable":true,"href":"https:\/\/holali.co.uk\/fr\/wp-json\/wp\/v2\/media\/11561"}],"wp:attachment":[{"href":"https:\/\/holali.co.uk\/fr\/wp-json\/wp\/v2\/media?parent=9411"}],"wp:term":[{"taxonomy":"product_brand","embeddable":true,"href":"https:\/\/holali.co.uk\/fr\/wp-json\/wp\/v2\/product_brand?post=9411"},{"taxonomy":"product_cat","embeddable":true,"href":"https:\/\/holali.co.uk\/fr\/wp-json\/wp\/v2\/product_cat?post=9411"},{"taxonomy":"product_tag","embeddable":true,"href":"https:\/\/holali.co.uk\/fr\/wp-json\/wp\/v2\/product_tag?post=9411"}],"curies":[{"name":"wp","href":"https:\/\/api.w.org\/{rel}","templated":true}]}}