{"id":9409,"date":"2022-08-30T20:06:14","date_gmt":"2022-08-30T20:06:14","guid":{"rendered":"https:\/\/holali.local\/product\/funky-soap-slice-pink-cava\/"},"modified":"2026-03-12T23:57:42","modified_gmt":"2026-03-12T23:57:42","slug":"blanc-rose-savon-bar","status":"publish","type":"product","link":"https:\/\/holali.co.uk\/fr\/product\/white-pink-soap-bar\/","title":{"rendered":"Pain de savon blanc et rose"},"content":{"rendered":"<h2 dir=\"auto\" data-pm-slice=\"1 1 []\">Amazing White Pink Soap Bar<\/h2>\n<p dir=\"auto\" data-pm-slice=\"1 1 []\"><a href=\"https:\/\/holali.co.uk\/wp-content\/uploads\/2022\/08\/pink-cava-soap-holali.jpeg\"><img loading=\"lazy\" decoding=\"async\" class=\"alignnone size-medium wp-image-11628\" src=\"https:\/\/holali.co.uk\/wp-content\/uploads\/2022\/08\/pink-cava-soap-holali-300x300.jpeg\" alt=\"Pain de savon blanc et rose\" width=\"300\" height=\"300\" title=\"\" srcset=\"https:\/\/holali.co.uk\/wp-content\/uploads\/2022\/08\/pink-cava-soap-holali-300x300.jpeg 300w, https:\/\/holali.co.uk\/wp-content\/uploads\/2022\/08\/pink-cava-soap-holali-1024x1024.jpeg 1024w, https:\/\/holali.co.uk\/wp-content\/uploads\/2022\/08\/pink-cava-soap-holali-150x150.jpeg 150w, https:\/\/holali.co.uk\/wp-content\/uploads\/2022\/08\/pink-cava-soap-holali-768x768.jpeg 768w, https:\/\/holali.co.uk\/wp-content\/uploads\/2022\/08\/pink-cava-soap-holali-1536x1536.jpeg 1536w, https:\/\/holali.co.uk\/wp-content\/uploads\/2022\/08\/pink-cava-soap-holali-12x12.jpeg 12w, https:\/\/holali.co.uk\/wp-content\/uploads\/2022\/08\/pink-cava-soap-holali-465x465.jpeg 465w, https:\/\/holali.co.uk\/wp-content\/uploads\/2022\/08\/pink-cava-soap-holali-100x100.jpeg 100w, https:\/\/holali.co.uk\/wp-content\/uploads\/2022\/08\/pink-cava-soap-holali-930x930.jpeg 930w, https:\/\/holali.co.uk\/wp-content\/uploads\/2022\/08\/pink-cava-soap-holali-154x154.jpeg 154w, https:\/\/holali.co.uk\/wp-content\/uploads\/2022\/08\/pink-cava-soap-holali-77x77.jpeg 77w, https:\/\/holali.co.uk\/wp-content\/uploads\/2022\/08\/pink-cava-soap-holali.jpeg 1600w\" sizes=\"auto, (max-width: 300px) 100vw, 300px\" \/><\/a><\/p>\n<p dir=\"auto\" data-pm-slice=\"1 1 []\">Avec White Pink Soap Bar, nous avons cr\u00e9\u00e9 un pain de savon qui est le compagnon id\u00e9al pour tous les bons et mauvais moments de la vie. Son go\u00fbt est doux, amusant et facile \u00e0 utiliser.<\/p>\n<p dir=\"auto\" data-pm-slice=\"1 1 []\">Il est assez agr\u00e9able pour \u00eatre appr\u00e9ci\u00e9 par tous ! Achetez-le maintenant !<\/p>\n<p>FEATURES<\/p>\n<ul>\n<li>Types de peau : Tous<\/li>\n<li>Zone de soins de la peau : Visage, corps<\/li>\n<li>Poids : 115g environ<\/li>\n<\/ul>\n<p>NOTE: Buying handmade soap can be expensive, but this soap is affordable and <a href=\"https:\/\/en.wikipedia.org\/wiki\/Methylparaben\" target=\"_blank\" rel=\"noopener\">paraben-free<\/a>, and cruelty-free! We offer a variety of soap bars, each boasting its own unique appearance, which makes them better suited to different uses and made with natural ingredients. The color or design may slightly vary from the pictures shown. If you would like to know more about our products, feel free to contact us at any time!<\/p>\n<p>Experience gentle luxury with our White Pink Soap Bar, perfect for all skin types and both face and body. For a bold twist, try the <a class=\"daim-suggestion-link\" spellcheck=\"false\" href=\"https:\/\/holali.co.uk\/fr\/produit\/multicolore-soap-bar-2\/?wmc-currency=EUR\" target=\"_blank\" rel=\"noopener\" data-index=\"1\"><span class=\"daim-suggestion-title\">MultiColor Soap Bar \u2014 Vibrant. Thick. Lasts Forever.<\/span><\/a>\u00a0Both handmade, paraben-free, and cruelty-free, these bars offer a creamy lather and natural ingredients. Mix and match for a unique, spa-like cleansing routine.<\/p>\n<p>Vous cherchez une bonne id\u00e9e ?\u00a0<a href=\"https:\/\/holali.co.uk\/fr\/produit\/tete-de-lobe-entier-2\/?wmc-currency=EUR\" target=\"_blank\" rel=\"noopener noreferrer\">CLIQUEZ ICI<\/a><\/p>","protected":false},"excerpt":{"rendered":"<p>Discover the perfect companion for every moment with our White Pink Soap Bar \u2014 gentle, fun, and suitable for all skin types! Enjoy a creamy, natural lather that&#8217;s paraben-free, cruelty-free, and affordable. Ready to elevate your skincare routine? Don\u2019t wait\u2014click here now to shop our unique, <a href=\"https:\/\/holali.co.uk\/fr\/produit\/loofah-soap-slice-115g-a-droit-framboise-rub-2\/?wmc-currency=EUR\" title=\"Pain de savon exfoliant \u00e0 la framboise\" target=\"_blank\" rel=\"noopener\"  data-wpil-monitor-id=\"1417\">handmade soap bars<\/a> and treat yourself to a spa-like experience every day!<\/p>\n<p dir=\"auto\" data-pm-slice=\"1 1 []\">Avec White Pink Soap Bar, nous avons cr\u00e9\u00e9 un pain de savon qui est le compagnon id\u00e9al pour tous les bons et mauvais moments de la vie. Son go\u00fbt est doux, amusant et facile \u00e0 utiliser.<\/p>","protected":false},"featured_media":11628,"comment_status":"open","ping_status":"closed","template":"","meta":{"_kad_blocks_custom_css":"","_kad_blocks_head_custom_js":"","_kad_blocks_body_custom_js":"","_kad_blocks_footer_custom_js":"","_kad_post_transparent":"default","_kad_post_title":"","_kad_post_layout":"default","_kad_post_sidebar_id":"","_kad_post_content_style":"default","_kad_post_vertical_padding":"default","_kad_post_feature":"","_kad_post_feature_position":"","_kad_post_header":false,"_kad_post_footer":false,"_kad_post_classname":"","_daim_seo_power":"1000","_daim_enable_ail":"1"},"product_brand":[],"product_cat":[631,709],"product_tag":[],"class_list":{"0":"post-9409","1":"product","2":"type-product","3":"status-publish","4":"has-post-thumbnail","6":"product_cat-pop-color-soap-bar","7":"product_cat-vegan-pop-color-soap-bar","9":"first","10":"instock","11":"taxable","12":"shipping-taxable","13":"purchasable","14":"product-type-simple","15":"entry","16":"content-bg","17":"loop-entry"},"taxonomy_info":{"product_cat":[{"value":631,"label":"Pop Color Soap Bar"},{"value":709,"label":"Vegan Pop Color Soap Bar"}]},"featured_image_src_large":["https:\/\/holali.co.uk\/wp-content\/uploads\/2022\/08\/pink-cava-soap-holali-1024x1024.jpeg",1024,1024,true],"author_info":[],"comment_info":2,"_links":{"self":[{"href":"https:\/\/holali.co.uk\/fr\/wp-json\/wp\/v2\/product\/9409","targetHints":{"allow":["GET"]}}],"collection":[{"href":"https:\/\/holali.co.uk\/fr\/wp-json\/wp\/v2\/product"}],"about":[{"href":"https:\/\/holali.co.uk\/fr\/wp-json\/wp\/v2\/types\/product"}],"replies":[{"embeddable":true,"href":"https:\/\/holali.co.uk\/fr\/wp-json\/wp\/v2\/comments?post=9409"}],"wp:featuredmedia":[{"embeddable":true,"href":"https:\/\/holali.co.uk\/fr\/wp-json\/wp\/v2\/media\/11628"}],"wp:attachment":[{"href":"https:\/\/holali.co.uk\/fr\/wp-json\/wp\/v2\/media?parent=9409"}],"wp:term":[{"taxonomy":"product_brand","embeddable":true,"href":"https:\/\/holali.co.uk\/fr\/wp-json\/wp\/v2\/product_brand?post=9409"},{"taxonomy":"product_cat","embeddable":true,"href":"https:\/\/holali.co.uk\/fr\/wp-json\/wp\/v2\/product_cat?post=9409"},{"taxonomy":"product_tag","embeddable":true,"href":"https:\/\/holali.co.uk\/fr\/wp-json\/wp\/v2\/product_tag?post=9409"}],"curies":[{"name":"wp","href":"https:\/\/api.w.org\/{rel}","templated":true}]}}