{"id":9407,"date":"2022-08-30T20:06:14","date_gmt":"2022-08-30T20:06:14","guid":{"rendered":"https:\/\/holali.local\/product\/funky-soap-slice-peach-melba\/"},"modified":"2024-10-03T20:53:07","modified_gmt":"2024-10-03T20:53:07","slug":"barre-orange-jaune-savon","status":"publish","type":"product","link":"https:\/\/holali.co.uk\/fr\/product\/orange-yellow-soap-bar\/","title":{"rendered":"Savon jaune orange"},"content":{"rendered":"<h2 dir=\"auto\" data-pm-slice=\"1 1 []\">Meilleur pain de savon jaune orang\u00e9<\/h2>\n<p><span style=\"color: #4b5058;\">Orange Yellow <a href=\"https:\/\/holali.co.uk\/fr\/product\/white-pink-soap-bar\/\">Soap Bar<\/a> is a<\/span> pain de savon aux couleurs vives, con\u00e7u pour \u00eatre utilis\u00e9 tous les jours.<\/p>\n<p>Notre pain de savon est comme une exp\u00e9rience de sushi de luxe : son parfum est d\u00e9licieux, sa texture est soyeuse et il est non toxique. Achetez-le maintenant !<\/p>\n<p>FEATURES<\/p>\n<ul>\n<li>Types de peau : Tous<\/li>\n<li>Zone de soins de la peau : Visage, corps<\/li>\n<li>Poids : 115g environ<\/li>\n<\/ul>\n<p>REMARQUE : L'achat de savon fait \u00e0 la main peut \u00eatre co\u00fbteux, mais ce savon est abordable et sans parab\u00e8ne, et sans cruaut\u00e9 ! Nous proposons une vari\u00e9t\u00e9 de pains de savon, chacun ayant son propre aspect unique, ce qui les rend mieux adapt\u00e9s \u00e0 diff\u00e9rents usages et fabriqu\u00e9s avec des ingr\u00e9dients naturels. La couleur ou le design peuvent l\u00e9g\u00e8rement varier par rapport aux photos pr\u00e9sent\u00e9es. Si vous souhaitez en savoir plus sur nos produits, n'h\u00e9sitez pas \u00e0 nous contacter \u00e0 tout moment !<\/p>\n<p>Vous cherchez une bonne id\u00e9e ?\u00a0<a href=\"https:\/\/holali.co.uk\/fr\/produit\/tete-de-lobe-entier-2\/?wmc-currency=EUR\" target=\"_blank\" rel=\"noopener noreferrer\">CLIQUEZ ICI<\/a><\/p>","protected":false},"excerpt":{"rendered":"<p>Best Orange Yellow Soap Bar Orange Yellow Soap Bar is a brightly colored soap bar, designed to be used every day. Our soap bar it&#8217;s like a luxury sushi experience: the scent is delightful, the texture is silky, and it&#8217;s non-toxic. Get it now! FEATURES Skin Types: All Skin care area: Face, Body Weight: 115g&#8230;<\/p>","protected":false},"featured_media":11578,"comment_status":"open","ping_status":"closed","template":"","meta":{"_kad_blocks_custom_css":"","_kad_blocks_head_custom_js":"","_kad_blocks_body_custom_js":"","_kad_blocks_footer_custom_js":"","_kad_post_transparent":"default","_kad_post_title":"","_kad_post_layout":"default","_kad_post_sidebar_id":"","_kad_post_content_style":"default","_kad_post_vertical_padding":"default","_kad_post_feature":"","_kad_post_feature_position":"","_kad_post_header":false,"_kad_post_footer":false,"_kad_post_classname":"","_daim_seo_power":"","_daim_enable_ail":""},"product_brand":[],"product_cat":[631,709],"product_tag":[],"class_list":{"0":"post-9407","1":"product","2":"type-product","3":"status-publish","4":"has-post-thumbnail","6":"product_cat-pop-color-soap-bar","7":"product_cat-vegan-pop-color-soap-bar","9":"first","10":"instock","11":"taxable","12":"shipping-taxable","13":"purchasable","14":"product-type-simple","15":"entry","16":"content-bg","17":"loop-entry"},"taxonomy_info":{"product_cat":[{"value":631,"label":"Pop Color Soap Bar"},{"value":709,"label":"Vegan Pop Color Soap Bar"}]},"featured_image_src_large":["https:\/\/holali.co.uk\/wp-content\/uploads\/2022\/08\/peach-melba-soap-holali-1024x1024.jpeg",1024,1024,true],"author_info":[],"comment_info":0,"_links":{"self":[{"href":"https:\/\/holali.co.uk\/fr\/wp-json\/wp\/v2\/product\/9407","targetHints":{"allow":["GET"]}}],"collection":[{"href":"https:\/\/holali.co.uk\/fr\/wp-json\/wp\/v2\/product"}],"about":[{"href":"https:\/\/holali.co.uk\/fr\/wp-json\/wp\/v2\/types\/product"}],"replies":[{"embeddable":true,"href":"https:\/\/holali.co.uk\/fr\/wp-json\/wp\/v2\/comments?post=9407"}],"wp:featuredmedia":[{"embeddable":true,"href":"https:\/\/holali.co.uk\/fr\/wp-json\/wp\/v2\/media\/11578"}],"wp:attachment":[{"href":"https:\/\/holali.co.uk\/fr\/wp-json\/wp\/v2\/media?parent=9407"}],"wp:term":[{"taxonomy":"product_brand","embeddable":true,"href":"https:\/\/holali.co.uk\/fr\/wp-json\/wp\/v2\/product_brand?post=9407"},{"taxonomy":"product_cat","embeddable":true,"href":"https:\/\/holali.co.uk\/fr\/wp-json\/wp\/v2\/product_cat?post=9407"},{"taxonomy":"product_tag","embeddable":true,"href":"https:\/\/holali.co.uk\/fr\/wp-json\/wp\/v2\/product_tag?post=9407"}],"curies":[{"name":"wp","href":"https:\/\/api.w.org\/{rel}","templated":true}]}}