{"id":9029,"date":"2022-08-30T20:04:37","date_gmt":"2022-08-30T20:04:37","guid":{"rendered":"https:\/\/holali.local\/product\/oriental-musk-bath-dust-200g\/"},"modified":"2024-10-03T20:53:08","modified_gmt":"2024-10-03T20:53:08","slug":"poussiere-de-bain-orientale-musquee-200g-2","status":"publish","type":"product","link":"https:\/\/holali.co.uk\/fr\/product\/oriental-musk-bath-dust-200g\/","title":{"rendered":"Flocons de Sel de Bain Musc Oriental 200g"},"content":{"rendered":"<h2>Flocons de Sel de Bain Musc Oriental 200g<\/h2>\n<p>La Bath Bomb Flakes est parfaite pour tous ceux qui recherchent des produits de qualit\u00e9 et de nouveaut\u00e9 \u00e0 ajouter \u00e0 leur salle de bains. C'est \u00e9galement un excellent cadeau de Saint-Valentin ou d'anniversaire.<\/p>\n<p>Make your bath time more enjoyable, our bath flakes have the same effect as <a href=\"https:\/\/holali.co.uk\/fr\/product\/angel-delight-bath-bomb\/\">bath bombs<\/a>, the difference is just in a powder form. Just sprinkle as many Bath Flakes as you like into your warm bath!<\/p>\n<p>Choisissez parmi plusieurs parfums ravissants et color\u00e9s, votre peau ne sentira pas seulement bon mais sera \u00e9galement douce, lisse et nourrie.<\/p>\n<p>Chaque poussi\u00e8re de bain est compos\u00e9e d'un m\u00e9lange d'acide citrique et de bicarbonate de sodium pour adoucir l'eau. En outre, elles contiennent toutes du beurre de karit\u00e9 pour rendre la peau douce.<\/p>\n<p>D\u00e9couvrez nos <a href=\"https:\/\/holali.co.uk\/fr\/produits-pour-le-bain\/bombes-de-bain\/bain-fizzer\/?wmc-currency=EUR\"><strong>BOMBES DE BAIN AUX DONUTS<\/strong><\/a><\/p>","protected":false},"excerpt":{"rendered":"<p>Oriental Musk Bath Dust 200g Bath Bomb Flakes is perfect for anyone looking for high-quality and novelty products to add to your bathroom. It is also a great valentines gift or birthday gift. Make your bath time more enjoyable, our bath flakes have the same effect as bath bombs, the difference is just in a&#8230;<\/p>","protected":false},"featured_media":9030,"comment_status":"open","ping_status":"closed","template":"","meta":{"_kad_blocks_custom_css":"","_kad_blocks_head_custom_js":"","_kad_blocks_body_custom_js":"","_kad_blocks_footer_custom_js":"","_kad_post_transparent":"default","_kad_post_title":"","_kad_post_layout":"default","_kad_post_sidebar_id":"","_kad_post_content_style":"default","_kad_post_vertical_padding":"default","_kad_post_feature":"","_kad_post_feature_position":"","_kad_post_header":false,"_kad_post_footer":false,"_kad_post_classname":"","_daim_seo_power":"","_daim_enable_ail":""},"product_brand":[],"product_cat":[614],"product_tag":[],"class_list":{"0":"post-9029","1":"product","2":"type-product","3":"status-publish","4":"has-post-thumbnail","6":"product_cat-bath-flakes","8":"first","9":"instock","10":"taxable","11":"shipping-taxable","12":"purchasable","13":"product-type-simple","14":"entry","15":"content-bg","16":"loop-entry"},"taxonomy_info":{"product_cat":[{"value":614,"label":"Bath Flakes"}]},"featured_image_src_large":["https:\/\/holali.co.uk\/wp-content\/uploads\/2022\/08\/207476-1024x1024.jpeg",1024,1024,true],"author_info":[],"comment_info":0,"_links":{"self":[{"href":"https:\/\/holali.co.uk\/fr\/wp-json\/wp\/v2\/product\/9029","targetHints":{"allow":["GET"]}}],"collection":[{"href":"https:\/\/holali.co.uk\/fr\/wp-json\/wp\/v2\/product"}],"about":[{"href":"https:\/\/holali.co.uk\/fr\/wp-json\/wp\/v2\/types\/product"}],"replies":[{"embeddable":true,"href":"https:\/\/holali.co.uk\/fr\/wp-json\/wp\/v2\/comments?post=9029"}],"wp:featuredmedia":[{"embeddable":true,"href":"https:\/\/holali.co.uk\/fr\/wp-json\/wp\/v2\/media\/9030"}],"wp:attachment":[{"href":"https:\/\/holali.co.uk\/fr\/wp-json\/wp\/v2\/media?parent=9029"}],"wp:term":[{"taxonomy":"product_brand","embeddable":true,"href":"https:\/\/holali.co.uk\/fr\/wp-json\/wp\/v2\/product_brand?post=9029"},{"taxonomy":"product_cat","embeddable":true,"href":"https:\/\/holali.co.uk\/fr\/wp-json\/wp\/v2\/product_cat?post=9029"},{"taxonomy":"product_tag","embeddable":true,"href":"https:\/\/holali.co.uk\/fr\/wp-json\/wp\/v2\/product_tag?post=9029"}],"curies":[{"name":"wp","href":"https:\/\/api.w.org\/{rel}","templated":true}]}}