{"id":8995,"date":"2022-08-30T20:04:28","date_gmt":"2022-08-30T20:04:28","guid":{"rendered":"https:\/\/holali.local\/product\/fragranced-sugar-body-scrub-espresso-martini-300g\/"},"modified":"2025-07-18T17:44:37","modified_gmt":"2025-07-18T17:44:37","slug":"gommage-corporel-sucre-parfume-espresso-martini-300g","status":"publish","type":"product","link":"https:\/\/holali.co.uk\/fr\/product\/fragranced-sugar-body-scrub-espresso-martini-300g\/","title":{"rendered":"Gommage au sucre parfum\u00e9 pour le corps - Espresso Martini 300g"},"content":{"rendered":"<p>Fragranced Sugar Body Scrub &#8211; Espresso Martini<\/p>\n<p><strong>Gommages corporels au sucre cocktail<\/strong> sont l'un des meilleurs produits de beaut\u00e9 naturels pour exfolier la peau. Gr\u00e2ce \u00e0 leurs merveilleux parfums et \u00e0 l'ajout de beurre de karit\u00e9, ils \u00e9veillent les sens et apaisent la peau. Vos clients peuvent les utiliser toute l'ann\u00e9e pour une peau douce et lumineuse.<\/p>\n<p>Cocktail <a href=\"https:\/\/holali.co.uk\/fr\/produit\/gommage-corps-sucre-peche-sangria-300g\/?wmc-currency=EUR\" title=\"Gommage corporel au sucre parfum\u00e9 - Peach Sangria 300g\"  data-wpil-monitor-id=\"183\">Sugar Body Scrubs<\/a> with their creamy texture gently exfoliate aid circulation and remove dead skin cells by scrubbing them away. They will help to remove all impurities and leave the skin feeling renewed and fresh. <a href=\"https:\/\/holali.co.uk\/fr\/produit\/gommage-corporel-sucre-parfume-melon-daquiri-300g-2\/?wmc-currency=EUR\" title=\"Gommage corporel au sucre parfum\u00e9 - Watermelon Daquiri 300g\"  data-wpil-monitor-id=\"184\">Fragranced Sugar Body Scrub<\/a> are the perfect way to indulge in some self-care.<\/p>\n<p>Poids d'environ 300g. Le bocal en verre avec couvercle est <strong>r\u00e9utilisable<\/strong>.<\/p>\n<p><strong>Comment l'utiliser :<\/strong> D\u00e9posez une quantit\u00e9 g\u00e9n\u00e9reuse sur la peau, humide ou s\u00e8che ! Effectuez des mouvements circulaires pour masser la surface de votre peau. Rincez \u00e0 l'eau ti\u00e8de. S\u00e9chez en tapotant et appliquez votre cr\u00e8me hydratante pr\u00e9f\u00e9r\u00e9e. Utilisez une ou deux fois par semaine. Conservez le produit dans un endroit frais et sec.<\/p>\n<p><strong>CARACT\u00c9RISTIQUES : <\/strong><\/p>\n<ul>\n<li>Fait \u00e0 la main<\/li>\n<li><a href=\"https:\/\/holali.co.uk\/fr\/product\/white-pink-soap-bar\/\">Vegan<\/a> Friendly<\/li>\n<li>Sans cruaut\u00e9<\/li>\n<li>Convient \u00e0 tous les types de peau<\/li>\n<li>Fabriqu\u00e9 au Royaume-Uni<\/li>\n<\/ul>","protected":false},"excerpt":{"rendered":"<p>Fragranced Sugar Body Scrub &#8211; Espresso Martini Cocktail Sugar Body Scrubs are one of the best natural beauty products to exfoliate the skin. With wonderful fragrances and the addition of Shea butter, they uplift the senses and soothe the skin. Your customers can use them all year round for soft and bright skin. Cocktail Sugar&#8230;<\/p>","protected":false},"featured_media":8996,"comment_status":"open","ping_status":"closed","template":"","meta":{"_kad_blocks_custom_css":"","_kad_blocks_head_custom_js":"","_kad_blocks_body_custom_js":"","_kad_blocks_footer_custom_js":"","_kad_post_transparent":"default","_kad_post_title":"","_kad_post_layout":"default","_kad_post_sidebar_id":"","_kad_post_content_style":"default","_kad_post_vertical_padding":"default","_kad_post_feature":"","_kad_post_feature_position":"","_kad_post_header":false,"_kad_post_footer":false,"_kad_post_classname":"","_daim_seo_power":"","_daim_enable_ail":""},"product_brand":[],"product_cat":[612,702],"product_tag":[],"class_list":{"0":"post-8995","1":"product","2":"type-product","3":"status-publish","4":"has-post-thumbnail","6":"product_cat-body-scrub","7":"product_cat-vegan-body-scrub","9":"first","10":"instock","11":"taxable","12":"shipping-taxable","13":"purchasable","14":"product-type-simple","15":"entry","16":"content-bg","17":"loop-entry"},"taxonomy_info":{"product_cat":[{"value":612,"label":"Body Scrub"},{"value":702,"label":"Vegan Body Scrub"}]},"featured_image_src_large":["https:\/\/holali.co.uk\/wp-content\/uploads\/2022\/08\/207594.jpeg",700,700,false],"author_info":[],"comment_info":0,"_links":{"self":[{"href":"https:\/\/holali.co.uk\/fr\/wp-json\/wp\/v2\/product\/8995","targetHints":{"allow":["GET"]}}],"collection":[{"href":"https:\/\/holali.co.uk\/fr\/wp-json\/wp\/v2\/product"}],"about":[{"href":"https:\/\/holali.co.uk\/fr\/wp-json\/wp\/v2\/types\/product"}],"replies":[{"embeddable":true,"href":"https:\/\/holali.co.uk\/fr\/wp-json\/wp\/v2\/comments?post=8995"}],"wp:featuredmedia":[{"embeddable":true,"href":"https:\/\/holali.co.uk\/fr\/wp-json\/wp\/v2\/media\/8996"}],"wp:attachment":[{"href":"https:\/\/holali.co.uk\/fr\/wp-json\/wp\/v2\/media?parent=8995"}],"wp:term":[{"taxonomy":"product_brand","embeddable":true,"href":"https:\/\/holali.co.uk\/fr\/wp-json\/wp\/v2\/product_brand?post=8995"},{"taxonomy":"product_cat","embeddable":true,"href":"https:\/\/holali.co.uk\/fr\/wp-json\/wp\/v2\/product_cat?post=8995"},{"taxonomy":"product_tag","embeddable":true,"href":"https:\/\/holali.co.uk\/fr\/wp-json\/wp\/v2\/product_tag?post=8995"}],"curies":[{"name":"wp","href":"https:\/\/api.w.org\/{rel}","templated":true}]}}