{"id":8953,"date":"2022-08-30T20:04:17","date_gmt":"2022-08-30T20:04:17","guid":{"rendered":"https:\/\/holali.local\/product\/pinacolada-fragrance-oil-10ml\/"},"modified":"2024-10-03T20:53:09","modified_gmt":"2024-10-03T20:53:09","slug":"pinacolada-huile-parfumee-10ml","status":"publish","type":"product","link":"https:\/\/holali.co.uk\/fr\/product\/pinacolada-fragrance-oil-10ml\/","title":{"rendered":"Huile de parfum Pinacolada 10ml"},"content":{"rendered":"<p>Pinacolada Fragrance Oil<\/p>\n<p>Votre maison sentira le paradis avec notre huile parfum\u00e9e.<\/p>\n<p>Nos huiles parfum\u00e9es de 10 ml durent longtemps et sont parfaites pour les br\u00fbleurs \u00e0 huile, les pots-pourris parfum\u00e9s et les pierres parfum\u00e9es.<\/p>\n<p>Obtenez-le maintenant !<\/p>","protected":false},"excerpt":{"rendered":"<p>Pinacolada Fragrance Oil Your home will smell like heaven with our fragrance oil. Our Fragrance Oils of 10 ml last for a long period of time and it&#8217;s perfect for oil burners, fragrancing potpourri, and scented stones. Get it Now!<\/p>","protected":false},"featured_media":8954,"comment_status":"open","ping_status":"closed","template":"","meta":{"_kad_blocks_custom_css":"","_kad_blocks_head_custom_js":"","_kad_blocks_body_custom_js":"","_kad_blocks_footer_custom_js":"","_kad_post_transparent":"default","_kad_post_title":"","_kad_post_layout":"default","_kad_post_sidebar_id":"","_kad_post_content_style":"default","_kad_post_vertical_padding":"default","_kad_post_feature":"","_kad_post_feature_position":"","_kad_post_header":false,"_kad_post_footer":false,"_kad_post_classname":"","_daim_seo_power":"","_daim_enable_ail":""},"product_brand":[],"product_cat":[18],"product_tag":[],"class_list":{"0":"post-8953","1":"product","2":"type-product","3":"status-publish","4":"has-post-thumbnail","6":"product_cat-aromatherapy","8":"first","9":"instock","10":"taxable","11":"shipping-taxable","12":"purchasable","13":"product-type-simple","14":"entry","15":"content-bg","16":"loop-entry"},"taxonomy_info":{"product_cat":[{"value":18,"label":"Aromatherapy"}]},"featured_image_src_large":["https:\/\/holali.co.uk\/wp-content\/uploads\/2022\/08\/207381-1024x1024.jpeg",1024,1024,true],"author_info":[],"comment_info":0,"_links":{"self":[{"href":"https:\/\/holali.co.uk\/fr\/wp-json\/wp\/v2\/product\/8953","targetHints":{"allow":["GET"]}}],"collection":[{"href":"https:\/\/holali.co.uk\/fr\/wp-json\/wp\/v2\/product"}],"about":[{"href":"https:\/\/holali.co.uk\/fr\/wp-json\/wp\/v2\/types\/product"}],"replies":[{"embeddable":true,"href":"https:\/\/holali.co.uk\/fr\/wp-json\/wp\/v2\/comments?post=8953"}],"wp:featuredmedia":[{"embeddable":true,"href":"https:\/\/holali.co.uk\/fr\/wp-json\/wp\/v2\/media\/8954"}],"wp:attachment":[{"href":"https:\/\/holali.co.uk\/fr\/wp-json\/wp\/v2\/media?parent=8953"}],"wp:term":[{"taxonomy":"product_brand","embeddable":true,"href":"https:\/\/holali.co.uk\/fr\/wp-json\/wp\/v2\/product_brand?post=8953"},{"taxonomy":"product_cat","embeddable":true,"href":"https:\/\/holali.co.uk\/fr\/wp-json\/wp\/v2\/product_cat?post=8953"},{"taxonomy":"product_tag","embeddable":true,"href":"https:\/\/holali.co.uk\/fr\/wp-json\/wp\/v2\/product_tag?post=8953"}],"curies":[{"name":"wp","href":"https:\/\/api.w.org\/{rel}","templated":true}]}}