{"id":8755,"date":"2022-08-30T20:03:28","date_gmt":"2022-08-30T20:03:28","guid":{"rendered":"https:\/\/holali.local\/product\/soap-flower-gift-bouquet-14-cream-roses-round\/"},"modified":"2025-07-17T21:43:29","modified_gmt":"2025-07-17T21:43:29","slug":"14-savon-blanc-roses-pour-les-addicts-de-savon","status":"publish","type":"product","link":"https:\/\/holali.co.uk\/fr\/product\/14-white-soap-roses-for-addicted-to-soaps\/","title":{"rendered":"14 roses de savon blanches pour Addicted to Soaps"},"content":{"rendered":"<h2 dir=\"auto\" data-pm-slice=\"1 1 []\">14 roses de savon blanches pour Addicted to Soaps<\/h2>\n<p dir=\"auto\" data-pm-slice=\"1 1 []\">Tout ce que vous devez savoir sur les 14 roses de savon blanches se trouve \u00e0 l'int\u00e9rieur de ces 14 savons blancs. Toutes les roses de savon sont fabriqu\u00e9es \u00e0 partir d'ingr\u00e9dients de la plus haute qualit\u00e9, et les fleurs ont de belles couleurs vives et fortes et des parfums, et rappellent les roses blanches, mais sentent le savon.<\/p>\n<p dir=\"auto\" data-pm-slice=\"1 1 []\">Le bouquet de savon est un excellent accessoire pour un couloir. Il durera plus longtemps que les fleurs elles-m\u00eames.<\/p>\n<h5><span style=\"color: #4b5058;\">COMMENT L'UTILISER ?<\/span><\/h5>\n<p dir=\"auto\" data-pm-slice=\"1 1 []\">Il suffit d'ajouter des p\u00e9tales de rose dans un bain chaud, de se d\u00e9tendre et de regarder les fleurs se dissoudre.<\/p>\n<p><strong><span style=\"color: #4b5058;\">CARACT\u00c9RISTIQUES : <\/span><\/strong><\/p>\n<ul>\n<li dir=\"auto\" data-pm-slice=\"1 1 []\">Le site <a href=\"https:\/\/holali.co.uk\/fr\/produit\/coffret-cadeau-savons-5-pieces\/?wmc-currency=EUR\" title=\"Bo\u00eete cadeau en savon 5 pi\u00e8ces - La solution pour votre prochaine occasion\"  data-wpil-monitor-id=\"3\">gift box contains 14 pieces of soap<\/a> roses which are beautifully arranged.<\/li>\n<li dir=\"auto\" data-pm-slice=\"1 1 []\">le poids est de 0,4Kg<\/li>\n<\/ul>\n<p dir=\"auto\" data-pm-slice=\"1 1 []\">Are you looking for a <a href=\"https:\/\/holali.co.uk\/fr\/produit\/13-savon-blanc-roses-pour-une-maison-parfaitement-soignee\/?wmc-currency=EUR\" title=\"13 roses de savon blanches pour une maison parfaitement jolie\" target=\"_blank\" rel=\"noopener\"  data-wpil-monitor-id=\"1276\">unique gift idea<\/a>? <a href=\"https:\/\/holali.co.uk\/fr\/idees-cadeaux\/coffrets-savons\/valentine-soap-gifts\/?wmc-currency=EUR\">CLIQUEZ ICI<\/a><\/p>","protected":false},"excerpt":{"rendered":"<p>14 White Soap Roses for Addicted to Soaps All you need to know about 14 White Soap Roses is inside these 14 white soaps. All the soap roses are made of the finest quality ingredients, and the flowers have beautiful strong vibrant colors and scents, and are reminiscent of white roses, but smell like soap&#8230;.<\/p>","protected":false},"featured_media":11475,"comment_status":"open","ping_status":"closed","template":"","meta":{"_kad_blocks_custom_css":"","_kad_blocks_head_custom_js":"","_kad_blocks_body_custom_js":"","_kad_blocks_footer_custom_js":"","_kad_post_transparent":"default","_kad_post_title":"","_kad_post_layout":"default","_kad_post_sidebar_id":"","_kad_post_content_style":"default","_kad_post_vertical_padding":"default","_kad_post_feature":"","_kad_post_feature_position":"","_kad_post_header":false,"_kad_post_footer":false,"_kad_post_classname":"","_daim_seo_power":"","_daim_enable_ail":""},"product_brand":[],"product_cat":[651],"product_tag":[],"class_list":{"0":"post-8755","1":"product","2":"type-product","3":"status-publish","4":"has-post-thumbnail","6":"product_cat-soap-gift-box","8":"first","9":"instock","10":"taxable","11":"shipping-taxable","12":"purchasable","13":"product-type-simple","14":"entry","15":"content-bg","16":"loop-entry"},"taxonomy_info":{"product_cat":[{"value":651,"label":"Soap Gift Box"}]},"featured_image_src_large":["https:\/\/holali.co.uk\/wp-content\/uploads\/2022\/08\/14-White-Soap-Roses-1024x1024.jpeg",1024,1024,true],"author_info":[],"comment_info":0,"_links":{"self":[{"href":"https:\/\/holali.co.uk\/fr\/wp-json\/wp\/v2\/product\/8755","targetHints":{"allow":["GET"]}}],"collection":[{"href":"https:\/\/holali.co.uk\/fr\/wp-json\/wp\/v2\/product"}],"about":[{"href":"https:\/\/holali.co.uk\/fr\/wp-json\/wp\/v2\/types\/product"}],"replies":[{"embeddable":true,"href":"https:\/\/holali.co.uk\/fr\/wp-json\/wp\/v2\/comments?post=8755"}],"wp:featuredmedia":[{"embeddable":true,"href":"https:\/\/holali.co.uk\/fr\/wp-json\/wp\/v2\/media\/11475"}],"wp:attachment":[{"href":"https:\/\/holali.co.uk\/fr\/wp-json\/wp\/v2\/media?parent=8755"}],"wp:term":[{"taxonomy":"product_brand","embeddable":true,"href":"https:\/\/holali.co.uk\/fr\/wp-json\/wp\/v2\/product_brand?post=8755"},{"taxonomy":"product_cat","embeddable":true,"href":"https:\/\/holali.co.uk\/fr\/wp-json\/wp\/v2\/product_cat?post=8755"},{"taxonomy":"product_tag","embeddable":true,"href":"https:\/\/holali.co.uk\/fr\/wp-json\/wp\/v2\/product_tag?post=8755"}],"curies":[{"name":"wp","href":"https:\/\/api.w.org\/{rel}","templated":true}]}}