{"id":8753,"date":"2022-08-30T20:03:27","date_gmt":"2022-08-30T20:03:27","guid":{"rendered":"https:\/\/holali.local\/product\/soap-flower-gift-bouquet-13-cream-roses-heart\/"},"modified":"2025-07-17T21:43:30","modified_gmt":"2025-07-17T21:43:30","slug":"13-savon-blanc-roses-pour-une-maison-parfaitement-soignee","status":"publish","type":"product","link":"https:\/\/holali.co.uk\/fr\/product\/white-soap-roses-for-a-perfectly-pretty-home\/","title":{"rendered":"13 roses de savon blanches pour une maison parfaitement jolie"},"content":{"rendered":"<h2 dir=\"auto\" data-pm-slice=\"1 1 []\">13 roses de savon blanches pour une maison parfaitement jolie<\/h2>\n<p dir=\"auto\" data-pm-slice=\"1 1 []\">13 White Soap Roses est un beau savon fait d'huiles v\u00e9g\u00e9tales naturelles. Il est id\u00e9al pour les mains, le corps et le bain. C'est un cadeau g\u00e9nial qu'un ami ou un parent sera plus qu'heureux de recevoir.<\/p>\n<p>Le bouquet de savon est un excellent accessoire pour un couloir. Il durera plus longtemps que les fleurs elles-m\u00eames.<\/p>\n<h5><span style=\"color: #4b5058;\">COMMENT L'UTILISER ?<\/span><\/h5>\n<p>Il suffit d'ajouter des p\u00e9tales de rose dans un bain chaud, de se d\u00e9tendre et de regarder les fleurs se dissoudre.<\/p>\n<p><strong><span style=\"color: #4b5058;\">CARACT\u00c9RISTIQUES : <\/span><\/strong><\/p>\n<ul>\n<li dir=\"auto\" data-pm-slice=\"1 1 []\">Le site <a href=\"https:\/\/holali.co.uk\/fr\/produit\/coffret-cadeau-savons-5-pieces\/?wmc-currency=EUR\" title=\"Bo\u00eete cadeau en savon 5 pi\u00e8ces - La solution pour votre prochaine occasion\"  data-wpil-monitor-id=\"9\">gift box contains 13 pieces of soap<\/a> roses which are beautifully arranged.<\/li>\n<li dir=\"auto\" data-pm-slice=\"1 1 []\">le poids est de 0,37Kg<\/li>\n<\/ul>\n<p>Are you looking for a <a href=\"https:\/\/holali.co.uk\/fr\/produit\/huile-de-massage-santal-glow-100ml\/?wmc-currency=EUR\" title=\"Huile de massage \u00e9clatante au bois de santal - 100ml\" target=\"_blank\" rel=\"noopener\"  data-wpil-monitor-id=\"1487\">unique gift idea<\/a>? <a href=\"https:\/\/holali.co.uk\/fr\/idees-cadeaux\/coffrets-savons\/valentine-soap-gifts\/?wmc-currency=EUR\">CLIQUEZ ICI<\/a><\/p>","protected":false},"excerpt":{"rendered":"<p>13 White Soap Roses for a Perfectly Pretty Home 13 White Soap Roses is a beautiful soap made of natural plant oils. It&#8217;s great for the hand, body, and bath. This is an awesome gift that a friend or relative would be more than happy to receive it. The soap bouquet is an excellent accessory&#8230;<\/p>","protected":false},"featured_media":11465,"comment_status":"open","ping_status":"closed","template":"","meta":{"_kad_blocks_custom_css":"","_kad_blocks_head_custom_js":"","_kad_blocks_body_custom_js":"","_kad_blocks_footer_custom_js":"","_kad_post_transparent":"default","_kad_post_title":"","_kad_post_layout":"default","_kad_post_sidebar_id":"","_kad_post_content_style":"default","_kad_post_vertical_padding":"default","_kad_post_feature":"","_kad_post_feature_position":"","_kad_post_header":false,"_kad_post_footer":false,"_kad_post_classname":"","_daim_seo_power":"","_daim_enable_ail":""},"product_brand":[],"product_cat":[651],"product_tag":[],"class_list":{"0":"post-8753","1":"product","2":"type-product","3":"status-publish","4":"has-post-thumbnail","6":"product_cat-soap-gift-box","8":"first","9":"instock","10":"taxable","11":"shipping-taxable","12":"purchasable","13":"product-type-simple","14":"entry","15":"content-bg","16":"loop-entry"},"taxonomy_info":{"product_cat":[{"value":651,"label":"Soap Gift Box"}]},"featured_image_src_large":["https:\/\/holali.co.uk\/wp-content\/uploads\/2022\/08\/13-White-Soap-Roses-1024x1024.jpeg",1024,1024,true],"author_info":[],"comment_info":0,"_links":{"self":[{"href":"https:\/\/holali.co.uk\/fr\/wp-json\/wp\/v2\/product\/8753","targetHints":{"allow":["GET"]}}],"collection":[{"href":"https:\/\/holali.co.uk\/fr\/wp-json\/wp\/v2\/product"}],"about":[{"href":"https:\/\/holali.co.uk\/fr\/wp-json\/wp\/v2\/types\/product"}],"replies":[{"embeddable":true,"href":"https:\/\/holali.co.uk\/fr\/wp-json\/wp\/v2\/comments?post=8753"}],"wp:featuredmedia":[{"embeddable":true,"href":"https:\/\/holali.co.uk\/fr\/wp-json\/wp\/v2\/media\/11465"}],"wp:attachment":[{"href":"https:\/\/holali.co.uk\/fr\/wp-json\/wp\/v2\/media?parent=8753"}],"wp:term":[{"taxonomy":"product_brand","embeddable":true,"href":"https:\/\/holali.co.uk\/fr\/wp-json\/wp\/v2\/product_brand?post=8753"},{"taxonomy":"product_cat","embeddable":true,"href":"https:\/\/holali.co.uk\/fr\/wp-json\/wp\/v2\/product_cat?post=8753"},{"taxonomy":"product_tag","embeddable":true,"href":"https:\/\/holali.co.uk\/fr\/wp-json\/wp\/v2\/product_tag?post=8753"}],"curies":[{"name":"wp","href":"https:\/\/api.w.org\/{rel}","templated":true}]}}