{"id":8743,"date":"2022-08-30T20:03:25","date_gmt":"2022-08-30T20:03:25","guid":{"rendered":"https:\/\/holali.local\/product\/soap-flower-gift-bouquet-14-red-roses-round\/"},"modified":"2025-11-08T20:49:07","modified_gmt":"2025-11-08T20:49:07","slug":"14-roses-rouges-au-savon-la-facon-parfaite-de-montrer-son-amour","status":"publish","type":"product","link":"https:\/\/holali.co.uk\/fr\/product\/14-red-soap-roses\/","title":{"rendered":"14 Roses rouges en savon : La fa\u00e7on id\u00e9ale de montrer votre amour"},"content":{"rendered":"<h2>14 Roses rouges en savon : La fa\u00e7on id\u00e9ale de montrer votre amour<\/h2>\n<p>Vous cherchez un cadeau unique ? Pourquoi ne pas offrir \u00e0 vos proches 14 roses rouges savonneuses ?<\/p>\n<p>Ces magnifiques fleurs sont emball\u00e9es dans une bo\u00eete cadeau carr\u00e9e, ce qui en fait l'ajout parfait \u00e0 toute liste de destinataires de cadeaux. Que vous l'offriez comme un cadeau sp\u00e9cial ou que vous souhaitiez simplement ajouter un peu de style \u00e0 votre salle de bains, ces roses feront un ajout incroyable.<\/p>\n<p>Le bouquet de savon est un excellent accessoire pour un couloir. Il durera plus longtemps que les fleurs elles-m\u00eames.<\/p>\n<h5><span style=\"color: #4b5058;\">COMMENT L'UTILISER ?<\/span><\/h5>\n<p><span style=\"color: #4b5058;\">Il suffit d'ajouter des p\u00e9tales de rose dans un bain chaud, de se d\u00e9tendre et de regarder les fleurs se dissoudre. <\/span><\/p>\n<p><strong><span style=\"color: #4b5058;\">CARACT\u00c9RISTIQUES : <\/span><\/strong><\/p>\n<ul>\n<li dir=\"auto\" data-pm-slice=\"1 1 []\">Le site <a href=\"https:\/\/holali.co.uk\/fr\/produit\/bouquet-dorange-moyen-dans-une-corbeille-en-osier\/?wmc-currency=EUR\" title=\"Meilleure id\u00e9e de cadeau : Bo\u00eete \u00e0 fleurs en savon orange\"  data-wpil-monitor-id=\"454\">gift box contains 14 pieces of soap<\/a> roses which are beautifully arranged.<\/li>\n<li dir=\"auto\" data-pm-slice=\"1 1 []\">le poids est de 0,4Kg<\/li>\n<\/ul>\n<p>Are you looking for a <a href=\"https:\/\/holali.co.uk\/fr\/produit\/set-de-24-fleurs-de-savon-boite-de-coeur-roses-bleues-2\/?wmc-currency=EUR\" title=\"Bouquet de 24 roses de savon bleues\" target=\"_blank\" rel=\"noopener\"  data-wpil-monitor-id=\"1652\">unique gift idea<\/a>? <a href=\"https:\/\/holali.co.uk\/fr\/idees-cadeaux\/coffrets-savons\/valentine-soap-gifts\/?wmc-currency=EUR\">CLIQUEZ ICI<\/a><\/p>","protected":false},"excerpt":{"rendered":"<p>14 Red Soap Roses: The Perfect Way To Show Your Love Looking for a unique gift? Why not give your loved ones 14 red soap roses? These beautiful flowers are packaged in a square gift box, making them the perfect addition to any gift recipient list. Whether you&#8217;re giving it as a special present or&#8230;<\/p>","protected":false},"featured_media":11470,"comment_status":"open","ping_status":"closed","template":"","meta":{"_kad_blocks_custom_css":"","_kad_blocks_head_custom_js":"","_kad_blocks_body_custom_js":"","_kad_blocks_footer_custom_js":"","_kad_post_transparent":"default","_kad_post_title":"","_kad_post_layout":"default","_kad_post_sidebar_id":"","_kad_post_content_style":"default","_kad_post_vertical_padding":"default","_kad_post_feature":"","_kad_post_feature_position":"","_kad_post_header":false,"_kad_post_footer":false,"_kad_post_classname":"","_daim_seo_power":"","_daim_enable_ail":""},"product_brand":[],"product_cat":[651],"product_tag":[],"class_list":{"0":"post-8743","1":"product","2":"type-product","3":"status-publish","4":"has-post-thumbnail","6":"product_cat-soap-gift-box","8":"first","9":"instock","10":"taxable","11":"shipping-taxable","12":"purchasable","13":"product-type-simple","14":"entry","15":"content-bg","16":"loop-entry"},"taxonomy_info":{"product_cat":[{"value":651,"label":"Soap Gift Box"}]},"featured_image_src_large":["https:\/\/holali.co.uk\/wp-content\/uploads\/2022\/08\/14-Red-Soap-Roses-1024x1024.jpeg",1024,1024,true],"author_info":[],"comment_info":0,"_links":{"self":[{"href":"https:\/\/holali.co.uk\/fr\/wp-json\/wp\/v2\/product\/8743","targetHints":{"allow":["GET"]}}],"collection":[{"href":"https:\/\/holali.co.uk\/fr\/wp-json\/wp\/v2\/product"}],"about":[{"href":"https:\/\/holali.co.uk\/fr\/wp-json\/wp\/v2\/types\/product"}],"replies":[{"embeddable":true,"href":"https:\/\/holali.co.uk\/fr\/wp-json\/wp\/v2\/comments?post=8743"}],"wp:featuredmedia":[{"embeddable":true,"href":"https:\/\/holali.co.uk\/fr\/wp-json\/wp\/v2\/media\/11470"}],"wp:attachment":[{"href":"https:\/\/holali.co.uk\/fr\/wp-json\/wp\/v2\/media?parent=8743"}],"wp:term":[{"taxonomy":"product_brand","embeddable":true,"href":"https:\/\/holali.co.uk\/fr\/wp-json\/wp\/v2\/product_brand?post=8743"},{"taxonomy":"product_cat","embeddable":true,"href":"https:\/\/holali.co.uk\/fr\/wp-json\/wp\/v2\/product_cat?post=8743"},{"taxonomy":"product_tag","embeddable":true,"href":"https:\/\/holali.co.uk\/fr\/wp-json\/wp\/v2\/product_tag?post=8743"}],"curies":[{"name":"wp","href":"https:\/\/api.w.org\/{rel}","templated":true}]}}