{"id":8741,"date":"2022-08-30T20:03:24","date_gmt":"2022-08-30T20:03:24","guid":{"rendered":"https:\/\/holali.local\/product\/soap-flower-gift-bouquet-13-red-roses-heart\/"},"modified":"2025-07-18T22:09:52","modified_gmt":"2025-07-18T22:09:52","slug":"salle-de-bain-decor-13-rouge-savon-roses","status":"publish","type":"product","link":"https:\/\/holali.co.uk\/fr\/product\/bathroom-decor-13-red-soap-roses\/","title":{"rendered":"D\u00e9coration de salle de bains : 13 roses de savon rouges"},"content":{"rendered":"<h2>D\u00e9coration de salle de bains : 13 roses de savon rouges<\/h2>\n<p>13 Red Soap Roses est un ensemble de magnifiques roses en savon. Ces roses sont parfaites pour ajouter une touche de beaut\u00e9 \u00e0 n'importe quel endroit de votre maison. Elles sont \u00e9galement parfaites pour vous offrir un cadeau de Saint-Valentin.<\/p>\n<p>Le bouquet de savon est un excellent accessoire pour un couloir. Il durera plus longtemps que les fleurs elles-m\u00eames.<\/p>\n<h5><span style=\"color: #4b5058;\">COMMENT L'UTILISER ?<\/span><\/h5>\n<p><span style=\"color: #4b5058;\">Il suffit d'ajouter des p\u00e9tales de rose dans un bain chaud, de se d\u00e9tendre et de regarder les fleurs se dissoudre. <\/span><\/p>\n<p><strong><span style=\"color: #4b5058;\">CARACT\u00c9RISTIQUES : <\/span><\/strong><\/p>\n<ul>\n<li dir=\"auto\" data-pm-slice=\"1 1 []\">Le site <a href=\"https:\/\/holali.co.uk\/fr\/produit\/bouquet-dorange-moyen-dans-une-corbeille-en-osier\/?wmc-currency=EUR\" title=\"Meilleure id\u00e9e de cadeau : Bo\u00eete \u00e0 fleurs en savon orange\"  data-wpil-monitor-id=\"470\">gift box contains 13 pieces of soap<\/a> roses which are beautifully arranged.<\/li>\n<li dir=\"auto\" data-pm-slice=\"1 1 []\">le poids est de 0,37Kg<\/li>\n<\/ul>\n<p>Vous \u00eates \u00e0 la recherche d'une id\u00e9e de cadeau unique ? <a href=\"https:\/\/holali.co.uk\/fr\/idees-cadeaux\/coffrets-savons\/valentine-soap-gifts\/?wmc-currency=EUR\">CLIQUEZ ICI<\/a><\/p>","protected":false},"excerpt":{"rendered":"<p>Bathroom Decor: 13 Red Soap Roses 13 Red Soap Roses is a set of beautiful soap roses. These Roses are perfect for adding a touch of beauty to any area of your home. They are also great for giving you a Valentine&#8217;s Day gift. The soap bouquet is an excellent accessory for a hallway. It&#8230;<\/p>","protected":false},"featured_media":11515,"comment_status":"open","ping_status":"closed","template":"","meta":{"_kad_blocks_custom_css":"","_kad_blocks_head_custom_js":"","_kad_blocks_body_custom_js":"","_kad_blocks_footer_custom_js":"","_kad_post_transparent":"default","_kad_post_title":"","_kad_post_layout":"default","_kad_post_sidebar_id":"","_kad_post_content_style":"default","_kad_post_vertical_padding":"default","_kad_post_feature":"","_kad_post_feature_position":"","_kad_post_header":false,"_kad_post_footer":false,"_kad_post_classname":"","_daim_seo_power":"","_daim_enable_ail":""},"product_brand":[],"product_cat":[651],"product_tag":[],"class_list":{"0":"post-8741","1":"product","2":"type-product","3":"status-publish","4":"has-post-thumbnail","6":"product_cat-soap-gift-box","8":"first","9":"instock","10":"taxable","11":"shipping-taxable","12":"purchasable","13":"product-type-simple","14":"entry","15":"content-bg","16":"loop-entry"},"taxonomy_info":{"product_cat":[{"value":651,"label":"Soap Gift Box"}]},"featured_image_src_large":["https:\/\/holali.co.uk\/wp-content\/uploads\/2022\/08\/13-Red-Soap-Roses-1024x1024.jpeg",1024,1024,true],"author_info":[],"comment_info":0,"_links":{"self":[{"href":"https:\/\/holali.co.uk\/fr\/wp-json\/wp\/v2\/product\/8741","targetHints":{"allow":["GET"]}}],"collection":[{"href":"https:\/\/holali.co.uk\/fr\/wp-json\/wp\/v2\/product"}],"about":[{"href":"https:\/\/holali.co.uk\/fr\/wp-json\/wp\/v2\/types\/product"}],"replies":[{"embeddable":true,"href":"https:\/\/holali.co.uk\/fr\/wp-json\/wp\/v2\/comments?post=8741"}],"wp:featuredmedia":[{"embeddable":true,"href":"https:\/\/holali.co.uk\/fr\/wp-json\/wp\/v2\/media\/11515"}],"wp:attachment":[{"href":"https:\/\/holali.co.uk\/fr\/wp-json\/wp\/v2\/media?parent=8741"}],"wp:term":[{"taxonomy":"product_brand","embeddable":true,"href":"https:\/\/holali.co.uk\/fr\/wp-json\/wp\/v2\/product_brand?post=8741"},{"taxonomy":"product_cat","embeddable":true,"href":"https:\/\/holali.co.uk\/fr\/wp-json\/wp\/v2\/product_cat?post=8741"},{"taxonomy":"product_tag","embeddable":true,"href":"https:\/\/holali.co.uk\/fr\/wp-json\/wp\/v2\/product_tag?post=8741"}],"curies":[{"name":"wp","href":"https:\/\/api.w.org\/{rel}","templated":true}]}}