{"id":8632,"date":"2022-08-30T20:02:46","date_gmt":"2022-08-30T20:02:46","guid":{"rendered":"https:\/\/holali.local\/product\/raspberry-pomegranate-lotion-300ml\/"},"modified":"2024-10-03T20:53:10","modified_gmt":"2024-10-03T20:53:10","slug":"framboise-grenade-lotion-300ml-2","status":"publish","type":"product","link":"https:\/\/holali.co.uk\/fr\/product\/raspberry-and-pomegranate-lotion-300ml\/","title":{"rendered":"Lotion Framboise &amp; Grenade 300ml"},"content":{"rendered":"<p><strong>Fragranced Hand &amp; Body Lotions &#8211; Raspberry and Pomegranate Lotion 300ml<\/strong> sont parfaits pour un usage quotidien. Si vos clients aiment les parfums exaltants et les prix abordables, vous devez absolument envisager de commander ces produits.<\/p>\n<p>Con\u00e7us pour garder la peau naturellement lisse, ils laisseront vos mains et votre corps parfaitement nourris, prot\u00e9g\u00e9s et d\u00e9licatement parfum\u00e9s. Choisissez parmi six parfums \u00e9tonnants, votre client appr\u00e9ciera le fait qu'ils sont tous exempts de parab\u00e8nes, de sulfates et d'autres produits chimiques.<\/p>\n<p>Vous pouvez \u00e9galement aimer notre <span style=\"color: #000000;\">Brumes toniques pour le visage<\/span>. Offer them these lotions to create an ideal <a href=\"https:\/\/holali.co.uk\/fr\/produit\/lotion-mure-amande-300ml-2\/?wmc-currency=EUR\" title=\"Lotion M\u00fbre et Amande 300ml\" target=\"_blank\" rel=\"noopener\"  data-wpil-monitor-id=\"1353\">optional gift set<\/a>.<\/p>\n<p><em>* Made in UK * <a href=\"https:\/\/holali.co.uk\/fr\/product\/white-pink-soap-bar\/\">Vegan<\/a> * Sustainable Materials * No Animal Testing *<\/em><\/p>","protected":false},"excerpt":{"rendered":"<p>Fragranced Hand &amp; Body Lotions &#8211; Raspberry and Pomegranate Lotion 300ml are perfect for daily use. If your customers like uplifting fragrances and affordable prices, you should definitely consider ordering these. Designed to keep skin naturally smooth, they will leave your hands and body feeling perfectly nourished, protected, and softly scented. Choose from six amazing&#8230;<\/p>","protected":false},"featured_media":8633,"comment_status":"open","ping_status":"closed","template":"","meta":{"_kad_blocks_custom_css":"","_kad_blocks_head_custom_js":"","_kad_blocks_body_custom_js":"","_kad_blocks_footer_custom_js":"","_kad_post_transparent":"default","_kad_post_title":"","_kad_post_layout":"default","_kad_post_sidebar_id":"","_kad_post_content_style":"default","_kad_post_vertical_padding":"default","_kad_post_feature":"","_kad_post_feature_position":"","_kad_post_header":false,"_kad_post_footer":false,"_kad_post_classname":"","_daim_seo_power":"","_daim_enable_ail":""},"product_brand":[],"product_cat":[576,691],"product_tag":[],"class_list":{"0":"post-8632","1":"product","2":"type-product","3":"status-publish","4":"has-post-thumbnail","6":"product_cat-hand-and-body-lotions","7":"product_cat-vegan-hand-body-lotions","9":"first","10":"instock","11":"taxable","12":"shipping-taxable","13":"purchasable","14":"product-type-simple","15":"entry","16":"content-bg","17":"loop-entry"},"taxonomy_info":{"product_cat":[{"value":576,"label":"Hand and Body Lotions"},{"value":691,"label":"Vegan Hand &amp; Body Lotions"}]},"featured_image_src_large":["https:\/\/holali.co.uk\/wp-content\/uploads\/2022\/08\/205451-1024x1024.jpeg",1024,1024,true],"author_info":[],"comment_info":0,"_links":{"self":[{"href":"https:\/\/holali.co.uk\/fr\/wp-json\/wp\/v2\/product\/8632","targetHints":{"allow":["GET"]}}],"collection":[{"href":"https:\/\/holali.co.uk\/fr\/wp-json\/wp\/v2\/product"}],"about":[{"href":"https:\/\/holali.co.uk\/fr\/wp-json\/wp\/v2\/types\/product"}],"replies":[{"embeddable":true,"href":"https:\/\/holali.co.uk\/fr\/wp-json\/wp\/v2\/comments?post=8632"}],"wp:featuredmedia":[{"embeddable":true,"href":"https:\/\/holali.co.uk\/fr\/wp-json\/wp\/v2\/media\/8633"}],"wp:attachment":[{"href":"https:\/\/holali.co.uk\/fr\/wp-json\/wp\/v2\/media?parent=8632"}],"wp:term":[{"taxonomy":"product_brand","embeddable":true,"href":"https:\/\/holali.co.uk\/fr\/wp-json\/wp\/v2\/product_brand?post=8632"},{"taxonomy":"product_cat","embeddable":true,"href":"https:\/\/holali.co.uk\/fr\/wp-json\/wp\/v2\/product_cat?post=8632"},{"taxonomy":"product_tag","embeddable":true,"href":"https:\/\/holali.co.uk\/fr\/wp-json\/wp\/v2\/product_tag?post=8632"}],"curies":[{"name":"wp","href":"https:\/\/api.w.org\/{rel}","templated":true}]}}