{"id":8620,"date":"2022-08-30T20:02:43","date_gmt":"2022-08-30T20:02:43","guid":{"rendered":"https:\/\/holali.local\/product\/fruity-scrub-soap-on-a-rope-coconut\/"},"modified":"2024-10-03T20:53:11","modified_gmt":"2024-10-03T20:53:11","slug":"savon-a-la-noix-de-coco-sur-une-corde","status":"publish","type":"product","link":"https:\/\/holali.co.uk\/fr\/product\/coconut-soap-on-a-rope\/","title":{"rendered":"Savon \u00e0 la noix de coco sur une corde"},"content":{"rendered":"<h2 dir=\"auto\" data-pm-slice=\"1 1 []\">Savon \u00e0 la noix de coco sur une corde : hydratant et naturel<\/h2>\n<p dir=\"auto\" data-pm-slice=\"1 1 []\">This is not your regular soap. Our Coconut Soap is moisturizing and smells like the tropics, but it can also scrub away tough dirt or germs from your skin.<\/p>\n<p dir=\"auto\" data-pm-slice=\"1 1 []\">It&#8217;s a double-duty soap that cleans and moisturizes&#8211;so you can get clean while feeling good! With Coconut <a href=\"https:\/\/holali.co.uk\/fr\/produit\/windermere-vegan-soap-on-a-rope\/?wmc-currency=EUR\" title=\"Windermere Vegan Soap On A Rope (Savon v\u00e9g\u00e9tal sur corde)\"  data-wpil-monitor-id=\"827\">Soap on a Rope<\/a>, enjoy the convenience of having your soap always within reach, making your shower routine even more luxurious. Experience the natural hydration and refreshing scent that only <a href=\"https:\/\/holali.co.uk\/fr\/produit\/le-savon-dewberry-fournit-un-nettoyage-rafraichissant\/?wmc-currency=EUR\" title=\"Le savon \u00e0 la ros\u00e9e offre un nettoyage rafra\u00eechissant.\"  data-wpil-monitor-id=\"536\">Coconut Soap<\/a> can provide, transforming your daily wash into a tropical escape.<\/p>","protected":false},"excerpt":{"rendered":"<p>Coconut Soap on a Rope: Hydrating and Natural This is not your regular soap. Our Coconut Soap is moisturizing and smells like the tropics, but it can also scrub away tough dirt or germs from your skin. It&#8217;s a double-duty soap that cleans and moisturizes&#8211;so you can get clean while feeling good! With Coconut Soap&#8230;<\/p>","protected":false},"featured_media":11537,"comment_status":"open","ping_status":"closed","template":"","meta":{"_kad_blocks_custom_css":"","_kad_blocks_head_custom_js":"","_kad_blocks_body_custom_js":"","_kad_blocks_footer_custom_js":"","_kad_post_transparent":"default","_kad_post_title":"","_kad_post_layout":"default","_kad_post_sidebar_id":"","_kad_post_content_style":"default","_kad_post_vertical_padding":"default","_kad_post_feature":"","_kad_post_feature_position":"","_kad_post_header":false,"_kad_post_footer":false,"_kad_post_classname":"","_daim_seo_power":"","_daim_enable_ail":""},"product_brand":[],"product_cat":[597,712],"product_tag":[],"class_list":{"0":"post-8620","1":"product","2":"type-product","3":"status-publish","4":"has-post-thumbnail","6":"product_cat-soap-on-a-rope","7":"product_cat-vegan-soap-on-a-rope","9":"first","10":"instock","11":"taxable","12":"shipping-taxable","13":"purchasable","14":"product-type-simple","15":"entry","16":"content-bg","17":"loop-entry"},"taxonomy_info":{"product_cat":[{"value":597,"label":"Soap On A Rope"},{"value":712,"label":"Vegan Soap On A Rope"}]},"featured_image_src_large":["https:\/\/holali.co.uk\/wp-content\/uploads\/2022\/08\/fruity-scrub-coconut-2-1024x1024.jpeg",1024,1024,true],"author_info":[],"comment_info":0,"_links":{"self":[{"href":"https:\/\/holali.co.uk\/fr\/wp-json\/wp\/v2\/product\/8620","targetHints":{"allow":["GET"]}}],"collection":[{"href":"https:\/\/holali.co.uk\/fr\/wp-json\/wp\/v2\/product"}],"about":[{"href":"https:\/\/holali.co.uk\/fr\/wp-json\/wp\/v2\/types\/product"}],"replies":[{"embeddable":true,"href":"https:\/\/holali.co.uk\/fr\/wp-json\/wp\/v2\/comments?post=8620"}],"wp:featuredmedia":[{"embeddable":true,"href":"https:\/\/holali.co.uk\/fr\/wp-json\/wp\/v2\/media\/11537"}],"wp:attachment":[{"href":"https:\/\/holali.co.uk\/fr\/wp-json\/wp\/v2\/media?parent=8620"}],"wp:term":[{"taxonomy":"product_brand","embeddable":true,"href":"https:\/\/holali.co.uk\/fr\/wp-json\/wp\/v2\/product_brand?post=8620"},{"taxonomy":"product_cat","embeddable":true,"href":"https:\/\/holali.co.uk\/fr\/wp-json\/wp\/v2\/product_cat?post=8620"},{"taxonomy":"product_tag","embeddable":true,"href":"https:\/\/holali.co.uk\/fr\/wp-json\/wp\/v2\/product_tag?post=8620"}],"curies":[{"name":"wp","href":"https:\/\/api.w.org\/{rel}","templated":true}]}}