{"id":8616,"date":"2022-08-30T20:02:42","date_gmt":"2022-08-30T20:02:42","guid":{"rendered":"https:\/\/holali.local\/product\/fruity-scrub-soap-on-a-rope-raspberry-pomegranate\/"},"modified":"2025-07-19T08:21:23","modified_gmt":"2025-07-19T08:21:23","slug":"framboise-grenade-savon-sur-une-corde","status":"publish","type":"product","link":"https:\/\/holali.co.uk\/fr\/product\/raspberry-and-pomegranate-soap-on-a-rope\/","title":{"rendered":"Savon \u00e0 la corde framboise et grenade"},"content":{"rendered":"<h2 dir=\"auto\" data-pm-slice=\"1 1 []\">100% Savon sur corde naturel framboise et grenade<\/h2>\n<p>Alors que vous pensiez que nous ne pouvions pas faire plus mignon, nous avons ajout\u00e9 le savon sur une corde. Notre nouveau savon \u00e0 la corde Framboise et Grenade est le compl\u00e9ment parfait de votre douche ou bain du matin.<\/p>\n<p>Made with a blend of raspberry and pomegranate, it provides a soothing, fragrant lather that leaves your skin feeling clean and smooth. The natural ingredients ensure a gentle cleanse, making it suitable for all skin types.<\/p>\n<p>Free from harsh chemicals, the <a href=\"https:\/\/holali.co.uk\/fr\/produit\/windermere-vegan-soap-on-a-rope\/?wmc-currency=EUR\" title=\"Windermere Vegan Soap On A Rope (Savon v\u00e9g\u00e9tal sur corde)\"  data-wpil-monitor-id=\"828\">soap features a convenient rope<\/a> design to keep it dry and lasting longer. Enjoy the antioxidant benefits of raspberry and pomegranate while treating your skin to a luxurious, hydrating experience. Perfect for daily use or as a thoughtful gift.<\/p>","protected":false},"excerpt":{"rendered":"<p>100% Natural Raspberry &amp; Pomegranate Soap on a Rope Just when you thought we couldn&#8217;t get any cuter, we&#8217;ve added soap to a rope. Our new Raspberry &amp; Pomegranate Soap on a Rope is the perfect addition to your morning shower or bath. Made with a blend of raspberry and pomegranate, it provides a soothing,&#8230;<\/p>","protected":false},"featured_media":11595,"comment_status":"open","ping_status":"closed","template":"","meta":{"_kad_blocks_custom_css":"","_kad_blocks_head_custom_js":"","_kad_blocks_body_custom_js":"","_kad_blocks_footer_custom_js":"","_kad_post_transparent":"default","_kad_post_title":"","_kad_post_layout":"default","_kad_post_sidebar_id":"","_kad_post_content_style":"default","_kad_post_vertical_padding":"default","_kad_post_feature":"","_kad_post_feature_position":"","_kad_post_header":false,"_kad_post_footer":false,"_kad_post_classname":"","_daim_seo_power":"","_daim_enable_ail":""},"product_brand":[],"product_cat":[597,712],"product_tag":[],"class_list":{"0":"post-8616","1":"product","2":"type-product","3":"status-publish","4":"has-post-thumbnail","6":"product_cat-soap-on-a-rope","7":"product_cat-vegan-soap-on-a-rope","9":"first","10":"instock","11":"taxable","12":"shipping-taxable","13":"purchasable","14":"product-type-simple","15":"entry","16":"content-bg","17":"loop-entry"},"taxonomy_info":{"product_cat":[{"value":597,"label":"Soap On A Rope"},{"value":712,"label":"Vegan Soap On A Rope"}]},"featured_image_src_large":["https:\/\/holali.co.uk\/wp-content\/uploads\/2022\/08\/fruity-scrub-raspberry-pomegranate-1024x1024.jpeg",1024,1024,true],"author_info":[],"comment_info":0,"_links":{"self":[{"href":"https:\/\/holali.co.uk\/fr\/wp-json\/wp\/v2\/product\/8616","targetHints":{"allow":["GET"]}}],"collection":[{"href":"https:\/\/holali.co.uk\/fr\/wp-json\/wp\/v2\/product"}],"about":[{"href":"https:\/\/holali.co.uk\/fr\/wp-json\/wp\/v2\/types\/product"}],"replies":[{"embeddable":true,"href":"https:\/\/holali.co.uk\/fr\/wp-json\/wp\/v2\/comments?post=8616"}],"wp:featuredmedia":[{"embeddable":true,"href":"https:\/\/holali.co.uk\/fr\/wp-json\/wp\/v2\/media\/11595"}],"wp:attachment":[{"href":"https:\/\/holali.co.uk\/fr\/wp-json\/wp\/v2\/media?parent=8616"}],"wp:term":[{"taxonomy":"product_brand","embeddable":true,"href":"https:\/\/holali.co.uk\/fr\/wp-json\/wp\/v2\/product_brand?post=8616"},{"taxonomy":"product_cat","embeddable":true,"href":"https:\/\/holali.co.uk\/fr\/wp-json\/wp\/v2\/product_cat?post=8616"},{"taxonomy":"product_tag","embeddable":true,"href":"https:\/\/holali.co.uk\/fr\/wp-json\/wp\/v2\/product_tag?post=8616"}],"curies":[{"name":"wp","href":"https:\/\/api.w.org\/{rel}","templated":true}]}}