{"id":8606,"date":"2022-08-30T20:02:39","date_gmt":"2022-08-30T20:02:39","guid":{"rendered":"https:\/\/holali.local\/product\/fruity-scrub-soap-on-a-rope-pinacolada\/"},"modified":"2024-10-03T20:53:11","modified_gmt":"2024-10-03T20:53:11","slug":"pinacolada-soap-on-a-rope","status":"publish","type":"product","link":"https:\/\/holali.co.uk\/fr\/product\/pinacolada-soap-on-a-rope\/","title":{"rendered":"Savon Pinacolada sur une corde"},"content":{"rendered":"<h2 dir=\"auto\" data-pm-slice=\"1 1 []\">Le meilleur savon Pinacolada sur corde du moment<\/h2>\n<p>Trop paresseux pour se laver ? Il est temps de se frotter enfin. Voici le savon Pinacolada sur une corde - la fa\u00e7on rafra\u00eechissante et parfum\u00e9e de nettoyer vos mains (et d'autres parties !).<\/p>\n<p>Notre site <a href=\"https:\/\/holali.co.uk\/fr\/produit\/pamplemousse-savon-sur-une-rope\/?wmc-currency=EUR\" title=\"Savon au pamplemousse sur une corde\" target=\"_blank\" rel=\"noopener\"  data-wpil-monitor-id=\"1251\">soap on a rope<\/a> is perfect for boats, camping, and even your backyard. Infused with the delightful scent of tropical pinacolada, this soap not only cleanses but also invigorates your senses. The convenient rope design ensures you never drop the soap, making it easy to use in the shower or on the go. Crafted with nourishing ingredients, it leaves your skin feeling soft, smooth, and refreshed. Elevate your hygiene routine with a touch of tropical bliss.<\/p>","protected":false},"excerpt":{"rendered":"<p>The Best Pinacolada Soap On A Rope Around Too lazy to wash? It&#8217;s time to finally scrub up. Introducing Pinacolada Soap on a Rope &#8211; the refreshing, scented way to get your hands (and other parts!) clean. Our soap on a rope is perfect for boats, camping, and even your backyard. Infused with the delightful&#8230;<\/p>","protected":false},"featured_media":11584,"comment_status":"open","ping_status":"closed","template":"","meta":{"_kad_blocks_custom_css":"","_kad_blocks_head_custom_js":"","_kad_blocks_body_custom_js":"","_kad_blocks_footer_custom_js":"","_kad_post_transparent":"default","_kad_post_title":"","_kad_post_layout":"default","_kad_post_sidebar_id":"","_kad_post_content_style":"default","_kad_post_vertical_padding":"default","_kad_post_feature":"","_kad_post_feature_position":"","_kad_post_header":false,"_kad_post_footer":false,"_kad_post_classname":"","_daim_seo_power":"","_daim_enable_ail":""},"product_brand":[],"product_cat":[597,712],"product_tag":[],"class_list":{"0":"post-8606","1":"product","2":"type-product","3":"status-publish","4":"has-post-thumbnail","6":"product_cat-soap-on-a-rope","7":"product_cat-vegan-soap-on-a-rope","9":"first","10":"instock","11":"taxable","12":"shipping-taxable","13":"purchasable","14":"product-type-simple","15":"entry","16":"content-bg","17":"loop-entry"},"taxonomy_info":{"product_cat":[{"value":597,"label":"Soap On A Rope"},{"value":712,"label":"Vegan Soap On A Rope"}]},"featured_image_src_large":["https:\/\/holali.co.uk\/wp-content\/uploads\/2022\/08\/fruity-scrub-pina-colada-2-1024x1024.jpeg",1024,1024,true],"author_info":[],"comment_info":0,"_links":{"self":[{"href":"https:\/\/holali.co.uk\/fr\/wp-json\/wp\/v2\/product\/8606","targetHints":{"allow":["GET"]}}],"collection":[{"href":"https:\/\/holali.co.uk\/fr\/wp-json\/wp\/v2\/product"}],"about":[{"href":"https:\/\/holali.co.uk\/fr\/wp-json\/wp\/v2\/types\/product"}],"replies":[{"embeddable":true,"href":"https:\/\/holali.co.uk\/fr\/wp-json\/wp\/v2\/comments?post=8606"}],"wp:featuredmedia":[{"embeddable":true,"href":"https:\/\/holali.co.uk\/fr\/wp-json\/wp\/v2\/media\/11584"}],"wp:attachment":[{"href":"https:\/\/holali.co.uk\/fr\/wp-json\/wp\/v2\/media?parent=8606"}],"wp:term":[{"taxonomy":"product_brand","embeddable":true,"href":"https:\/\/holali.co.uk\/fr\/wp-json\/wp\/v2\/product_brand?post=8606"},{"taxonomy":"product_cat","embeddable":true,"href":"https:\/\/holali.co.uk\/fr\/wp-json\/wp\/v2\/product_cat?post=8606"},{"taxonomy":"product_tag","embeddable":true,"href":"https:\/\/holali.co.uk\/fr\/wp-json\/wp\/v2\/product_tag?post=8606"}],"curies":[{"name":"wp","href":"https:\/\/api.w.org\/{rel}","templated":true}]}}