{"id":8598,"date":"2022-08-30T20:02:37","date_gmt":"2022-08-30T20:02:37","guid":{"rendered":"https:\/\/holali.local\/product\/love-heart-bath-bomb-70g-french-lavender\/"},"modified":"2025-07-18T19:15:42","modified_gmt":"2025-07-18T19:15:42","slug":"love-heart-bath-bomb-70g-french-lavender-2","status":"publish","type":"product","link":"https:\/\/holali.co.uk\/fr\/product\/french-lavender-coconut-love-heart-bath-bombs\/","title":{"rendered":"Bombes de bain coeur d'amour \u00e0 la lavande fran\u00e7aise et \u00e0 la noix de coco"},"content":{"rendered":"<h2>Bombes de bain coeur d'amour \u00e0 la lavande fran\u00e7aise et \u00e0 la noix de coco<\/h2>\n<p>French Lavender Coconut Love Heart <a href=\"https:\/\/holali.co.uk\/fr\/product\/angel-delight-bath-bomb\/\">Bombes de Bain<\/a> are designed to drop some fizz and love into your bathtubs, creating a luxurious and aromatic bathing experience. Infused with the calming scent of French lavender and the nourishing properties of coconut oil, these bath bombs will leave your skin feeling soft, hydrated, and lightly fragranced.<\/p>\n<p>An ideal romantic gift perfect for a wedding gift, or a Valentine&#8217;s gift, and also great for additional gift baskets. These <a href=\"https:\/\/holali.co.uk\/fr\/produit\/amour-coeur-bain-bombe-70g-ylang-rose\/?wmc-currency=EUR\" title=\"Bombes de bain en forme de c\u0153ur \u00e0 l&#039;ylang et \u00e0 la rose\"  data-wpil-monitor-id=\"242\">heart-shaped bath bombs<\/a> not only offer a delightful sensory experience but also add a touch of elegance to any gift, making them a thoughtful and charming present for your loved ones.<\/p>\n<p>Each bath bomb weighs 70g, providing the perfect amount of fizz and fragrance for a single, indulgent bath. Whether you&#8217;re looking to treat yourself or surprise someone special, French Lavender <a href=\"https:\/\/holali.co.uk\/fr\/produit\/coconut-lime-halloween-bain-bombe\/?wmc-currency=EUR\" title=\"Bombe de bain Halloween \u00e0 la noix de coco et au citron vert\"  data-wpil-monitor-id=\"119\">Coconut Love Heart Bath Bombs<\/a> are the perfect choice for creating moments of relaxation and love.<\/p>","protected":false},"excerpt":{"rendered":"<p>French Lavender Coconut Love Heart Bath Bombs French Lavender Coconut Love Heart Bath Bombs are designed to drop some fizz and love into your bathtubs, creating a luxurious and aromatic bathing experience. Infused with the calming scent of French lavender and the nourishing properties of coconut oil, these bath bombs will leave your skin feeling&#8230;<\/p>","protected":false},"featured_media":8599,"comment_status":"open","ping_status":"closed","template":"","meta":{"_kad_blocks_custom_css":"","_kad_blocks_head_custom_js":"","_kad_blocks_body_custom_js":"","_kad_blocks_footer_custom_js":"","_kad_post_transparent":"default","_kad_post_title":"","_kad_post_layout":"default","_kad_post_sidebar_id":"","_kad_post_content_style":"default","_kad_post_vertical_padding":"default","_kad_post_feature":"","_kad_post_feature_position":"","_kad_post_header":false,"_kad_post_footer":false,"_kad_post_classname":"","_daim_seo_power":"","_daim_enable_ail":""},"product_brand":[],"product_cat":[596,686],"product_tag":[],"class_list":{"0":"post-8598","1":"product","2":"type-product","3":"status-publish","4":"has-post-thumbnail","6":"product_cat-cosmetic-bomb","7":"product_cat-vegan-cosmetic-bomb","9":"first","10":"instock","11":"taxable","12":"shipping-taxable","13":"purchasable","14":"product-type-simple","15":"entry","16":"content-bg","17":"loop-entry"},"taxonomy_info":{"product_cat":[{"value":596,"label":"Cosmetic Bomb"},{"value":686,"label":"Vegan Cosmetic Bomb"}]},"featured_image_src_large":["https:\/\/holali.co.uk\/wp-content\/uploads\/2022\/08\/203279.jpeg",330,330,false],"author_info":[],"comment_info":0,"_links":{"self":[{"href":"https:\/\/holali.co.uk\/fr\/wp-json\/wp\/v2\/product\/8598","targetHints":{"allow":["GET"]}}],"collection":[{"href":"https:\/\/holali.co.uk\/fr\/wp-json\/wp\/v2\/product"}],"about":[{"href":"https:\/\/holali.co.uk\/fr\/wp-json\/wp\/v2\/types\/product"}],"replies":[{"embeddable":true,"href":"https:\/\/holali.co.uk\/fr\/wp-json\/wp\/v2\/comments?post=8598"}],"wp:featuredmedia":[{"embeddable":true,"href":"https:\/\/holali.co.uk\/fr\/wp-json\/wp\/v2\/media\/8599"}],"wp:attachment":[{"href":"https:\/\/holali.co.uk\/fr\/wp-json\/wp\/v2\/media?parent=8598"}],"wp:term":[{"taxonomy":"product_brand","embeddable":true,"href":"https:\/\/holali.co.uk\/fr\/wp-json\/wp\/v2\/product_brand?post=8598"},{"taxonomy":"product_cat","embeddable":true,"href":"https:\/\/holali.co.uk\/fr\/wp-json\/wp\/v2\/product_cat?post=8598"},{"taxonomy":"product_tag","embeddable":true,"href":"https:\/\/holali.co.uk\/fr\/wp-json\/wp\/v2\/product_tag?post=8598"}],"curies":[{"name":"wp","href":"https:\/\/api.w.org\/{rel}","templated":true}]}}