{"id":8343,"date":"2022-08-30T20:01:25","date_gmt":"2022-08-30T20:01:25","guid":{"rendered":"https:\/\/holali.local\/product\/goat-milk-olive-oil-soap-2\/"},"modified":"2025-11-08T20:51:27","modified_gmt":"2025-11-08T20:51:27","slug":"savon-au-lait-de-chevre-et-a-lhuile-dolive","status":"publish","type":"product","link":"https:\/\/holali.co.uk\/fr\/product\/goat-milk-soap-is-a-great-facial-soap\/","title":{"rendered":"Notre savon au lait de ch\u00e8vre est un excellent savon pour le visage."},"content":{"rendered":"<h2 dir=\"auto\" data-pm-slice=\"1 1 []\">Notre savon au lait de ch\u00e8vre est un excellent savon pour le visage.<\/h2>\n<p>Frustrated with your dry peeling skin? Get a healthy, happy, and squeaky clean with goat&#8217;s milk soap in olive oil! Our goat milk soap is a great facial soap with olive oil is handcrafted soap that is exfoliating and anti-aging.<\/p>\n<p>Our goat milk soap is a great <a href=\"https:\/\/holali.co.uk\/fr\/produit\/savons-faits-main-avec-des-orchidees\/?wmc-currency=EUR\" title=\"Savons faits \u00e0 la main avec des orchid\u00e9es\" target=\"_blank\" rel=\"noopener\"  data-wpil-monitor-id=\"1451\">facial<\/a> soap, made from goat milk with olive oil, is packed with powerful antioxidants, and it&#8217;s a great choice for a daily facial routine.<\/p>\n<h5>AVANTAGES<\/h5>\n<ul>\n<li>Containing <a href=\"https:\/\/holali.co.uk\/fr\/produit\/kiwi-fruit-savon-pur-naturel-efficace\/?wmc-currency=EUR\" title=\"Kiwi Soap \u2013 Pure, Natural &#038; Effective\"  data-wpil-monitor-id=\"410\">natural olive oil and 100% pure soap<\/a>, this soap is created to exfoliate while rejuvenating the skin.<\/li>\n<li>Exempt de produits chimiques et de parfums, ce savon peut \u00eatre utilis\u00e9 en toute s\u00e9curit\u00e9 sur tous les types de peau.<\/li>\n<li>Aide \u00e0 rendre votre peau plus lisse, plus douce et plus hydrat\u00e9e, sans laisser de film d\u00e9sagr\u00e9able sur le visage.<\/li>\n<li>Assez doux pour tous les types de peau, de normale \u00e0 s\u00e8che.<\/li>\n<li>Pour les personnes souffrant de signes pr\u00e9coces de vieillissement, comme les rides et une l\u00e9g\u00e8re hyperpigmentation, l'exfoliation peut contribuer \u00e0 att\u00e9nuer ces imperfections.<\/li>\n<li><a href=\"https:\/\/holali.co.uk\/fr\/produit\/savon-lavande-avec-huile-olive\/?wmc-currency=EUR\" title=\"Savon \u00e0 la lavande pour une peau douce et lisse\"  data-wpil-monitor-id=\"296\">Olive oil soap<\/a> benefits help to hydrate the skin and increases the absorption of skincare products.<\/li>\n<\/ul>\n<p><a href=\"https:\/\/holali.co.uk\/fr\/produit\/double-beurre-luxe-savon-glace-terreux-huiles\/?wmc-currency=EUR\" title=\"100% Savon pur, enti\u00e8rement naturel, aux huiles de terre\"  data-wpil-monitor-id=\"408\">Natural olive oil soap<\/a> is a popular type of soap made with extra virgin olive oil and a variety of other ingredients. It is handmade through the traditional cold process-making method, which involves mixing oils, lye, and water together in a large pot.<\/p>\n<p>Les savons \u00e0 l'huile d'olive existent depuis des si\u00e8cles, mais ce n'est que r\u00e9cemment qu'ils ont \u00e9t\u00e9 pris au s\u00e9rieux comme alternative aux savons traditionnels.<\/p>\n<p>La m\u00e9thode de fabrication \u00e0 froid prend du temps et est co\u00fbteuse \u00e0 produire. La lenteur du processus de fabrication du savon \u00e0 l'huile d'olive peut \u00eatre attribu\u00e9e \u00e0 sa popularit\u00e9 en Europe dans les ann\u00e9es 1800, o\u00f9 il \u00e9tait utilis\u00e9 comme rem\u00e8de naturel pour de nombreuses affections cutan\u00e9es.<\/p>\n<h6>M\u00c9THODES D'EXFOLIATION<\/h6>\n<ol>\n<li>Exfolier votre visage peut vous aider \u00e0 \u00e9liminer les cellules mortes, \u00e0 r\u00e9duire les taches brunes et \u00e0 am\u00e9liorer la sant\u00e9 de votre peau. Utilisez notre savon exfoliant en effectuant de petits mouvements circulaires pour exfolier votre visage.<\/li>\n<li>L'utilisation d'une brosse est la m\u00e9thode la plus populaire pour exfolier votre visage. Elle vous permettra de p\u00e9n\u00e9trer dans les pores de votre visage et d'\u00e9liminer toute la salet\u00e9, le s\u00e9bum et les cellules mortes qui les obstruent. Cela vous aidera \u00e9galement \u00e0 r\u00e9duire les taches sombres sur votre visage en vous d\u00e9barrassant de toutes ces impuret\u00e9s.<\/li>\n<\/ol>\n<h6>FEATURES<\/h6>\n<p>Types : Peau normale, s\u00e8che et sensible<br \/>\nZone de soins : Visage Corps<br \/>\nPoids : 100g environ<\/p>\n<p><strong>NOTE :<\/strong> Buying handmade soap can be expensive, but this one is affordable and paraben-free, SLS-free, and cruelty-free! We offer a variety of soaps made with olive oil and other <a href=\"https:\/\/holali.co.uk\/fr\/produit\/savon-exfoliant-a-la-lavande-2\/?wmc-currency=EUR\" title=\"Savon exfoliant \u00e0 la lavande\" target=\"_blank\" rel=\"noopener\"  data-wpil-monitor-id=\"1655\">natural ingredients<\/a>. La couleur ou le design peuvent l\u00e9g\u00e8rement varier par rapport aux photos pr\u00e9sent\u00e9es. Si vous souhaitez en savoir plus sur nos produits, n'h\u00e9sitez pas \u00e0 nous contacter \u00e0 tout moment !<\/p>\n<p>Savez-vous ce qu'est le savon en papier ? Si non, <a href=\"https:\/\/holali.co.uk\/fr\/soins-du-corps\/produits-de-soins-de-la-peau\/feuilles-de-papier-savon\/?wmc-currency=EUR\" target=\"_blank\" rel=\"noopener noreferrer\">CLIQUEZ ICI<\/a><\/p>","protected":false},"excerpt":{"rendered":"<p>Our Goat Milk Soap is a Great Facial Soap Frustrated with your dry peeling skin? Get a healthy, happy, and squeaky clean with goat&#8217;s milk soap in olive oil! Our goat milk soap is a great facial soap with olive oil is handcrafted soap that is exfoliating and anti-aging. Our goat milk soap is a&#8230;<\/p>","protected":false},"featured_media":8344,"comment_status":"open","ping_status":"closed","template":"","meta":{"_kad_blocks_custom_css":"","_kad_blocks_head_custom_js":"","_kad_blocks_body_custom_js":"","_kad_blocks_footer_custom_js":"","_kad_post_transparent":"default","_kad_post_title":"","_kad_post_layout":"default","_kad_post_sidebar_id":"","_kad_post_content_style":"default","_kad_post_vertical_padding":"default","_kad_post_feature":"","_kad_post_feature_position":"","_kad_post_header":false,"_kad_post_footer":false,"_kad_post_classname":"","_daim_seo_power":"","_daim_enable_ail":""},"product_brand":[],"product_cat":[262,703],"product_tag":[],"class_list":{"0":"post-8343","1":"product","2":"type-product","3":"status-publish","4":"has-post-thumbnail","6":"product_cat-olive-oil-soaps","7":"product_cat-vegan-olive-oil-soaps","9":"first","10":"instock","11":"taxable","12":"shipping-taxable","13":"purchasable","14":"product-type-simple","15":"entry","16":"content-bg","17":"loop-entry"},"taxonomy_info":{"product_cat":[{"value":262,"label":"Olive Oil Soaps"},{"value":703,"label":"Vegan Olive Oil Soaps"}]},"featured_image_src_large":["https:\/\/holali.co.uk\/wp-content\/uploads\/2022\/08\/202275-1.jpeg",330,330,false],"author_info":[],"comment_info":0,"_links":{"self":[{"href":"https:\/\/holali.co.uk\/fr\/wp-json\/wp\/v2\/product\/8343","targetHints":{"allow":["GET"]}}],"collection":[{"href":"https:\/\/holali.co.uk\/fr\/wp-json\/wp\/v2\/product"}],"about":[{"href":"https:\/\/holali.co.uk\/fr\/wp-json\/wp\/v2\/types\/product"}],"replies":[{"embeddable":true,"href":"https:\/\/holali.co.uk\/fr\/wp-json\/wp\/v2\/comments?post=8343"}],"wp:featuredmedia":[{"embeddable":true,"href":"https:\/\/holali.co.uk\/fr\/wp-json\/wp\/v2\/media\/8344"}],"wp:attachment":[{"href":"https:\/\/holali.co.uk\/fr\/wp-json\/wp\/v2\/media?parent=8343"}],"wp:term":[{"taxonomy":"product_brand","embeddable":true,"href":"https:\/\/holali.co.uk\/fr\/wp-json\/wp\/v2\/product_brand?post=8343"},{"taxonomy":"product_cat","embeddable":true,"href":"https:\/\/holali.co.uk\/fr\/wp-json\/wp\/v2\/product_cat?post=8343"},{"taxonomy":"product_tag","embeddable":true,"href":"https:\/\/holali.co.uk\/fr\/wp-json\/wp\/v2\/product_tag?post=8343"}],"curies":[{"name":"wp","href":"https:\/\/api.w.org\/{rel}","templated":true}]}}