{"id":8339,"date":"2022-08-30T20:01:24","date_gmt":"2022-08-30T20:01:24","guid":{"rendered":"https:\/\/holali.local\/product\/clary-sage-lavender-hand-body-lotion-250ml\/"},"modified":"2025-11-08T20:14:13","modified_gmt":"2025-11-08T20:14:13","slug":"lotion-pour-le-corps-a-base-de-sauge-et-de-lavande-250ml-2","status":"publish","type":"product","link":"https:\/\/holali.co.uk\/fr\/product\/clary-sage-and-lavender-hand-and-body-lotion\/","title":{"rendered":"Lotion pour les mains et le corps \u00e0 la sauge sclar\u00e9e et \u00e0 la lavande 250ml"},"content":{"rendered":"<h2>Clary Sage and Lavender Hand and Body Lotion 250ml<\/h2>\n<p>Clary Sage and Lavender Hand and Body Lotion 250ml is crafted with 100% pure and natural oil-based ingredients, ensuring no artificial fragrances.<\/p>\n<p>Essential oils, revered in cosmetology since ancient times, are included not only for their delightful scent but also for their exceptional skincare properties.<\/p>\n<p><strong>How to Use:<\/strong><\/p>\n<p>Apply daily to clean skin for instant and lasting moisture.<\/p>\n<p><strong>CARACT\u00c9RISTIQUES :<\/strong><\/p>\n<ul>\n<li><a href=\"https:\/\/holali.co.uk\/fr\/produit\/lotion-pour-les-mains-et-le-corps-wintergreen-oregano-thyme-250ml-2\/?wmc-currency=EUR\" title=\"Lotion pour les mains et le corps Wintergreen, Oregano &amp; Thym 250ml\" target=\"_blank\" rel=\"noopener\"  data-wpil-monitor-id=\"1371\">Sans parfums artificiels<\/a><\/li>\n<li>Packaged in a <a href=\"https:\/\/holali.co.uk\/fr\/produit\/lotion-pour-le-corps-a-base-de-santal-et-de-rose-250ml-2\/?wmc-currency=EUR\" title=\"Lotion pour le corps et les mains au bois de santal et \u00e0 la rose 250ml\" target=\"_blank\" rel=\"noopener\"  data-wpil-monitor-id=\"1373\">glass amber bottle<\/a> to preserve freshness<\/li>\n<li>Fabriqu\u00e9 en Angleterre<\/li>\n<li>Rich in skin-nourishing essential oils<\/li>\n<li>Ideal for both hand and body use<\/li>\n<li>Gentle and suitable for all skin types<\/li>\n<\/ul>\n<p>Experience the soothing and hydrating benefits of our <a href=\"https:\/\/en.wikipedia.org\/wiki\/Clary\" target=\"_blank\" rel=\"noopener\">Clary<\/a> Sage and Lavender <a href=\"https:\/\/holali.co.uk\/fr\/vegetalien\/soins-corporels-vegan\/lotions-pour-les-mains-et-le-corps-vegan\/?wmc-currency=EUR\">Lotion<\/a>, and elevate your daily skincare routine with this luxurious, natural product.<\/p>","protected":false},"excerpt":{"rendered":"<p>Clary Sage and Lavender Hand and Body Lotion 250ml Clary Sage and Lavender Hand and Body Lotion 250ml is crafted with 100% pure and natural oil-based ingredients, ensuring no artificial fragrances. Essential oils, revered in cosmetology since ancient times, are included not only for their delightful scent but also for their exceptional skincare properties. How&#8230;<\/p>","protected":false},"featured_media":8340,"comment_status":"open","ping_status":"closed","template":"","meta":{"_kad_blocks_custom_css":"","_kad_blocks_head_custom_js":"","_kad_blocks_body_custom_js":"","_kad_blocks_footer_custom_js":"","_kad_post_transparent":"default","_kad_post_title":"","_kad_post_layout":"default","_kad_post_sidebar_id":"","_kad_post_content_style":"default","_kad_post_vertical_padding":"default","_kad_post_feature":"","_kad_post_feature_position":"","_kad_post_header":false,"_kad_post_footer":false,"_kad_post_classname":"","_daim_seo_power":"","_daim_enable_ail":""},"product_brand":[],"product_cat":[576,691],"product_tag":[],"class_list":{"0":"post-8339","1":"product","2":"type-product","3":"status-publish","4":"has-post-thumbnail","6":"product_cat-hand-and-body-lotions","7":"product_cat-vegan-hand-body-lotions","9":"first","10":"instock","11":"taxable","12":"shipping-taxable","13":"purchasable","14":"product-type-simple","15":"entry","16":"content-bg","17":"loop-entry"},"taxonomy_info":{"product_cat":[{"value":576,"label":"Hand and Body Lotions"},{"value":691,"label":"Vegan Hand &amp; Body Lotions"}]},"featured_image_src_large":["https:\/\/holali.co.uk\/wp-content\/uploads\/2022\/08\/202752.jpeg",330,330,false],"author_info":[],"comment_info":0,"_links":{"self":[{"href":"https:\/\/holali.co.uk\/fr\/wp-json\/wp\/v2\/product\/8339","targetHints":{"allow":["GET"]}}],"collection":[{"href":"https:\/\/holali.co.uk\/fr\/wp-json\/wp\/v2\/product"}],"about":[{"href":"https:\/\/holali.co.uk\/fr\/wp-json\/wp\/v2\/types\/product"}],"replies":[{"embeddable":true,"href":"https:\/\/holali.co.uk\/fr\/wp-json\/wp\/v2\/comments?post=8339"}],"wp:featuredmedia":[{"embeddable":true,"href":"https:\/\/holali.co.uk\/fr\/wp-json\/wp\/v2\/media\/8340"}],"wp:attachment":[{"href":"https:\/\/holali.co.uk\/fr\/wp-json\/wp\/v2\/media?parent=8339"}],"wp:term":[{"taxonomy":"product_brand","embeddable":true,"href":"https:\/\/holali.co.uk\/fr\/wp-json\/wp\/v2\/product_brand?post=8339"},{"taxonomy":"product_cat","embeddable":true,"href":"https:\/\/holali.co.uk\/fr\/wp-json\/wp\/v2\/product_cat?post=8339"},{"taxonomy":"product_tag","embeddable":true,"href":"https:\/\/holali.co.uk\/fr\/wp-json\/wp\/v2\/product_tag?post=8339"}],"curies":[{"name":"wp","href":"https:\/\/api.w.org\/{rel}","templated":true}]}}