{"id":8143,"date":"2022-08-30T20:00:37","date_gmt":"2022-08-30T20:00:37","guid":{"rendered":"https:\/\/holali.local\/product\/herb-and-grace-olive-oil-soap-slice\/"},"modified":"2025-11-08T20:53:11","modified_gmt":"2025-11-08T20:53:11","slug":"savon-herbe-avec-huile-dolive-herbe-de-grace","status":"publish","type":"product","link":"https:\/\/holali.co.uk\/fr\/product\/herb-soap-with-olive-oil-herb-of-grace\/","title":{"rendered":"Savon aux herbes et \u00e0 l'huile d'olive pour une peau douce et propre"},"content":{"rendered":"<h2 dir=\"auto\" data-pm-slice=\"1 1 []\">Savon aux herbes et \u00e0 l'huile d'olive pour une peau douce et propre<\/h2>\n<p>Le savon aux herbes \u00e0 l'huile d'olive, combin\u00e9 aux riches propri\u00e9t\u00e9s antioxydantes de l'huile essentielle d'herbe de rue, aide \u00e0 r\u00e9duire le risque de vieillissement pr\u00e9matur\u00e9 de la peau de votre visage.<\/p>\n<p>Il s'agit d'une formule qui prot\u00e8ge votre peau contre les effets nocifs des radicaux libres et qui est suffisamment douce pour une utilisation quotidienne. Elle a un parfum subtil gr\u00e2ce \u00e0 l'huile essentielle de rue, aux propri\u00e9t\u00e9s curatives, et elle laisse la peau douce et hydrat\u00e9e.<\/p>\n<h5>LES AVANTAGES D'UTILISER NOTRE SAVON \u00c0 L'HUILE DE RUE POUR VOTRE ROUTINE DE SOINS DE LA PEAU.<\/h5>\n<p>En mati\u00e8re de soins de la peau, il n'existe pas de solution unique. La peau de chaque personne est diff\u00e9rente et n\u00e9cessite des soins diff\u00e9rents.<\/p>\n<ol>\n<li>L'huile de rue a des propri\u00e9t\u00e9s anti-inflammatoires qui peuvent aider \u00e0 lutter contre la peau s\u00e8che, l'acn\u00e9 et d'autres probl\u00e8mes de peau.<\/li>\n<li>Il poss\u00e8de \u00e9galement des propri\u00e9t\u00e9s antioxydantes qui peuvent contribuer \u00e0 r\u00e9duire les signes du vieillissement sur le visage et le corps.<\/li>\n<\/ol>\n<h6>HERBE DE LA GR\u00c2CE APPEL\u00c9E HERBE DE LA RUE<\/h6>\n<ul>\n<li>Une plante est souvent utilis\u00e9e comme rem\u00e8de pour de nombreux maux par les gu\u00e9risseurs traditionnels.<\/li>\n<li>Riche en antioxydants et en vitamines, qui peuvent \u00eatre utilis\u00e9s comme m\u00e9dicament.<\/li>\n<li>Cette plante est traditionnellement connue comme la \"plante magique de l'audace\", car elle est cens\u00e9e vous rendre intr\u00e9pide et vous prot\u00e9ger des forces du mal.<\/li>\n<\/ul>\n<p>Natural <a href=\"https:\/\/holali.co.uk\/fr\/produit\/yorkshire-violet-soap-bar-100g-2\/?wmc-currency=EUR\" title=\"Savon biologique \u00e0 la violette pour les peaux sensibles\" target=\"_blank\" rel=\"noopener\"  data-wpil-monitor-id=\"1658\">olive oil soap<\/a> is a popular type of soap made with extra virgin olive oil and a variety of other ingredients. It is handmade through the traditional cold process-making method, which involves mixing oils, lye, and water together in a large pot.<\/p>\n<p>Les savons \u00e0 l'huile d'olive existent depuis des si\u00e8cles, mais ce n'est que r\u00e9cemment qu'ils ont \u00e9t\u00e9 pris au s\u00e9rieux comme alternative aux savons traditionnels. La m\u00e9thode de fabrication \u00e0 froid prend du temps et est co\u00fbteuse \u00e0 produire.<\/p>\n<p>Le lent processus de fabrication du savon \u00e0 l'huile d'olive peut \u00eatre attribu\u00e9 \u00e0 sa popularit\u00e9 en Europe dans les ann\u00e9es 1800, o\u00f9 il \u00e9tait utilis\u00e9 comme rem\u00e8de naturel pour de nombreuses affections cutan\u00e9es.<\/p>\n<h6>FEATURES<\/h6>\n<p>Types : Peau normale, s\u00e8che et sensible<br \/>\nZone de soins : Visage Corps<br \/>\nPoids : 100g environ<\/p>\n<p><strong>NOTE :<\/strong> Buying handmade soap can be expensive, but this one is affordable and paraben-free, SLS-free, and cruelty-free! We offer a variety of soaps made with <a href=\"https:\/\/holali.co.uk\/fr\/produit\/kiwi-fruit-savon-pur-naturel-efficace\/?wmc-currency=EUR\" title=\"Kiwi Soap \u2013 Pure, Natural &#038; Effective\"  data-wpil-monitor-id=\"412\">olive oil<\/a> and other natural ingredients. The color or design may slightly vary from the pictures shown. If you would like to know more about our products, feel free to contact us at any time!<\/p>\n<p>Savez-vous ce qu'est le savon en papier ? Si non, <a href=\"https:\/\/holali.co.uk\/fr\/soins-du-corps\/produits-de-soins-de-la-peau\/feuilles-de-papier-savon\/?wmc-currency=EUR\" target=\"_blank\" rel=\"noopener noreferrer\">CLIQUEZ ICI<\/a><\/p>","protected":false},"excerpt":{"rendered":"<p>Herb Soap With Olive Oil For Soft, Clean Skin The Herb Soap with olive oil, combined with the rich antioxidant properties of rue herb essential oil, helps to reduce the risk of premature aging of your facial skin. This is a formula that protects your skin against the harmful effects of free radicals and is&#8230;<\/p>","protected":false},"featured_media":8144,"comment_status":"open","ping_status":"closed","template":"","meta":{"_kad_blocks_custom_css":"","_kad_blocks_head_custom_js":"","_kad_blocks_body_custom_js":"","_kad_blocks_footer_custom_js":"","_kad_post_transparent":"default","_kad_post_title":"","_kad_post_layout":"default","_kad_post_sidebar_id":"","_kad_post_content_style":"default","_kad_post_vertical_padding":"default","_kad_post_feature":"","_kad_post_feature_position":"","_kad_post_header":false,"_kad_post_footer":false,"_kad_post_classname":"","_daim_seo_power":"","_daim_enable_ail":""},"product_brand":[],"product_cat":[262,703],"product_tag":[],"class_list":{"0":"post-8143","1":"product","2":"type-product","3":"status-publish","4":"has-post-thumbnail","6":"product_cat-olive-oil-soaps","7":"product_cat-vegan-olive-oil-soaps","9":"first","10":"instock","11":"taxable","12":"shipping-taxable","13":"purchasable","14":"product-type-simple","15":"entry","16":"content-bg","17":"loop-entry"},"taxonomy_info":{"product_cat":[{"value":262,"label":"Olive Oil Soaps"},{"value":703,"label":"Vegan Olive Oil Soaps"}]},"featured_image_src_large":["https:\/\/holali.co.uk\/wp-content\/uploads\/2022\/08\/201746.jpeg",280,280,false],"author_info":[],"comment_info":0,"_links":{"self":[{"href":"https:\/\/holali.co.uk\/fr\/wp-json\/wp\/v2\/product\/8143","targetHints":{"allow":["GET"]}}],"collection":[{"href":"https:\/\/holali.co.uk\/fr\/wp-json\/wp\/v2\/product"}],"about":[{"href":"https:\/\/holali.co.uk\/fr\/wp-json\/wp\/v2\/types\/product"}],"replies":[{"embeddable":true,"href":"https:\/\/holali.co.uk\/fr\/wp-json\/wp\/v2\/comments?post=8143"}],"wp:featuredmedia":[{"embeddable":true,"href":"https:\/\/holali.co.uk\/fr\/wp-json\/wp\/v2\/media\/8144"}],"wp:attachment":[{"href":"https:\/\/holali.co.uk\/fr\/wp-json\/wp\/v2\/media?parent=8143"}],"wp:term":[{"taxonomy":"product_brand","embeddable":true,"href":"https:\/\/holali.co.uk\/fr\/wp-json\/wp\/v2\/product_brand?post=8143"},{"taxonomy":"product_cat","embeddable":true,"href":"https:\/\/holali.co.uk\/fr\/wp-json\/wp\/v2\/product_cat?post=8143"},{"taxonomy":"product_tag","embeddable":true,"href":"https:\/\/holali.co.uk\/fr\/wp-json\/wp\/v2\/product_tag?post=8143"}],"curies":[{"name":"wp","href":"https:\/\/api.w.org\/{rel}","templated":true}]}}