{"id":8141,"date":"2022-08-30T20:00:37","date_gmt":"2022-08-30T20:00:37","guid":{"rendered":"https:\/\/holali.local\/product\/exfoliating-olive-oil-soap-slice\/"},"modified":"2025-11-08T20:27:08","modified_gmt":"2025-11-08T20:27:08","slug":"savon-exfoliant-a-lhuile-dolive","status":"publish","type":"product","link":"https:\/\/holali.co.uk\/fr\/product\/exfoliating-soap-with-olive-oil\/","title":{"rendered":"Savon exfoliant - sain, s\u00fbr et efficace"},"content":{"rendered":"<h2>Savon exfoliant - sain, s\u00fbr et efficace<\/h2>\n<p>Vous cherchez \u00e0 vous d\u00e9barrasser de la salet\u00e9 incrust\u00e9e, \u00e0 rafra\u00eechir votre peau et \u00e0 faciliter l'absorption des s\u00e9rums et des produits hydratants b\u00e9n\u00e9fiques pour la peau ? Ne cherchez pas plus loin que le savon exfoliant \u00e0 l'huile d'olive !<\/p>\n<p>Ce savon est un exfoliant doux qui aide \u00e0 \u00e9liminer la salet\u00e9 et les d\u00e9bris et \u00e0 rafra\u00eechir la peau et peut contribuer \u00e0 r\u00e9duire les signes de vieillissement pr\u00e9matur\u00e9.<\/p>\n<p>Plus, that type of exfoliation with olive oil is great for those who are overexposed to the sun; it helps keep your skin looking young and fresh. It&#8217;s also a good <a href=\"https:\/\/holali.co.uk\/fr\/produit\/savon-au-gingembre-et-girofle-produit-de-soin-de-la-peau-ultime-2\/?wmc-currency=EUR\" title=\"Savon au gingembre et clou de girofle Produit de soin ultime pour la peau\"  data-wpil-monitor-id=\"124\">skin care product<\/a> that you can use in your beauty routine.<\/p>\n<h5>AVANTAGES<\/h5>\n<ul>\n<li>Containing <a href=\"https:\/\/holali.co.uk\/fr\/produit\/the-vert-olive-huile-savon-tranche-2\/?wmc-currency=EUR\" title=\"Savon naturel au th\u00e9 vert avec huile d&#039;olive\"  data-wpil-monitor-id=\"323\">natural olive oil and 100% pure soap<\/a>, this soap is created to exfoliate while rejuvenating the skin.<\/li>\n<li>Free of chemicals and fragrances, this soap is <a href=\"https:\/\/holali.co.uk\/fr\/produit\/pain-de-savon-fait-a-la-main-glace-de-biscuit-sucre-approx-100g\/?wmc-currency=EUR\" title=\"Savon artisanal Sweet Cookie\" target=\"_blank\" rel=\"noopener\"  data-wpil-monitor-id=\"1575\">safe to use on all skin types<\/a>.<\/li>\n<li>Aide \u00e0 rendre votre peau plus lisse, plus douce et plus hydrat\u00e9e, sans laisser de film d\u00e9sagr\u00e9able sur le visage.<\/li>\n<li>Assez doux pour tous les types de peau, de normale \u00e0 s\u00e8che.<\/li>\n<li>Pour les personnes souffrant de signes pr\u00e9coces de vieillissement, comme les rides et une l\u00e9g\u00e8re hyperpigmentation, l'exfoliation peut contribuer \u00e0 att\u00e9nuer ces imperfections.<\/li>\n<li>Unique <a href=\"https:\/\/holali.co.uk\/fr\/produit\/savon-ananas-pour-une-peau-legere\/?wmc-currency=EUR\" title=\"Savon \u00e0 l&#039;ananas pour une peau l\u00e9g\u00e8re\" target=\"_blank\" rel=\"noopener\"  data-wpil-monitor-id=\"1214\">natural ingredients<\/a> like olive oil and vitamin B5 help to hydrate the skin and increase the absorption of skincare products.<\/li>\n<\/ul>\n<p><a href=\"https:\/\/holali.co.uk\/fr\/produit\/tranche-de-chocolat-olive-huile-savon-2\/?wmc-currency=EUR\" title=\"Le meilleur beurre de cacao naturel dans le savon\"  data-wpil-monitor-id=\"312\">Olive oil soap<\/a> is a popular type of soap made with extra virgin olive oil and a variety of other ingredients. It is handmade through the traditional cold process-making method, which involves mixing oils, lye, and water together in a large pot.<\/p>\n<p>Les savons \u00e0 l'huile d'olive existent depuis des si\u00e8cles, mais ce n'est que r\u00e9cemment qu'ils ont \u00e9t\u00e9 pris au s\u00e9rieux comme alternative aux savons traditionnels. La m\u00e9thode de fabrication \u00e0 froid prend du temps et est co\u00fbteuse \u00e0 produire. T<\/p>\n<p>he slow process of making <a href=\"https:\/\/holali.co.uk\/fr\/produit\/savon-herbe-avec-huile-dolive-herbe-de-grace\/?wmc-currency=EUR\" title=\"Savon aux herbes et \u00e0 l&#039;huile d&#039;olive pour une peau douce et propre\"  data-wpil-monitor-id=\"293\">olive oil soap<\/a> can be attributed to its popularity in Europe during the 1800s, when it was used as a natural remedy for many skin conditions.<\/p>\n<h6>LES M\u00c9THODES D'EXFOLIATION :<\/h6>\n<ol>\n<li>Exfoliating your face can help remove dead skin cells, reduce dark spots and improve the health of your skin. Use our <a href=\"https:\/\/holali.co.uk\/fr\/produit\/happy-face-bubblegum-scrub-soap-2\/?wmc-currency=EUR\" title=\"Savon exfoliant Happy Face Bubblegum\"  data-wpil-monitor-id=\"279\">exfoliating<\/a> soap with small circular motions to exfoliate your face.<\/li>\n<li>L'utilisation d'une brosse est la m\u00e9thode la plus populaire pour exfolier votre visage. Elle vous permettra de p\u00e9n\u00e9trer dans les pores de votre visage et d'\u00e9liminer toute la salet\u00e9, le s\u00e9bum et les cellules mortes qui les obstruent. Cela vous aidera \u00e9galement \u00e0 r\u00e9duire les taches sombres sur votre visage en vous d\u00e9barrassant de toutes ces impuret\u00e9s.<\/li>\n<\/ol>\n<h6>FEATURES<\/h6>\n<p>Types de peau : Tous<br \/>\nZone de soins de la peau : Visage, corps<br \/>\nPoids : 100g environ<\/p>\n<p><strong>NOTE :<\/strong> Buying handmade soap can be expensive, but this one is affordable and paraben-free, SLS-free, and cruelty-free! We offer a variety of soaps made with olive oil and other <a href=\"https:\/\/holali.co.uk\/fr\/produit\/savon-exfoliant-au-raisin\/?wmc-currency=EUR\" title=\"Savon exfoliant au raisin\" target=\"_blank\" rel=\"noopener\"  data-wpil-monitor-id=\"1215\">natural ingredients<\/a>. La couleur ou le design peuvent l\u00e9g\u00e8rement varier par rapport aux photos pr\u00e9sent\u00e9es. Si vous souhaitez en savoir plus sur nos produits, n'h\u00e9sitez pas \u00e0 nous contacter \u00e0 tout moment !<\/p>\n<p>Savez-vous ce qu'est le savon en papier ? Si non, <a href=\"https:\/\/holali.co.uk\/fr\/soins-du-corps\/produits-de-soins-de-la-peau\/feuilles-de-papier-savon\/?wmc-currency=EUR\" target=\"_blank\" rel=\"noopener noreferrer\">CLIQUEZ ICI<\/a><\/p>","protected":false},"excerpt":{"rendered":"<p>Exfoliating Soap &#8211; Healthy, Safe, and Effective Looking to get rid of ingrained dirt, refresh your skin, and help the absorption of beneficial skin serums and moisturizers? Look no further than Exfoliating Soap with olive oil! This soap is a gently exfoliating that helps remove dirt and debris and refresh skin and can help reduce&#8230;<\/p>","protected":false},"featured_media":8142,"comment_status":"open","ping_status":"closed","template":"","meta":{"_kad_blocks_custom_css":"","_kad_blocks_head_custom_js":"","_kad_blocks_body_custom_js":"","_kad_blocks_footer_custom_js":"","_kad_post_transparent":"default","_kad_post_title":"","_kad_post_layout":"default","_kad_post_sidebar_id":"","_kad_post_content_style":"default","_kad_post_vertical_padding":"default","_kad_post_feature":"","_kad_post_feature_position":"","_kad_post_header":false,"_kad_post_footer":false,"_kad_post_classname":"","_daim_seo_power":"","_daim_enable_ail":""},"product_brand":[],"product_cat":[262,703],"product_tag":[],"class_list":{"0":"post-8141","1":"product","2":"type-product","3":"status-publish","4":"has-post-thumbnail","6":"product_cat-olive-oil-soaps","7":"product_cat-vegan-olive-oil-soaps","9":"first","10":"instock","11":"taxable","12":"shipping-taxable","13":"purchasable","14":"product-type-simple","15":"entry","16":"content-bg","17":"loop-entry"},"taxonomy_info":{"product_cat":[{"value":262,"label":"Olive Oil Soaps"},{"value":703,"label":"Vegan Olive Oil Soaps"}]},"featured_image_src_large":["https:\/\/holali.co.uk\/wp-content\/uploads\/2022\/08\/201745.jpeg",280,280,false],"author_info":[],"comment_info":0,"_links":{"self":[{"href":"https:\/\/holali.co.uk\/fr\/wp-json\/wp\/v2\/product\/8141","targetHints":{"allow":["GET"]}}],"collection":[{"href":"https:\/\/holali.co.uk\/fr\/wp-json\/wp\/v2\/product"}],"about":[{"href":"https:\/\/holali.co.uk\/fr\/wp-json\/wp\/v2\/types\/product"}],"replies":[{"embeddable":true,"href":"https:\/\/holali.co.uk\/fr\/wp-json\/wp\/v2\/comments?post=8141"}],"wp:featuredmedia":[{"embeddable":true,"href":"https:\/\/holali.co.uk\/fr\/wp-json\/wp\/v2\/media\/8142"}],"wp:attachment":[{"href":"https:\/\/holali.co.uk\/fr\/wp-json\/wp\/v2\/media?parent=8141"}],"wp:term":[{"taxonomy":"product_brand","embeddable":true,"href":"https:\/\/holali.co.uk\/fr\/wp-json\/wp\/v2\/product_brand?post=8141"},{"taxonomy":"product_cat","embeddable":true,"href":"https:\/\/holali.co.uk\/fr\/wp-json\/wp\/v2\/product_cat?post=8141"},{"taxonomy":"product_tag","embeddable":true,"href":"https:\/\/holali.co.uk\/fr\/wp-json\/wp\/v2\/product_tag?post=8141"}],"curies":[{"name":"wp","href":"https:\/\/api.w.org\/{rel}","templated":true}]}}