{"id":8137,"date":"2022-08-30T20:00:36","date_gmt":"2022-08-30T20:00:36","guid":{"rendered":"https:\/\/holali.local\/product\/dead-sea-mud-olive-oil-soap-slice\/"},"modified":"2025-11-08T20:16:16","modified_gmt":"2025-11-08T20:16:16","slug":"savon-de-la-mer-morte-avec-huile-dolive","status":"publish","type":"product","link":"https:\/\/holali.co.uk\/fr\/product\/dead-sea-soap-with-olive-oil\/","title":{"rendered":"Savon de la mer Morte pour une peau et des cheveux sains"},"content":{"rendered":"<h2 dir=\"auto\" data-pm-slice=\"1 1 []\">Savon de la mer Morte pour une peau et des cheveux sains<\/h2>\n<p>D\u00e9couvrez le pouvoir de gu\u00e9rison de la mer Morte. Un savon unique pour le visage fabriqu\u00e9 \u00e0 partir d'ingr\u00e9dients naturels, notamment du sel marin et de l'huile d'olive extraits des eaux de la terre.<\/p>\n<p>Toujours aussi douce pour votre peau, cette exp\u00e9rience luxueuse la laissera douce, lisse et pr\u00eate \u00e0 affronter n'importe quelle t\u00e2che ! Nous pensons qu'un savon naturel peut apporter une abondance de bienfaits.<\/p>\n<p>Par exemple, une \u00e9tude a r\u00e9v\u00e9l\u00e9 que le sel de la mer Morte a la capacit\u00e9 d'emp\u00eacher la croissance des bact\u00e9ries et d'am\u00e9liorer les d\u00e9fenses naturelles de la peau pour pr\u00e9venir le d\u00e9veloppement de la bact\u00e9rie MRSA (Staphylococcus aureus r\u00e9sistant \u00e0 la m\u00e9thicilline).<\/p>\n<p>Notre site <a href=\"https:\/\/holali.co.uk\/fr\/produit\/savon-mangoustache-pour-une-peau-saine\/?wmc-currency=EUR\" title=\"Savon au mangoustan pour une peau saine\" target=\"_blank\" rel=\"noopener\"  data-wpil-monitor-id=\"1425\">natural skincare products nourish your skin<\/a>, leaving it feeling soft and supple. <a href=\"https:\/\/holali.co.uk\/fr\/produit\/savon-de-mer-sel-mousse-vegetalien-sur-une-rope\/?wmc-currency=EUR\" title=\"Savon v\u00e9g\u00e9tal sur corde, sel de mer et mousse\"  data-wpil-monitor-id=\"43\">sea<\/a>rch for a bar of soap for blackheads, a soap for acne our dead sea soap is the one. Look for further advantages of our organic soap below.<\/p>\n<ul>\n<li>Fabriqu\u00e9 avec une huile naturelle comme l'huile d'argan qui est une riche source d'antioxydants.<\/li>\n<li>The Dead Sea <a href=\"https:\/\/holali.co.uk\/fr\/produit\/savon-au-lait-de-chevre-et-a-lhuile-dolive\/?wmc-currency=EUR\" title=\"Notre savon au lait de ch\u00e8vre est un excellent savon pour le visage.\"  data-wpil-monitor-id=\"258\">soap is a facial<\/a> soap to be effective at removing dead skin cells,<\/li>\n<li>Un excellent nettoyant pour le visage aide \u00e0 \u00e9liminer les accumulations sur la peau.<\/li>\n<\/ul>\n<h6>FEATURES<\/h6>\n<ul>\n<li>Types de peau : Peau sensible.<\/li>\n<li>Zone de soins de la peau : Visage<\/li>\n<li>Poids : 100g environ.<\/li>\n<\/ul>\n<p><strong>NOTE :<\/strong> Buying handmade soap can be expensive, but this soap is affordable and paraben-free, SLS-free, and cruelty-free! We offer a variety of soaps made with olive oil and other <a href=\"https:\/\/holali.co.uk\/fr\/produit\/savon-au-pomelo-pour-la-sante-de-la-peau-et-des-cheveux\/?wmc-currency=EUR\" title=\"Savon au pomelo pour une peau et des cheveux sains\" target=\"_blank\" rel=\"noopener\"  data-wpil-monitor-id=\"1426\">natural ingredients<\/a>. La couleur ou le design peuvent l\u00e9g\u00e8rement varier par rapport aux photos pr\u00e9sent\u00e9es. Si vous souhaitez en savoir plus sur nos produits, n'h\u00e9sitez pas \u00e0 nous contacter \u00e0 tout moment !<\/p>\n<p>Savez-vous ce qu'est le savon en papier ? Si non, <a href=\"https:\/\/holali.co.uk\/fr\/vegetalien\/savons-naturels-vegan\/feuilles-de-savon-en-papier-vegan\/?wmc-currency=EUR\" target=\"_blank\" rel=\"noopener noreferrer\">CLIQUEZ ICI<\/a><\/p>","protected":false},"excerpt":{"rendered":"<p>Dead Sea Soap For Healthy Skin and Hair Experience the healing power of the Dead Sea. A unique soap for the face made from natural ingredients, including marine salt and olive oil extracted from the earth&#8217;s waters. Ever so gentle on your skin, this luxurious experience will leave your skin feeling soft, smooth, and ready&#8230;<\/p>","protected":false},"featured_media":8138,"comment_status":"open","ping_status":"closed","template":"","meta":{"_kad_blocks_custom_css":"","_kad_blocks_head_custom_js":"","_kad_blocks_body_custom_js":"","_kad_blocks_footer_custom_js":"","_kad_post_transparent":"default","_kad_post_title":"","_kad_post_layout":"default","_kad_post_sidebar_id":"","_kad_post_content_style":"default","_kad_post_vertical_padding":"default","_kad_post_feature":"","_kad_post_feature_position":"","_kad_post_header":false,"_kad_post_footer":false,"_kad_post_classname":"","_daim_seo_power":"","_daim_enable_ail":""},"product_brand":[],"product_cat":[262,703],"product_tag":[],"class_list":{"0":"post-8137","1":"product","2":"type-product","3":"status-publish","4":"has-post-thumbnail","6":"product_cat-olive-oil-soaps","7":"product_cat-vegan-olive-oil-soaps","9":"first","10":"instock","11":"taxable","12":"shipping-taxable","13":"purchasable","14":"product-type-simple","15":"entry","16":"content-bg","17":"loop-entry"},"taxonomy_info":{"product_cat":[{"value":262,"label":"Olive Oil Soaps"},{"value":703,"label":"Vegan Olive Oil Soaps"}]},"featured_image_src_large":["https:\/\/holali.co.uk\/wp-content\/uploads\/2022\/08\/201743.jpeg",280,280,false],"author_info":[],"comment_info":0,"_links":{"self":[{"href":"https:\/\/holali.co.uk\/fr\/wp-json\/wp\/v2\/product\/8137","targetHints":{"allow":["GET"]}}],"collection":[{"href":"https:\/\/holali.co.uk\/fr\/wp-json\/wp\/v2\/product"}],"about":[{"href":"https:\/\/holali.co.uk\/fr\/wp-json\/wp\/v2\/types\/product"}],"replies":[{"embeddable":true,"href":"https:\/\/holali.co.uk\/fr\/wp-json\/wp\/v2\/comments?post=8137"}],"wp:featuredmedia":[{"embeddable":true,"href":"https:\/\/holali.co.uk\/fr\/wp-json\/wp\/v2\/media\/8138"}],"wp:attachment":[{"href":"https:\/\/holali.co.uk\/fr\/wp-json\/wp\/v2\/media?parent=8137"}],"wp:term":[{"taxonomy":"product_brand","embeddable":true,"href":"https:\/\/holali.co.uk\/fr\/wp-json\/wp\/v2\/product_brand?post=8137"},{"taxonomy":"product_cat","embeddable":true,"href":"https:\/\/holali.co.uk\/fr\/wp-json\/wp\/v2\/product_cat?post=8137"},{"taxonomy":"product_tag","embeddable":true,"href":"https:\/\/holali.co.uk\/fr\/wp-json\/wp\/v2\/product_tag?post=8137"}],"curies":[{"name":"wp","href":"https:\/\/api.w.org\/{rel}","templated":true}]}}