{"id":8129,"date":"2022-08-30T20:00:35","date_gmt":"2022-08-30T20:00:35","guid":{"rendered":"https:\/\/holali.local\/product\/lemon-olive-oil-soap-slice-slice\/"},"modified":"2025-09-13T17:16:07","modified_gmt":"2025-09-13T17:16:07","slug":"savon-citron-huile-olive","status":"publish","type":"product","link":"https:\/\/holali.co.uk\/fr\/product\/lemon-soap-with-olive-oil\/","title":{"rendered":"Savon au citron - propre, doux et hydratant"},"content":{"rendered":"<h2>Savon au citron - propre, doux et hydratant<\/h2>\n<p><a href=\"https:\/\/holali.co.uk\/wp-content\/uploads\/2022\/08\/Lemon-Soap-\u2013-Clean-Gentle-and-Moisturizing.jpeg\"><img loading=\"lazy\" decoding=\"async\" class=\"alignnone size-medium wp-image-12179\" src=\"https:\/\/holali.co.uk\/wp-content\/uploads\/2022\/08\/Lemon-Soap-\u2013-Clean-Gentle-and-Moisturizing-300x300.jpeg\" alt=\"\" width=\"300\" height=\"300\" title=\"\" srcset=\"https:\/\/holali.co.uk\/wp-content\/uploads\/2022\/08\/Lemon-Soap-\u2013-Clean-Gentle-and-Moisturizing-300x300.jpeg 300w, https:\/\/holali.co.uk\/wp-content\/uploads\/2022\/08\/Lemon-Soap-\u2013-Clean-Gentle-and-Moisturizing-150x150.jpeg 150w, https:\/\/holali.co.uk\/wp-content\/uploads\/2022\/08\/Lemon-Soap-\u2013-Clean-Gentle-and-Moisturizing-768x768.jpeg 768w, https:\/\/holali.co.uk\/wp-content\/uploads\/2022\/08\/Lemon-Soap-\u2013-Clean-Gentle-and-Moisturizing-12x12.jpeg 12w, https:\/\/holali.co.uk\/wp-content\/uploads\/2022\/08\/Lemon-Soap-\u2013-Clean-Gentle-and-Moisturizing-465x465.jpeg 465w, https:\/\/holali.co.uk\/wp-content\/uploads\/2022\/08\/Lemon-Soap-\u2013-Clean-Gentle-and-Moisturizing-100x100.jpeg 100w, https:\/\/holali.co.uk\/wp-content\/uploads\/2022\/08\/Lemon-Soap-\u2013-Clean-Gentle-and-Moisturizing-930x930.jpeg 930w, https:\/\/holali.co.uk\/wp-content\/uploads\/2022\/08\/Lemon-Soap-\u2013-Clean-Gentle-and-Moisturizing-154x154.jpeg 154w, https:\/\/holali.co.uk\/wp-content\/uploads\/2022\/08\/Lemon-Soap-\u2013-Clean-Gentle-and-Moisturizing-77x77.jpeg 77w, https:\/\/holali.co.uk\/wp-content\/uploads\/2022\/08\/Lemon-Soap-\u2013-Clean-Gentle-and-Moisturizing.jpeg 1024w\" sizes=\"auto, (max-width: 300px) 100vw, 300px\" \/><\/a><\/p>\n<p>Lorsqu'il s'agit d'avoir une peau belle et saine, le savon au citron est l'outil id\u00e9al. L'huile d'olive a des propri\u00e9t\u00e9s raffermissantes et aide \u00e0 contr\u00f4ler les boutons d'acn\u00e9 et les impuret\u00e9s en g\u00e9n\u00e9ral.<\/p>\n<p>Le savon au citron peut \u00eatre utilis\u00e9 sur le visage mais doit \u00eatre utilis\u00e9 avec pr\u00e9caution car c'est un nettoyant acide. Il revitalise \u00e9galement votre peau et lui donne un aspect plus jeune.<\/p>\n<h5>LES AVANTAGES DE L'UTILISATION DU SAVON AU CITRON AVEC DE L'HUILE D'OLIVE COMME SOIN DE LA PEAU<\/h5>\n<ol>\n<li>Fabriqu\u00e9 avec des huiles organiques et du vrai citron, ce qui cr\u00e9e un parfum rafra\u00eechissant et piquant.<\/li>\n<li>Votre peau vous remerciera d'avoir utilis\u00e9 ce produit.<\/li>\n<li>Convient \u00e0 tous les \u00e2ges, sans danger pour toute la famille.<\/li>\n<li>Ce savon est un moyen naturel de r\u00e9duire la s\u00e9cheresse, en plus de son parfum de citron.<\/li>\n<li>Les propri\u00e9t\u00e9s du savon, telles que le traitement de l'acn\u00e9 et le rajeunissement de la peau, en font un excellent nettoyant facial en profondeur.<\/li>\n<\/ol>\n<p>Le savon naturel \u00e0 l'huile d'olive est un type de savon populaire fabriqu\u00e9 \u00e0 partir d'huile d'olive extra vierge et de divers autres ingr\u00e9dients. Il est fabriqu\u00e9 \u00e0 la main selon la m\u00e9thode traditionnelle de fabrication \u00e0 froid, qui consiste \u00e0 m\u00e9langer des huiles, de la soude et de l'eau dans une grande casserole.<\/p>\n<p>Les savons \u00e0 l'huile d'olive existent depuis des si\u00e8cles, mais ce n'est que r\u00e9cemment qu'ils ont \u00e9t\u00e9 pris au s\u00e9rieux comme alternative aux savons traditionnels. La m\u00e9thode de fabrication \u00e0 froid prend du temps et est co\u00fbteuse \u00e0 produire.<\/p>\n<p>Le lent processus de fabrication du savon \u00e0 l'huile d'olive peut \u00eatre attribu\u00e9 \u00e0 sa popularit\u00e9 en Europe dans les ann\u00e9es 1800, o\u00f9 il \u00e9tait utilis\u00e9 comme rem\u00e8de naturel pour de nombreuses affections cutan\u00e9es.<\/p>\n<h6>FEATURES<\/h6>\n<ul>\n<li>Types : Peau normale, s\u00e8che et sensible<\/li>\n<li>Zone de soins : Visage Corps<\/li>\n<li>Poids : 100g environ<\/li>\n<\/ul>\n<p><strong>NOTE :<\/strong> Acheter un savon fait main peut \u00eatre co\u00fbteux, mais celui-ci est abordable et sans parab\u00e8ne, sans SLS et sans cruaut\u00e9 ! Nous proposons une vari\u00e9t\u00e9 de savons fabriqu\u00e9s avec de l'huile d'olive et d'autres ingr\u00e9dients naturels. La couleur ou le motif peuvent varier l\u00e9g\u00e8rement par rapport aux photos pr\u00e9sent\u00e9es. Si vous souhaitez en savoir plus sur nos produits, n'h\u00e9sitez pas \u00e0 nous contacter \u00e0 tout moment !<\/p>\n<p>Do you know what <a title=\"Savon au charbon actif et au citron\" href=\"https:\/\/holali.co.uk\/fr\/produit\/charbon-de-bois-soap-85g-citron\/?wmc-currency=EUR\" data-wpil-monitor-id=\"174\">lemon paper soap<\/a> is? If not, <a href=\"https:\/\/holali.co.uk\/fr\/soins-du-corps\/produits-de-soins-de-la-peau\/feuilles-de-papier-savon\/?wmc-currency=EUR\">CLIQUEZ ICI<\/a><\/p>","protected":false},"excerpt":{"rendered":"<p>https:\/\/www.youtube.com\/shorts\/lQH8dUEqNgY<\/p>","protected":false},"featured_media":8130,"comment_status":"open","ping_status":"closed","template":"","meta":{"_kad_blocks_custom_css":"","_kad_blocks_head_custom_js":"","_kad_blocks_body_custom_js":"","_kad_blocks_footer_custom_js":"","_kad_post_transparent":"default","_kad_post_title":"","_kad_post_layout":"default","_kad_post_sidebar_id":"","_kad_post_content_style":"default","_kad_post_vertical_padding":"default","_kad_post_feature":"","_kad_post_feature_position":"","_kad_post_header":false,"_kad_post_footer":false,"_kad_post_classname":"","_daim_seo_power":"1000","_daim_enable_ail":"1"},"product_brand":[],"product_cat":[262,703],"product_tag":[],"class_list":{"0":"post-8129","1":"product","2":"type-product","3":"status-publish","4":"has-post-thumbnail","6":"product_cat-olive-oil-soaps","7":"product_cat-vegan-olive-oil-soaps","9":"first","10":"instock","11":"taxable","12":"shipping-taxable","13":"purchasable","14":"product-type-simple","15":"entry","16":"content-bg","17":"loop-entry"},"taxonomy_info":{"product_cat":[{"value":262,"label":"Olive Oil Soaps"},{"value":703,"label":"Vegan Olive Oil Soaps"}]},"featured_image_src_large":["https:\/\/holali.co.uk\/wp-content\/uploads\/2022\/08\/201738.jpeg",280,280,false],"author_info":[],"comment_info":0,"_links":{"self":[{"href":"https:\/\/holali.co.uk\/fr\/wp-json\/wp\/v2\/product\/8129","targetHints":{"allow":["GET"]}}],"collection":[{"href":"https:\/\/holali.co.uk\/fr\/wp-json\/wp\/v2\/product"}],"about":[{"href":"https:\/\/holali.co.uk\/fr\/wp-json\/wp\/v2\/types\/product"}],"replies":[{"embeddable":true,"href":"https:\/\/holali.co.uk\/fr\/wp-json\/wp\/v2\/comments?post=8129"}],"wp:featuredmedia":[{"embeddable":true,"href":"https:\/\/holali.co.uk\/fr\/wp-json\/wp\/v2\/media\/8130"}],"wp:attachment":[{"href":"https:\/\/holali.co.uk\/fr\/wp-json\/wp\/v2\/media?parent=8129"}],"wp:term":[{"taxonomy":"product_brand","embeddable":true,"href":"https:\/\/holali.co.uk\/fr\/wp-json\/wp\/v2\/product_brand?post=8129"},{"taxonomy":"product_cat","embeddable":true,"href":"https:\/\/holali.co.uk\/fr\/wp-json\/wp\/v2\/product_cat?post=8129"},{"taxonomy":"product_tag","embeddable":true,"href":"https:\/\/holali.co.uk\/fr\/wp-json\/wp\/v2\/product_tag?post=8129"}],"curies":[{"name":"wp","href":"https:\/\/api.w.org\/{rel}","templated":true}]}}