{"id":8127,"date":"2022-08-30T20:00:34","date_gmt":"2022-08-30T20:00:34","guid":{"rendered":"https:\/\/holali.local\/product\/lavender-olive-oil-soap-slice\/"},"modified":"2025-11-08T20:28:55","modified_gmt":"2025-11-08T20:28:55","slug":"savon-lavande-avec-huile-olive","status":"publish","type":"product","link":"https:\/\/holali.co.uk\/fr\/product\/lavender-soap-with-olive-oil\/","title":{"rendered":"Savon \u00e0 la lavande pour une peau douce et lisse"},"content":{"rendered":"<h2 dir=\"auto\" data-pm-slice=\"1 1 []\">Savon \u00e0 la lavande pour une peau douce et lisse<\/h2>\n<p>Notre savon \u00e0 la lavande est un m\u00e9lange unique d'huile d'olive et de lavande, qui est parfait non seulement pour les soins de la peau et l'hygi\u00e8ne personnelle, mais aussi pour l'utilisation de vos produits de soins faits maison.<\/p>\n<p>Le parfum apaisant et vivifiant des huiles essentielles pures vous aidera \u00e0 vous sentir plus d\u00e9tendu et en meilleure sant\u00e9. Le savon \u00e0 la lavande est un excellent compl\u00e9ment \u00e0 toute salle de bains.<\/p>\n<p>Son ar\u00f4me naturel apaisant en fait l'un des types de savon les plus populaires \u00e0 l'heure actuelle.<\/p>\n<h5>LES AVANTAGES DE L'UTILISATION DU SAVON \u00c0 LA LAVANDE AVEC DE L'HUILE D'OLIVE COMME ROUTINE DE SOINS DE LA PEAU<\/h5>\n<ul>\n<li>Luxurious <a href=\"https:\/\/holali.co.uk\/fr\/produit\/lavender-white-soap-bar\/?wmc-currency=EUR\" title=\"Pain de savon blanc \u00e0 la lavande\"  data-wpil-monitor-id=\"141\">soap with the scent of lavender<\/a>, which has been scientifically proven to have:<\/li>\n<\/ul>\n<ol>\n<li>propri\u00e9t\u00e9s antifongiques<\/li>\n<li>propri\u00e9t\u00e9s antibact\u00e9riennes.<\/li>\n<\/ol>\n<ul>\n<li>Fabriqu\u00e9 avec de l'huile d'olive, qui aide \u00e0 pr\u00e9venir la propagation des bact\u00e9ries en tuant tout germe ou bact\u00e9rie qui tente de s'y attacher gr\u00e2ce \u00e0 ses propri\u00e9t\u00e9s antiseptiques.<\/li>\n<\/ul>\n<p><a href=\"https:\/\/holali.co.uk\/fr\/produit\/pain-de-savon-fait-main-glace-framboise-approx-100g\/?wmc-currency=EUR\" title=\"Savon artisanal \u00e0 la framboise\" target=\"_blank\" rel=\"noopener\"  data-wpil-monitor-id=\"1201\">Natural olive oil soap<\/a> is a popular type of soap made with extra virgin olive oil and a variety of other ingredients. It is handmade through the traditional cold process-making method, which involves mixing oils, lye, and water together in a large pot.<\/p>\n<p><a href=\"https:\/\/holali.co.uk\/fr\/produit\/vanilla-hand-soap-with-olive-oil\/?wmc-currency=EUR\" title=\"Le meilleur savon \u00e0 la vanille pour les mains s\u00e8ches\" target=\"_blank\" rel=\"noopener\"  data-wpil-monitor-id=\"1237\">Olive oil soaps<\/a> have been around for centuries, but only recently have they been taken seriously as an alternative to traditionally made soaps. The cold process-making method is time-consuming and costly to produce.<\/p>\n<p>The slow process of making <a href=\"https:\/\/holali.co.uk\/fr\/produit\/barre-de-savon-a-la-poudre-de-bebe-100g-2\/?wmc-currency=EUR\" title=\"Savon en poudre pour b\u00e9b\u00e9 pour les enfants et les femmes enceintes\" target=\"_blank\" rel=\"noopener\"  data-wpil-monitor-id=\"1594\">olive oil soap<\/a> can be attributed to its popularity in Europe during the 1800s when it was used as a natural remedy for many skin conditions.<\/p>\n<h6>FEATURES<\/h6>\n<ul>\n<li>Types : Peau normale, s\u00e8che et sensible<\/li>\n<li>Zone de soins : Visage Corps<\/li>\n<li>Poids : 100g environ<\/li>\n<\/ul>\n<p><strong>NOTE<\/strong>: Buying handmade soap can be expensive, but this one is affordable and paraben-free, SLS-free, and cruelty-free! We offer a variety of soaps made with olive oil and other <a href=\"https:\/\/holali.co.uk\/fr\/produit\/pain-de-savon-fait-main-glace-de-pasteque-approx-100g\/?wmc-currency=EUR\" title=\"Savon artisanal \u00e0 la past\u00e8que\" target=\"_blank\" rel=\"noopener\"  data-wpil-monitor-id=\"1577\">natural ingredients<\/a>. La couleur ou le design peuvent l\u00e9g\u00e8rement varier par rapport aux photos pr\u00e9sent\u00e9es. Si vous souhaitez en savoir plus sur nos produits, n'h\u00e9sitez pas \u00e0 nous contacter \u00e0 tout moment !<\/p>\n<p>Savez-vous ce qu'est le savon en papier ? Si non, <a href=\"https:\/\/holali.co.uk\/fr\/soins-du-corps\/produits-de-soins-de-la-peau\/feuilles-de-papier-savon\/?wmc-currency=EUR\" target=\"_blank\" rel=\"noopener noreferrer\">CLIQUEZ ICI<\/a><\/p>","protected":false},"excerpt":{"rendered":"<p>Lavender Soap for Soft, Smooth Skin Our lavender soap is a unique blend of olive oil and lavender, which is perfect not only for skin care and personal hygiene but also for the use of your homemade skin-care products. The soothing and invigorating scent of pure essential oils will help you feel more relaxed and&#8230;<\/p>","protected":false},"featured_media":8128,"comment_status":"open","ping_status":"closed","template":"","meta":{"_kad_blocks_custom_css":"","_kad_blocks_head_custom_js":"","_kad_blocks_body_custom_js":"","_kad_blocks_footer_custom_js":"","_kad_post_transparent":"default","_kad_post_title":"","_kad_post_layout":"default","_kad_post_sidebar_id":"","_kad_post_content_style":"default","_kad_post_vertical_padding":"default","_kad_post_feature":"","_kad_post_feature_position":"","_kad_post_header":false,"_kad_post_footer":false,"_kad_post_classname":"","_daim_seo_power":"","_daim_enable_ail":""},"product_brand":[],"product_cat":[262,703],"product_tag":[],"class_list":{"0":"post-8127","1":"product","2":"type-product","3":"status-publish","4":"has-post-thumbnail","6":"product_cat-olive-oil-soaps","7":"product_cat-vegan-olive-oil-soaps","9":"first","10":"instock","11":"taxable","12":"shipping-taxable","13":"purchasable","14":"product-type-simple","15":"entry","16":"content-bg","17":"loop-entry"},"taxonomy_info":{"product_cat":[{"value":262,"label":"Olive Oil Soaps"},{"value":703,"label":"Vegan Olive Oil Soaps"}]},"featured_image_src_large":["https:\/\/holali.co.uk\/wp-content\/uploads\/2022\/08\/201737.jpeg",280,280,false],"author_info":[],"comment_info":0,"_links":{"self":[{"href":"https:\/\/holali.co.uk\/fr\/wp-json\/wp\/v2\/product\/8127","targetHints":{"allow":["GET"]}}],"collection":[{"href":"https:\/\/holali.co.uk\/fr\/wp-json\/wp\/v2\/product"}],"about":[{"href":"https:\/\/holali.co.uk\/fr\/wp-json\/wp\/v2\/types\/product"}],"replies":[{"embeddable":true,"href":"https:\/\/holali.co.uk\/fr\/wp-json\/wp\/v2\/comments?post=8127"}],"wp:featuredmedia":[{"embeddable":true,"href":"https:\/\/holali.co.uk\/fr\/wp-json\/wp\/v2\/media\/8128"}],"wp:attachment":[{"href":"https:\/\/holali.co.uk\/fr\/wp-json\/wp\/v2\/media?parent=8127"}],"wp:term":[{"taxonomy":"product_brand","embeddable":true,"href":"https:\/\/holali.co.uk\/fr\/wp-json\/wp\/v2\/product_brand?post=8127"},{"taxonomy":"product_cat","embeddable":true,"href":"https:\/\/holali.co.uk\/fr\/wp-json\/wp\/v2\/product_cat?post=8127"},{"taxonomy":"product_tag","embeddable":true,"href":"https:\/\/holali.co.uk\/fr\/wp-json\/wp\/v2\/product_tag?post=8127"}],"curies":[{"name":"wp","href":"https:\/\/api.w.org\/{rel}","templated":true}]}}