{"id":8125,"date":"2022-08-30T20:00:34","date_gmt":"2022-08-30T20:00:34","guid":{"rendered":"https:\/\/holali.local\/product\/rosemary-olive-oil-soap-slice\/"},"modified":"2025-09-15T02:39:35","modified_gmt":"2025-09-15T02:39:35","slug":"savon-romarin-huile-olive-pour-peau-seche","status":"publish","type":"product","link":"https:\/\/holali.co.uk\/fr\/product\/rosemary-soap-with-olive-oil-for-dry-skin\/","title":{"rendered":"Savon au romarin et \u00e0 l'huile d'olive pour les peaux s\u00e8ches"},"content":{"rendered":"<h2 dir=\"auto\" data-pm-slice=\"1 1 []\">Savon au romarin et \u00e0 l'huile d'olive pour les peaux s\u00e8ches<\/h2>\n<p dir=\"auto\" data-pm-slice=\"1 1 []\">Le savon au romarin et \u00e0 l'huile d'olive est un savon anti-inflammatoire, apaisant et qui am\u00e9liore la peau. Nos savons faits \u00e0 la main sont fabriqu\u00e9s \u00e0 partir d'une vari\u00e9t\u00e9 d'ingr\u00e9dients naturels et biologiques et d'huiles essentielles pures pour obtenir les meilleurs r\u00e9sultats. Obtenez votre savon compl\u00e9mentaire d\u00e8s aujourd'hui !<\/p>\n<h5 dir=\"auto\" data-pm-slice=\"1 1 []\">AVANTAGES<\/h5>\n<ul data-pm-slice=\"3 3 []\">\n<li>\n<p dir=\"auto\">Le romarin est l'une des meilleures herbes pour votre peau. Il hydrate, resserre et tonifie.<\/p>\n<\/li>\n<li>\n<p dir=\"auto\">L'huile d'olive pr\u00e9sente de nombreux avantages qui en font un ingr\u00e9dient suppl\u00e9mentaire parfait pour un pain de savon.<\/p>\n<\/li>\n<li>\n<p dir=\"auto\">D\u00e9barrassez-vous des douleurs musculaires, des douleurs articulaires et des rides du front en un rien de temps avec ce m\u00e9lange !<\/p>\n<\/li>\n<\/ul>\n<h6>HISTOIRE DE L'HUILE D'OLIVE<\/h6>\n<p>Natural <a href=\"https:\/\/holali.co.uk\/fr\/produit\/vanilla-hand-soap-with-olive-oil\/?wmc-currency=EUR\" title=\"Le meilleur savon \u00e0 la vanille pour les mains s\u00e8ches\" target=\"_blank\" rel=\"noopener\"  data-wpil-monitor-id=\"1242\">olive oil soap<\/a> is a popular type of soap made with extra virgin olive oil and a variety of other ingredients. It is handmade through the traditional cold process-making method, which involves mixing oils, lye, and water together in a large pot.<\/p>\n<p>Les savons \u00e0 l'huile d'olive existent depuis des si\u00e8cles, mais ce n'est que r\u00e9cemment qu'ils ont \u00e9t\u00e9 pris au s\u00e9rieux comme alternative aux savons traditionnels. La m\u00e9thode de fabrication \u00e0 froid prend du temps et est co\u00fbteuse \u00e0 produire.<\/p>\n<p>The slow process of making <a href=\"https:\/\/holali.co.uk\/fr\/produit\/yorkshire-violet-soap-bar-100g-2\/?wmc-currency=EUR\" title=\"Savon biologique \u00e0 la violette pour les peaux sensibles\" target=\"_blank\" rel=\"noopener\"  data-wpil-monitor-id=\"1656\">olive oil soap<\/a> can be attributed to its popularity in Europe during the 1800s when it was used as a natural remedy for many skin conditions.<\/p>\n<h6>FEATURES<\/h6>\n<ul>\n<li>Types : Peau normale, s\u00e8che et sensible<\/li>\n<li>Zone de soins : Visage Corps<\/li>\n<li>Poids : 100g environ<\/li>\n<\/ul>\n<p><strong>NOTE :<\/strong>\u00a0Buying handmade soap can be expensive, but this one is affordable and paraben-free, SLS-free, and cruelty-free! We offer a variety of <a href=\"https:\/\/holali.co.uk\/fr\/produit\/savon-herbe-avec-huile-dolive-herbe-de-grace\/?wmc-currency=EUR\" title=\"Savon aux herbes et \u00e0 l&#039;huile d&#039;olive pour une peau douce et propre\"  data-wpil-monitor-id=\"295\">soaps made with olive oil<\/a> and other natural ingredients. The color or design may slightly vary from the pictures shown. If you would like to know more about our products, feel free to contact us at any time!<\/p>\n<p>Connaissez-vous le savon en papier ? Si ce n'est pas le cas,\u00a0<a href=\"https:\/\/holali.co.uk\/fr\/soins-du-corps\/produits-de-soins-de-la-peau\/feuilles-de-papier-savon\/?wmc-currency=EUR\" target=\"_blank\" rel=\"noopener noreferrer\">CLIQUEZ ICI<\/a><\/p>","protected":false},"excerpt":{"rendered":"<p>Rosemary Soap with Olive Oil for Dry Skin Rosemary Soap With Olive Oil is an anti-inflammatory, soothing, and skin-improving soap. Our handmade soaps are made from a variety of natural, organic ingredients and pure essential oils for the best results. Get your complementary soap today! BENEFITS Rosemary is one of the best herbs for your&#8230;<\/p>","protected":false},"featured_media":8126,"comment_status":"open","ping_status":"closed","template":"","meta":{"_kad_blocks_custom_css":"","_kad_blocks_head_custom_js":"","_kad_blocks_body_custom_js":"","_kad_blocks_footer_custom_js":"","_kad_post_transparent":"default","_kad_post_title":"","_kad_post_layout":"default","_kad_post_sidebar_id":"","_kad_post_content_style":"default","_kad_post_vertical_padding":"default","_kad_post_feature":"","_kad_post_feature_position":"","_kad_post_header":false,"_kad_post_footer":false,"_kad_post_classname":"","_daim_seo_power":"","_daim_enable_ail":""},"product_brand":[],"product_cat":[262,703],"product_tag":[],"class_list":{"0":"post-8125","1":"product","2":"type-product","3":"status-publish","4":"has-post-thumbnail","6":"product_cat-olive-oil-soaps","7":"product_cat-vegan-olive-oil-soaps","9":"first","10":"instock","11":"taxable","12":"shipping-taxable","13":"purchasable","14":"product-type-simple","15":"entry","16":"content-bg","17":"loop-entry"},"taxonomy_info":{"product_cat":[{"value":262,"label":"Olive Oil Soaps"},{"value":703,"label":"Vegan Olive Oil Soaps"}]},"featured_image_src_large":["https:\/\/holali.co.uk\/wp-content\/uploads\/2022\/08\/201736.jpeg",280,280,false],"author_info":[],"comment_info":0,"_links":{"self":[{"href":"https:\/\/holali.co.uk\/fr\/wp-json\/wp\/v2\/product\/8125","targetHints":{"allow":["GET"]}}],"collection":[{"href":"https:\/\/holali.co.uk\/fr\/wp-json\/wp\/v2\/product"}],"about":[{"href":"https:\/\/holali.co.uk\/fr\/wp-json\/wp\/v2\/types\/product"}],"replies":[{"embeddable":true,"href":"https:\/\/holali.co.uk\/fr\/wp-json\/wp\/v2\/comments?post=8125"}],"wp:featuredmedia":[{"embeddable":true,"href":"https:\/\/holali.co.uk\/fr\/wp-json\/wp\/v2\/media\/8126"}],"wp:attachment":[{"href":"https:\/\/holali.co.uk\/fr\/wp-json\/wp\/v2\/media?parent=8125"}],"wp:term":[{"taxonomy":"product_brand","embeddable":true,"href":"https:\/\/holali.co.uk\/fr\/wp-json\/wp\/v2\/product_brand?post=8125"},{"taxonomy":"product_cat","embeddable":true,"href":"https:\/\/holali.co.uk\/fr\/wp-json\/wp\/v2\/product_cat?post=8125"},{"taxonomy":"product_tag","embeddable":true,"href":"https:\/\/holali.co.uk\/fr\/wp-json\/wp\/v2\/product_tag?post=8125"}],"curies":[{"name":"wp","href":"https:\/\/api.w.org\/{rel}","templated":true}]}}