{"id":8123,"date":"2022-08-30T20:00:34","date_gmt":"2022-08-30T20:00:34","guid":{"rendered":"https:\/\/holali.local\/product\/noni-olive-oil-soap-slice\/"},"modified":"2025-09-13T17:14:42","modified_gmt":"2025-09-13T17:14:42","slug":"noni-savon-avec-huile-dolive","status":"publish","type":"product","link":"https:\/\/holali.co.uk\/fr\/product\/noni-soap-for-eczema-with-olive-oil\/","title":{"rendered":"Savon au noni pour l'ecz\u00e9ma, l'acn\u00e9 et la rosac\u00e9e"},"content":{"rendered":"<h2>Savon au noni pour l'ecz\u00e9ma, l'acn\u00e9 et la rosac\u00e9e<\/h2>\n<p>Our noni soap for <a href=\"https:\/\/simple.wikipedia.org\/wiki\/Eczema\" target=\"_blank\" rel=\"noopener\">eczema<\/a> is a great way to support the natural regeneration of your skin. Noni juice has been used for centuries and has amazing healing properties as you can see below.<\/p>\n<h5>AVANTAGES DU JUS DE NONI<\/h5>\n<ul>\n<li>R\u00e9sultat de l'utilisation d'ingr\u00e9dients naturels tels que des fibres, des vitamines, des antioxydants et des min\u00e9raux.<\/li>\n<li>C'est un rem\u00e8de naturel pour de nombreuses maladies et affections. Il est \u00e9galement connu pour avoir des effets positifs sur le syst\u00e8me immunitaire.<\/li>\n<li>Aider les gens \u00e0 perdre du poids en stimulant leur m\u00e9tabolisme et en les faisant se sentir rassasi\u00e9s en consommant moins de nourriture.<\/li>\n<\/ul>\n<p>In our <a href=\"https:\/\/holali.co.uk\/fr\/vegetalien\/savons-naturels-vegan\/savons-a-lhuile-dolive-vegan\/?wmc-currency=EUR\">noni soap for eczema<\/a>, we have combined all-natural ingredients with a special blend of oils that nourish and moisturize the skin for healthy and beautiful-looking skin, free of acne, rashes, and irritation.<\/p>\n<h6>NONI SOAP FOR ECZEMA WITH OLIVE OIL, THE SKIN REGENERATION, TO USE AS A SKIN CARE ROUTINE.<\/h6>\n<ol>\n<li>Un savon naturel et doux qui nettoie et apaise votre peau, la laissant saine et revitalis\u00e9e.<\/li>\n<li>L'extrait de fruit de l'huile d'olive nourrit la peau en profondeur pour un nettoyage imm\u00e9diat.<\/li>\n<li>Il est id\u00e9al pour les mains s\u00e8ches et les zones rugueuses.<\/li>\n<li>Convient \u00e0 tous les types de peau et de corps.<\/li>\n<\/ol>\n<p>Le savon naturel \u00e0 l'huile d'olive est un type de savon populaire fabriqu\u00e9 \u00e0 partir d'huile d'olive extra vierge et de divers autres ingr\u00e9dients. Il est fabriqu\u00e9 \u00e0 la main selon la m\u00e9thode traditionnelle de fabrication \u00e0 froid, qui consiste \u00e0 m\u00e9langer des huiles, de la soude et de l'eau dans une grande casserole.<\/p>\n<p>Les savons \u00e0 l'huile d'olive existent depuis des si\u00e8cles, mais ce n'est que r\u00e9cemment qu'ils ont \u00e9t\u00e9 pris au s\u00e9rieux comme alternative aux savons traditionnels. La m\u00e9thode de fabrication \u00e0 froid prend du temps et est co\u00fbteuse \u00e0 produire.<\/p>\n<p>Le lent processus de fabrication du savon \u00e0 l'huile d'olive peut \u00eatre attribu\u00e9 \u00e0 sa popularit\u00e9 en Europe dans les ann\u00e9es 1800, o\u00f9 il \u00e9tait utilis\u00e9 comme rem\u00e8de naturel pour de nombreuses affections cutan\u00e9es.<\/p>\n<h6>FEATURES<\/h6>\n<ul>\n<li>Types : Peau normale, s\u00e8che et sensible<\/li>\n<li>Zone de soins : Visage Corps<\/li>\n<li>Poids : 100g environ<\/li>\n<\/ul>\n<p><strong>NOTE :<\/strong> Acheter un savon fait main peut \u00eatre co\u00fbteux, mais celui-ci est abordable et sans parab\u00e8ne, sans SLS et sans cruaut\u00e9 ! Nous proposons une vari\u00e9t\u00e9 de savons fabriqu\u00e9s avec de l'huile d'olive et d'autres ingr\u00e9dients naturels. La couleur ou le motif peuvent varier l\u00e9g\u00e8rement par rapport aux photos pr\u00e9sent\u00e9es. Si vous souhaitez en savoir plus sur nos produits, n'h\u00e9sitez pas \u00e0 nous contacter \u00e0 tout moment !<\/p>\n<p>Savez-vous ce qu'est le savon en papier ? Si non, <a href=\"https:\/\/holali.co.uk\/fr\/soins-du-corps\/produits-de-soins-de-la-peau\/feuilles-de-papier-savon\/?wmc-currency=EUR\" target=\"_blank\" rel=\"noopener noreferrer\">CLIQUEZ ICI<\/a><\/p>\n<p><img loading=\"lazy\" decoding=\"async\" class=\"alignnone size-medium\" src=\"https:\/\/holali.co.uk\/wp-content\/uploads\/2022\/08\/noni-soap-beige-green.webp\" width=\"560\" height=\"560\" alt=\"\" title=\"\"><\/p>\n<p>&nbsp;<\/p>\n<p><img loading=\"lazy\" decoding=\"async\" class=\"alignnone size-medium\" src=\"https:\/\/holali.co.uk\/wp-content\/uploads\/2022\/08\/noni-soap-for-eczema.webp\" width=\"845\" height=\"409\" alt=\"\" title=\"\"><\/p>\n<p>&nbsp;<\/p>","protected":false},"excerpt":{"rendered":"<p>Soothe irritated skin with Noni Soap for Eczema \u2014 nature\u2019s gentle remedy infused with antioxidant-rich noni fruit to calm redness, reduce itching, and restore your skin\u2019s natural balance. Dermatologist-tested. Fragrance-free. Perfect for sensitive, eczema-prone skin. Wash away discomfort. Embrace relief.<\/p>\n<p>https:\/\/youtu.be\/EeMGy9lgu9Y?si=gBeTyptG8OEvi969<\/p>","protected":false},"featured_media":8124,"comment_status":"open","ping_status":"closed","template":"","meta":{"_kad_blocks_custom_css":"","_kad_blocks_head_custom_js":"","_kad_blocks_body_custom_js":"","_kad_blocks_footer_custom_js":"","_kad_post_transparent":"default","_kad_post_title":"","_kad_post_layout":"default","_kad_post_sidebar_id":"","_kad_post_content_style":"default","_kad_post_vertical_padding":"default","_kad_post_feature":"","_kad_post_feature_position":"","_kad_post_header":false,"_kad_post_footer":false,"_kad_post_classname":"","_daim_seo_power":"1000","_daim_enable_ail":"1"},"product_brand":[],"product_cat":[262,703],"product_tag":[],"class_list":{"0":"post-8123","1":"product","2":"type-product","3":"status-publish","4":"has-post-thumbnail","6":"product_cat-olive-oil-soaps","7":"product_cat-vegan-olive-oil-soaps","9":"first","10":"instock","11":"taxable","12":"shipping-taxable","13":"purchasable","14":"product-type-simple","15":"entry","16":"content-bg","17":"loop-entry"},"taxonomy_info":{"product_cat":[{"value":262,"label":"Olive Oil Soaps"},{"value":703,"label":"Vegan Olive Oil Soaps"}]},"featured_image_src_large":["https:\/\/holali.co.uk\/wp-content\/uploads\/2022\/08\/201735.jpeg",280,280,false],"author_info":[],"comment_info":0,"_links":{"self":[{"href":"https:\/\/holali.co.uk\/fr\/wp-json\/wp\/v2\/product\/8123","targetHints":{"allow":["GET"]}}],"collection":[{"href":"https:\/\/holali.co.uk\/fr\/wp-json\/wp\/v2\/product"}],"about":[{"href":"https:\/\/holali.co.uk\/fr\/wp-json\/wp\/v2\/types\/product"}],"replies":[{"embeddable":true,"href":"https:\/\/holali.co.uk\/fr\/wp-json\/wp\/v2\/comments?post=8123"}],"wp:featuredmedia":[{"embeddable":true,"href":"https:\/\/holali.co.uk\/fr\/wp-json\/wp\/v2\/media\/8124"}],"wp:attachment":[{"href":"https:\/\/holali.co.uk\/fr\/wp-json\/wp\/v2\/media?parent=8123"}],"wp:term":[{"taxonomy":"product_brand","embeddable":true,"href":"https:\/\/holali.co.uk\/fr\/wp-json\/wp\/v2\/product_brand?post=8123"},{"taxonomy":"product_cat","embeddable":true,"href":"https:\/\/holali.co.uk\/fr\/wp-json\/wp\/v2\/product_cat?post=8123"},{"taxonomy":"product_tag","embeddable":true,"href":"https:\/\/holali.co.uk\/fr\/wp-json\/wp\/v2\/product_tag?post=8123"}],"curies":[{"name":"wp","href":"https:\/\/api.w.org\/{rel}","templated":true}]}}