{"id":8121,"date":"2022-08-30T20:00:33","date_gmt":"2022-08-30T20:00:33","guid":{"rendered":"https:\/\/holali.local\/product\/propolis-olive-oil-soap-slice\/"},"modified":"2025-09-11T21:15:52","modified_gmt":"2025-09-11T21:15:52","slug":"savon-a-la-propolis-et-a-lhuile-dolive","status":"publish","type":"product","link":"https:\/\/holali.co.uk\/fr\/product\/propolis-soap-with-olive-oil\/","title":{"rendered":"Savon \u00e0 la propolis pour une gu\u00e9rison lente"},"content":{"rendered":"<h2>Savon \u00e0 la propolis pour une gu\u00e9rison lente<\/h2>\n<p>Le savon \u00e0 l'huile d'olive fabriqu\u00e9 \u00e0 partir d'huile d'olive et de propolis a une odeur charmante et fra\u00eeche. Il nettoie sans d\u00e9shydrater la peau et poss\u00e8de des propri\u00e9t\u00e9s antivirales, antibiotiques, antiallergiques et analg\u00e9siques.<\/p>\n<p>Notre savon \u00e0 la propolis et \u00e0 l'huile d'olive peut aider \u00e0 apaiser la peau et \u00eatre efficace dans le traitement de l'acn\u00e9 et du psoriasis.<\/p>\n<h5>PROPOLIS SOAP ENRICHED WITH PURE OLIVE OIL: A SKINCARE ESSENTIAL FOR DAILY RADIANCE.<\/h5>\n<ol>\n<li>Formule exclusive \u00e0 base d'ingr\u00e9dients naturels purs.<\/li>\n<li>Savon naturel avec un nettoyant doux qui est prouv\u00e9 antimicrobien et anti-inflammatoire.<\/li>\n<li>Sans produits chimiques, mais efficace m\u00eame sur les peaux les plus sensibles.<\/li>\n<li>Un savon agr\u00e9ablement alcalin, parfait pour les mains, la peau et les cheveux.<\/li>\n<li>Le parfum est naturel et aromatique.<\/li>\n<\/ol>\n<p>Our Propolis soap is a popular type of soap made with extra virgin olive oil and a variety of other ingredients. It is handmade through the traditional cold process-making method, which involves mixing oils, lye, and water together in a large pot.<\/p>\n<p>Les savons \u00e0 l'huile d'olive existent depuis des si\u00e8cles, mais ce n'est que r\u00e9cemment qu'ils ont \u00e9t\u00e9 pris au s\u00e9rieux comme alternative aux savons traditionnels. La m\u00e9thode de fabrication \u00e0 froid prend du temps et est co\u00fbteuse \u00e0 produire.<\/p>\n<p>Le lent processus de fabrication du savon \u00e0 l'huile d'olive peut \u00eatre attribu\u00e9 \u00e0 sa popularit\u00e9 en Europe dans les ann\u00e9es 1800, o\u00f9 il \u00e9tait utilis\u00e9 comme rem\u00e8de naturel pour de nombreuses affections cutan\u00e9es.<\/p>\n<h6>FEATURES<\/h6>\n<ul>\n<li>Types : Peau normale, s\u00e8che et sensible<\/li>\n<li>Zone de soins : Visage Corps<\/li>\n<li>Poids : 100g environ<\/li>\n<\/ul>\n<p><strong>NOTE :<\/strong> Acheter un savon fait main peut \u00eatre co\u00fbteux, mais celui-ci est abordable et sans parab\u00e8ne, sans SLS et sans cruaut\u00e9 ! Nous proposons une vari\u00e9t\u00e9 de savons fabriqu\u00e9s avec de l'huile d'olive et d'autres ingr\u00e9dients naturels. La couleur ou le motif peuvent varier l\u00e9g\u00e8rement par rapport aux photos pr\u00e9sent\u00e9es. Si vous souhaitez en savoir plus sur nos produits, n'h\u00e9sitez pas \u00e0 nous contacter \u00e0 tout moment !<\/p>\n<p>If you&#8217;re dealing with eczema, this <a href=\"https:\/\/holali.co.uk\/fr\/produit\/noni-savon-avec-huile-dolive\/?wmc-currency=EUR\">noni soap<\/a> is an excellent choice for soothing and caring for your skin.<\/p>\n<p><img loading=\"lazy\" decoding=\"async\" class=\"alignnone size-medium\" src=\"https:\/\/holali.co.uk\/wp-content\/uploads\/2022\/08\/propolis-soap-bar.webp\" width=\"553\" height=\"260\" alt=\"\" title=\"\"><\/p>\n<p><img loading=\"lazy\" decoding=\"async\" class=\"alignnone size-medium\" src=\"https:\/\/holali.co.uk\/wp-content\/uploads\/2022\/08\/model-using-propolis-soap.webp\" width=\"1024\" height=\"1024\" alt=\"\" title=\"\"><\/p>\n<p>&nbsp;<\/p>\n<p>&nbsp;<\/p>","protected":false},"excerpt":{"rendered":"<p>Propolis Soap For Slow Healing The Olive Oil soap made with olive oil and propolis has a charming and fresh smell. It cleans without stripping the skin of moisture, and it has antiviral, antibiotic, antiallergenic, and analgesic properties. Our Propolis soap with olive oil may help to soothe skin and to be effective in the&#8230;<\/p>","protected":false},"featured_media":8122,"comment_status":"open","ping_status":"closed","template":"","meta":{"_kad_blocks_custom_css":"","_kad_blocks_head_custom_js":"","_kad_blocks_body_custom_js":"","_kad_blocks_footer_custom_js":"","_kad_post_transparent":"default","_kad_post_title":"","_kad_post_layout":"default","_kad_post_sidebar_id":"","_kad_post_content_style":"default","_kad_post_vertical_padding":"default","_kad_post_feature":"","_kad_post_feature_position":"","_kad_post_header":false,"_kad_post_footer":false,"_kad_post_classname":"","_daim_seo_power":"1000","_daim_enable_ail":"1"},"product_brand":[],"product_cat":[262,703],"product_tag":[],"class_list":{"0":"post-8121","1":"product","2":"type-product","3":"status-publish","4":"has-post-thumbnail","6":"product_cat-olive-oil-soaps","7":"product_cat-vegan-olive-oil-soaps","9":"first","10":"instock","11":"taxable","12":"shipping-taxable","13":"purchasable","14":"product-type-simple","15":"entry","16":"content-bg","17":"loop-entry"},"taxonomy_info":{"product_cat":[{"value":262,"label":"Olive Oil Soaps"},{"value":703,"label":"Vegan Olive Oil Soaps"}]},"featured_image_src_large":["https:\/\/holali.co.uk\/wp-content\/uploads\/2022\/08\/201734.jpeg",280,280,false],"author_info":[],"comment_info":0,"_links":{"self":[{"href":"https:\/\/holali.co.uk\/fr\/wp-json\/wp\/v2\/product\/8121","targetHints":{"allow":["GET"]}}],"collection":[{"href":"https:\/\/holali.co.uk\/fr\/wp-json\/wp\/v2\/product"}],"about":[{"href":"https:\/\/holali.co.uk\/fr\/wp-json\/wp\/v2\/types\/product"}],"replies":[{"embeddable":true,"href":"https:\/\/holali.co.uk\/fr\/wp-json\/wp\/v2\/comments?post=8121"}],"wp:featuredmedia":[{"embeddable":true,"href":"https:\/\/holali.co.uk\/fr\/wp-json\/wp\/v2\/media\/8122"}],"wp:attachment":[{"href":"https:\/\/holali.co.uk\/fr\/wp-json\/wp\/v2\/media?parent=8121"}],"wp:term":[{"taxonomy":"product_brand","embeddable":true,"href":"https:\/\/holali.co.uk\/fr\/wp-json\/wp\/v2\/product_brand?post=8121"},{"taxonomy":"product_cat","embeddable":true,"href":"https:\/\/holali.co.uk\/fr\/wp-json\/wp\/v2\/product_cat?post=8121"},{"taxonomy":"product_tag","embeddable":true,"href":"https:\/\/holali.co.uk\/fr\/wp-json\/wp\/v2\/product_tag?post=8121"}],"curies":[{"name":"wp","href":"https:\/\/api.w.org\/{rel}","templated":true}]}}