{"id":8119,"date":"2022-08-30T20:00:33","date_gmt":"2022-08-30T20:00:33","guid":{"rendered":"https:\/\/holali.local\/product\/seaweed-olive-oil-soap-slice\/"},"modified":"2025-09-11T21:37:07","modified_gmt":"2025-09-11T21:37:07","slug":"savon-aux-algues-avec-huile-dolive-2","status":"publish","type":"product","link":"https:\/\/holali.co.uk\/fr\/product\/seaweed-soap-with-olive-oil\/","title":{"rendered":"Le savon aux algues pour \u00e9liminer la cellulite"},"content":{"rendered":"<h2 dir=\"auto\" data-pm-slice=\"1 1 []\">Le savon aux algues pour \u00e9liminer la cellulite<\/h2>\n<p dir=\"auto\" data-pm-slice=\"1 1 []\">Si vous recherchez un produit pour prendre soin de votre peau et vous d\u00e9barrasser de cette vilaine cellulite, nous avons une solution parfaite pour vous. Notre savon aux algues est fabriqu\u00e9 avec de l'huile d'olive et il est suffisamment doux pour \u00eatre utilis\u00e9 quotidiennement, sans dess\u00e9cher la peau.<\/p>\n<p dir=\"auto\" data-pm-slice=\"1 1 []\">This seaweed soap gently exfoliates to remove dead skin cells, leaving your skin soft and smooth. It also contains natural minerals which regenerate the skin and leave it healthy.<\/p>\n<h6>HISTOIRE DE L'HUILE D'OLIVE<\/h6>\n<p>Natural <a title=\"Le savon aux algues pour \u00e9liminer la cellulite\" href=\"https:\/\/holali.co.uk\/fr\/produit\/savon-aux-algues-avec-huile-dolive-2\/?wmc-currency=EUR\" data-wpil-monitor-id=\"298\">olive oil soap<\/a> is a popular type of soap made with extra virgin olive oil and a variety of other ingredients. It is handmade through the traditional cold process-making method, which involves mixing oils, lye, and water together in a large pot.<\/p>\n<p><a title=\"Le savon aux algues pour \u00e9liminer la cellulite\" href=\"https:\/\/holali.co.uk\/fr\/produit\/savon-aux-algues-avec-huile-dolive-2\/?wmc-currency=EUR\" data-wpil-monitor-id=\"329\">Olive oil soaps<\/a> have been around for centuries, but only recently have they been taken seriously as an alternative to traditionally made soaps. The cold process-making method is time-consuming and costly to produce.<\/p>\n<p>Le lent processus de fabrication du savon \u00e0 l'huile d'olive peut \u00eatre attribu\u00e9 \u00e0 sa popularit\u00e9 en Europe dans les ann\u00e9es 1800, o\u00f9 il \u00e9tait utilis\u00e9 comme rem\u00e8de naturel pour de nombreuses affections cutan\u00e9es.<\/p>\n<h6>FEATURES<\/h6>\n<ul>\n<li>Types : Peau normale, s\u00e8che et sensible<\/li>\n<li>Zone de soins : Visage Corps<\/li>\n<li>Poids : 100g environ<\/li>\n<\/ul>\n<p><strong>NOTE :<\/strong>\u00a0Acheter un savon fait main peut \u00eatre co\u00fbteux, mais celui-ci est abordable et sans parab\u00e8ne, sans SLS et sans cruaut\u00e9 ! Nous proposons une vari\u00e9t\u00e9 de savons fabriqu\u00e9s avec de l'huile d'olive et d'autres ingr\u00e9dients naturels. La couleur ou le motif peuvent varier l\u00e9g\u00e8rement par rapport aux photos pr\u00e9sent\u00e9es. Si vous souhaitez en savoir plus sur nos produits, n'h\u00e9sitez pas \u00e0 nous contacter \u00e0 tout moment !<\/p>\n<p>Got acne? Our <a href=\"https:\/\/holali.co.uk\/fr\/produit\/savon-a-la-propolis-et-a-lhuile-dolive\/?wmc-currency=EUR\">Propolis Soap<\/a> fights breakouts naturally \u2014 antibacterial, soothing, and perfect for acne-prone skin.<\/p>\n<p><img loading=\"lazy\" decoding=\"async\" class=\"alignnone size-medium\" src=\"https:\/\/holali.co.uk\/wp-content\/uploads\/2022\/08\/seaweed-soap-bar.webp\" width=\"1034\" height=\"526\" alt=\"\" title=\"\"><\/p>\n<p><img loading=\"lazy\" decoding=\"async\" class=\"alignnone size-medium\" src=\"https:\/\/holali.co.uk\/wp-content\/uploads\/2022\/08\/model-using-seaweed-soap.webp\" width=\"1024\" height=\"1024\" alt=\"\" title=\"\"><\/p>\n<p>&nbsp;<\/p>\n<p>&nbsp;<\/p>\n<p>&nbsp;<\/p>","protected":false},"excerpt":{"rendered":"<p>Seaweed Soap: Deeply nourishing, mineral-rich cleanse that soothes dry, irritated skin\u2014nature\u2019s spa for a calm, glowing complexion.<\/p>","protected":false},"featured_media":12206,"comment_status":"open","ping_status":"closed","template":"","meta":{"_kad_blocks_custom_css":"","_kad_blocks_head_custom_js":"","_kad_blocks_body_custom_js":"","_kad_blocks_footer_custom_js":"","_kad_post_transparent":"default","_kad_post_title":"","_kad_post_layout":"default","_kad_post_sidebar_id":"","_kad_post_content_style":"default","_kad_post_vertical_padding":"default","_kad_post_feature":"","_kad_post_feature_position":"","_kad_post_header":false,"_kad_post_footer":false,"_kad_post_classname":"","_daim_seo_power":"1000","_daim_enable_ail":"1"},"product_brand":[],"product_cat":[262,703],"product_tag":[],"class_list":{"0":"post-8119","1":"product","2":"type-product","3":"status-publish","4":"has-post-thumbnail","6":"product_cat-olive-oil-soaps","7":"product_cat-vegan-olive-oil-soaps","9":"first","10":"instock","11":"taxable","12":"shipping-taxable","13":"purchasable","14":"product-type-simple","15":"entry","16":"content-bg","17":"loop-entry"},"taxonomy_info":{"product_cat":[{"value":262,"label":"Olive Oil Soaps"},{"value":703,"label":"Vegan Olive Oil Soaps"}]},"featured_image_src_large":["https:\/\/holali.co.uk\/wp-content\/uploads\/2022\/08\/seaweed-soap.webp",560,560,false],"author_info":[],"comment_info":0,"_links":{"self":[{"href":"https:\/\/holali.co.uk\/fr\/wp-json\/wp\/v2\/product\/8119","targetHints":{"allow":["GET"]}}],"collection":[{"href":"https:\/\/holali.co.uk\/fr\/wp-json\/wp\/v2\/product"}],"about":[{"href":"https:\/\/holali.co.uk\/fr\/wp-json\/wp\/v2\/types\/product"}],"replies":[{"embeddable":true,"href":"https:\/\/holali.co.uk\/fr\/wp-json\/wp\/v2\/comments?post=8119"}],"wp:featuredmedia":[{"embeddable":true,"href":"https:\/\/holali.co.uk\/fr\/wp-json\/wp\/v2\/media\/12206"}],"wp:attachment":[{"href":"https:\/\/holali.co.uk\/fr\/wp-json\/wp\/v2\/media?parent=8119"}],"wp:term":[{"taxonomy":"product_brand","embeddable":true,"href":"https:\/\/holali.co.uk\/fr\/wp-json\/wp\/v2\/product_brand?post=8119"},{"taxonomy":"product_cat","embeddable":true,"href":"https:\/\/holali.co.uk\/fr\/wp-json\/wp\/v2\/product_cat?post=8119"},{"taxonomy":"product_tag","embeddable":true,"href":"https:\/\/holali.co.uk\/fr\/wp-json\/wp\/v2\/product_tag?post=8119"}],"curies":[{"name":"wp","href":"https:\/\/api.w.org\/{rel}","templated":true}]}}