{"id":8117,"date":"2022-08-30T20:00:32","date_gmt":"2022-08-30T20:00:32","guid":{"rendered":"https:\/\/holali.local\/product\/vanilla-olive-oil-soap-slice\/"},"modified":"2025-11-09T04:11:54","modified_gmt":"2025-11-09T04:11:54","slug":"vanilla-hand-soap-with-olive-oil","status":"publish","type":"product","link":"https:\/\/holali.co.uk\/fr\/product\/vanilla-hand-soap-with-olive-oil\/","title":{"rendered":"Le meilleur savon \u00e0 la vanille pour les mains s\u00e8ches"},"content":{"rendered":"<h2 dir=\"auto\" data-pm-slice=\"1 1 []\">Le meilleur savon \u00e0 la vanille pour les mains s\u00e8ches<\/h2>\n<p dir=\"auto\" data-pm-slice=\"1 1 []\">Une peau douce et hydrat\u00e9e n'est qu'\u00e0 une pompe. Notre savon pour les mains \u00e0 la vanille, mais pas n'importe quelle vanille - l'acide laurique naturel de notre vanille en fait un produit unique, favorable \u00e0 la peau.<\/p>\n<p dir=\"auto\" data-pm-slice=\"1 1 []\">Our Vanilla Hand Soap blends rich coconut oil for a creamy lather that deeply moisturizes \u2014 leaving your hands soft, smooth, and glowing with health. It&#8217;s all that you need to get clean, with a subtle hint of vanilla in the air<\/p>\n<h6>HISTOIRE DE L'HUILE D'OLIVE<\/h6>\n<p>Natural olive oil soap is a popular type of soap made with <a href=\"https:\/\/en.wikipedia.org\/wiki\/Olive_oil_extraction\" target=\"_blank\" rel=\"noopener\">extra virgin olive oil<\/a> and a variety of other ingredients. It is handmade through the traditional cold process-making method, which involves mixing oils, lye, and water together in a large pot.<\/p>\n<p><a href=\"https:\/\/holali.co.uk\/fr\/produit\/pain-de-savon-fait-main-glace-fruit-passion-approx-100g\/?wmc-currency=EUR\" title=\"Passion Handmade Soap\" target=\"_blank\" rel=\"noopener\" data-wpil-monitor-id=\"1665\">Olive oil soaps<\/a> have been around for centuries, but only recently have they been taken seriously as an alternative to traditionally made soaps. The cold process-making method is time-consuming and costly to produce.<\/p>\n<p>Le lent processus de fabrication du savon \u00e0 l'huile d'olive peut \u00eatre attribu\u00e9 \u00e0 sa popularit\u00e9 en Europe dans les ann\u00e9es 1800, o\u00f9 il \u00e9tait utilis\u00e9 comme rem\u00e8de naturel pour de nombreuses affections cutan\u00e9es.<\/p>\n<h6>FEATURES<\/h6>\n<ul>\n<li>Types : Peau normale, s\u00e8che et sensible<\/li>\n<li>Zone de soins : Visage Corps<\/li>\n<li>Poids : 100g environ<\/li>\n<\/ul>\n<p><strong>NOTE :<\/strong>\u00a0Acheter un savon fait main peut \u00eatre co\u00fbteux, mais celui-ci est abordable et sans parab\u00e8ne, sans SLS et sans cruaut\u00e9 ! Nous proposons une vari\u00e9t\u00e9 de savons fabriqu\u00e9s avec de l'huile d'olive et d'autres ingr\u00e9dients naturels. La couleur ou le motif peuvent varier l\u00e9g\u00e8rement par rapport aux photos pr\u00e9sent\u00e9es. Si vous souhaitez en savoir plus sur nos produits, n'h\u00e9sitez pas \u00e0 nous contacter \u00e0 tout moment !<\/p>\n<p>Cellulite bothering you? Try our <a href=\"https:\/\/holali.co.uk\/fr\/produit\/savon-aux-algues-avec-huile-dolive-2\/?wmc-currency=EUR\">Seaweed Soap<\/a> \u2014 detoxify, tone, and feel amazing!<\/p>\n<p><img loading=\"lazy\" decoding=\"async\" class=\"alignnone\" src=\"https:\/\/holali.co.uk\/wp-content\/uploads\/2022\/08\/vanilla-soap-bar.webp\" width=\"1165\" height=\"551\" alt=\"\" title=\"\"><\/p>\n<p><img loading=\"lazy\" decoding=\"async\" class=\"alignnone size-medium\" src=\"https:\/\/holali.co.uk\/wp-content\/uploads\/2022\/08\/model-washing-her-hands-with-vanilla-soap.webp\" width=\"1024\" height=\"1024\" alt=\"\" title=\"\"><\/p>\n<p>&nbsp;<\/p>","protected":false},"excerpt":{"rendered":"<p>Vanilla Hand Soap: Silky lather, sweet scent, and gentle cleansing that leaves hands soft\u2014like a hug for your skin.<\/p>","protected":false},"featured_media":8118,"comment_status":"open","ping_status":"closed","template":"","meta":{"_kad_blocks_custom_css":"","_kad_blocks_head_custom_js":"","_kad_blocks_body_custom_js":"","_kad_blocks_footer_custom_js":"","_kad_post_transparent":"default","_kad_post_title":"","_kad_post_layout":"default","_kad_post_sidebar_id":"","_kad_post_content_style":"default","_kad_post_vertical_padding":"default","_kad_post_feature":"","_kad_post_feature_position":"","_kad_post_header":false,"_kad_post_footer":false,"_kad_post_classname":"","_daim_seo_power":"1000","_daim_enable_ail":"1"},"product_brand":[],"product_cat":[262,703],"product_tag":[],"class_list":{"0":"post-8117","1":"product","2":"type-product","3":"status-publish","4":"has-post-thumbnail","6":"product_cat-olive-oil-soaps","7":"product_cat-vegan-olive-oil-soaps","9":"first","10":"instock","11":"taxable","12":"shipping-taxable","13":"purchasable","14":"product-type-simple","15":"entry","16":"content-bg","17":"loop-entry"},"taxonomy_info":{"product_cat":[{"value":262,"label":"Olive Oil Soaps"},{"value":703,"label":"Vegan Olive Oil Soaps"}]},"featured_image_src_large":["https:\/\/holali.co.uk\/wp-content\/uploads\/2022\/08\/201732.jpeg",280,280,false],"author_info":[],"comment_info":0,"_links":{"self":[{"href":"https:\/\/holali.co.uk\/fr\/wp-json\/wp\/v2\/product\/8117","targetHints":{"allow":["GET"]}}],"collection":[{"href":"https:\/\/holali.co.uk\/fr\/wp-json\/wp\/v2\/product"}],"about":[{"href":"https:\/\/holali.co.uk\/fr\/wp-json\/wp\/v2\/types\/product"}],"replies":[{"embeddable":true,"href":"https:\/\/holali.co.uk\/fr\/wp-json\/wp\/v2\/comments?post=8117"}],"wp:featuredmedia":[{"embeddable":true,"href":"https:\/\/holali.co.uk\/fr\/wp-json\/wp\/v2\/media\/8118"}],"wp:attachment":[{"href":"https:\/\/holali.co.uk\/fr\/wp-json\/wp\/v2\/media?parent=8117"}],"wp:term":[{"taxonomy":"product_brand","embeddable":true,"href":"https:\/\/holali.co.uk\/fr\/wp-json\/wp\/v2\/product_brand?post=8117"},{"taxonomy":"product_cat","embeddable":true,"href":"https:\/\/holali.co.uk\/fr\/wp-json\/wp\/v2\/product_cat?post=8117"},{"taxonomy":"product_tag","embeddable":true,"href":"https:\/\/holali.co.uk\/fr\/wp-json\/wp\/v2\/product_tag?post=8117"}],"curies":[{"name":"wp","href":"https:\/\/api.w.org\/{rel}","templated":true}]}}