{"id":8115,"date":"2022-08-30T20:00:32","date_gmt":"2022-08-30T20:00:32","guid":{"rendered":"https:\/\/holali.local\/product\/watermelon-olive-oil-soap-slice\/"},"modified":"2025-11-08T20:53:10","modified_gmt":"2025-11-08T20:53:10","slug":"savon-melon-deau-avec-huile-olive","status":"publish","type":"product","link":"https:\/\/holali.co.uk\/fr\/product\/watermelon-soap-with-olive-oil\/","title":{"rendered":"Savon \u00e0 la past\u00e8que de haute qualit\u00e9"},"content":{"rendered":"<h2 dir=\"auto\" data-pm-slice=\"1 1 []\">Savon \u00e0 la past\u00e8que de haute qualit\u00e9<\/h2>\n<p dir=\"auto\" data-pm-slice=\"1 1 []\">Faites plaisir \u00e0 votre peau ! Notre savon \u00e0 la past\u00e8que est fabriqu\u00e9 avec de l'huile d'olive hydratante pour donner \u00e0 votre peau la nourriture qu'elle m\u00e9rite.<\/p>\n<p dir=\"auto\" data-pm-slice=\"1 1 []\">De plus, l'huile de noix de coco contenue dans ce savon contient de l'acide laurique, un acide gras aux propri\u00e9t\u00e9s restructurantes qui apporte \u00e0 votre peau l'hydratation et la protection dont elle a tant besoin. Non seulement il sent la past\u00e8que juteuse et rafra\u00eechissante, mais il laisse votre peau belle et saine.<\/p>\n<h6>HISTOIRE DE L'HUILE D'OLIVE<\/h6>\n<p>Natural <a href=\"https:\/\/holali.co.uk\/fr\/produit\/pain-de-savon-fait-main-glace-de-pasteque-approx-100g\/?wmc-currency=EUR\" title=\"Savon artisanal \u00e0 la past\u00e8que\" target=\"_blank\" rel=\"noopener\"  data-wpil-monitor-id=\"1562\">olive oil soap<\/a> is a popular type of soap made with extra virgin olive oil and a variety of other ingredients. It is handmade through the traditional cold process-making method, which involves mixing oils, lye, and water together in a large pot.<\/p>\n<p><a href=\"https:\/\/holali.co.uk\/fr\/produit\/yorkshire-violet-soap-bar-100g-2\/?wmc-currency=EUR\" title=\"Savon biologique \u00e0 la violette pour les peaux sensibles\" target=\"_blank\" rel=\"noopener\"  data-wpil-monitor-id=\"1657\">Olive oil soaps<\/a> have been around for centuries, but only recently have they been taken seriously as an alternative to traditionally made soaps. The cold process-making method is time-consuming and costly to produce.<\/p>\n<p>The slow process of making <a href=\"https:\/\/holali.co.uk\/fr\/produit\/pain-de-savon-fait-main-glace-fruit-passion-approx-100g\/?wmc-currency=EUR\" title=\"Passion Handmade Soap\" target=\"_blank\" rel=\"noopener\"  data-wpil-monitor-id=\"1664\">olive oil soap<\/a> can be attributed to its popularity in Europe during the 1800s when it was used as a natural remedy for many skin conditions.<\/p>\n<h6>FEATURES<\/h6>\n<ul>\n<li>Types : Peau normale, s\u00e8che et sensible<\/li>\n<li>Zone de soins : Visage Corps<\/li>\n<li>Poids : 100g environ<\/li>\n<\/ul>\n<p><strong>NOTE :<\/strong>\u00a0Buying handmade soap can be expensive, but this one is affordable and paraben-free, SLS-free, and cruelty-free! We offer a variety of soaps made with olive oil and other <a href=\"https:\/\/holali.co.uk\/fr\/produit\/mangue-savon-sur-une-corde\/?wmc-currency=EUR\" title=\"Savon \u00e0 la mangue sur une corde\" target=\"_blank\" rel=\"noopener\"  data-wpil-monitor-id=\"1361\">natural ingredients<\/a>. La couleur ou le design peuvent l\u00e9g\u00e8rement varier par rapport aux photos pr\u00e9sent\u00e9es. Si vous souhaitez en savoir plus sur nos produits, n'h\u00e9sitez pas \u00e0 nous contacter \u00e0 tout moment !<\/p>\n<p>Connaissez-vous le savon en papier ? Si ce n'est pas le cas,\u00a0<a href=\"https:\/\/holali.co.uk\/fr\/soins-du-corps\/produits-de-soins-de-la-peau\/feuilles-de-papier-savon\/?wmc-currency=EUR\" target=\"_blank\" rel=\"noopener noreferrer\">CLIQUEZ ICI<\/a><\/p>","protected":false},"excerpt":{"rendered":"<p>High-Quality Watermelon Soap Give your skin a treat! Our watermelon soap is made with moisturizing olive oil to give your skin the nourishment it deserves. Also, the coconut oil in this soap contains lauric acid, a fatty acid that has restructuring properties and gives your skin much-needed moisture and protection. Not only does it smell&#8230;<\/p>","protected":false},"featured_media":8116,"comment_status":"open","ping_status":"closed","template":"","meta":{"_kad_blocks_custom_css":"","_kad_blocks_head_custom_js":"","_kad_blocks_body_custom_js":"","_kad_blocks_footer_custom_js":"","_kad_post_transparent":"default","_kad_post_title":"","_kad_post_layout":"default","_kad_post_sidebar_id":"","_kad_post_content_style":"default","_kad_post_vertical_padding":"default","_kad_post_feature":"","_kad_post_feature_position":"","_kad_post_header":false,"_kad_post_footer":false,"_kad_post_classname":"","_daim_seo_power":"","_daim_enable_ail":""},"product_brand":[],"product_cat":[262,703],"product_tag":[],"class_list":{"0":"post-8115","1":"product","2":"type-product","3":"status-publish","4":"has-post-thumbnail","6":"product_cat-olive-oil-soaps","7":"product_cat-vegan-olive-oil-soaps","9":"first","10":"instock","11":"taxable","12":"shipping-taxable","13":"purchasable","14":"product-type-simple","15":"entry","16":"content-bg","17":"loop-entry"},"taxonomy_info":{"product_cat":[{"value":262,"label":"Olive Oil Soaps"},{"value":703,"label":"Vegan Olive Oil Soaps"}]},"featured_image_src_large":["https:\/\/holali.co.uk\/wp-content\/uploads\/2022\/08\/201731.jpeg",280,280,false],"author_info":[],"comment_info":0,"_links":{"self":[{"href":"https:\/\/holali.co.uk\/fr\/wp-json\/wp\/v2\/product\/8115","targetHints":{"allow":["GET"]}}],"collection":[{"href":"https:\/\/holali.co.uk\/fr\/wp-json\/wp\/v2\/product"}],"about":[{"href":"https:\/\/holali.co.uk\/fr\/wp-json\/wp\/v2\/types\/product"}],"replies":[{"embeddable":true,"href":"https:\/\/holali.co.uk\/fr\/wp-json\/wp\/v2\/comments?post=8115"}],"wp:featuredmedia":[{"embeddable":true,"href":"https:\/\/holali.co.uk\/fr\/wp-json\/wp\/v2\/media\/8116"}],"wp:attachment":[{"href":"https:\/\/holali.co.uk\/fr\/wp-json\/wp\/v2\/media?parent=8115"}],"wp:term":[{"taxonomy":"product_brand","embeddable":true,"href":"https:\/\/holali.co.uk\/fr\/wp-json\/wp\/v2\/product_brand?post=8115"},{"taxonomy":"product_cat","embeddable":true,"href":"https:\/\/holali.co.uk\/fr\/wp-json\/wp\/v2\/product_cat?post=8115"},{"taxonomy":"product_tag","embeddable":true,"href":"https:\/\/holali.co.uk\/fr\/wp-json\/wp\/v2\/product_tag?post=8115"}],"curies":[{"name":"wp","href":"https:\/\/api.w.org\/{rel}","templated":true}]}}