{"id":8113,"date":"2022-08-30T20:00:31","date_gmt":"2022-08-30T20:00:31","guid":{"rendered":"https:\/\/holali.local\/product\/shea-butter-olive-oil-soap-slice\/"},"modified":"2025-11-08T20:28:56","modified_gmt":"2025-11-08T20:28:56","slug":"savon-au-beurre-de-karite-et-a-lhuile-dolive","status":"publish","type":"product","link":"https:\/\/holali.co.uk\/fr\/product\/shea-butter-soap-with-olive-oil\/","title":{"rendered":"Savon au beurre de karit\u00e9 pour une peau douce et tendre"},"content":{"rendered":"<h2 dir=\"auto\" data-pm-slice=\"1 1 []\">Savon au beurre de karit\u00e9 pour une peau douce et tendre<\/h2>\n<p dir=\"auto\" data-pm-slice=\"1 1 []\">Offrez \u00e0 votre peau un bain rempli de tous les bienfaits du savon au beurre de karit\u00e9, de l'huile d'olive et de la vitamine E. Votre peau sera hydrat\u00e9e et rafra\u00eechie.<\/p>\n<p dir=\"auto\" data-pm-slice=\"1 1 []\">\u00c0 la fin, vous vous sentirez d\u00e9tendu et sans stress. Notre savon laisse votre peau douce et soyeuse !<\/p>\n<h6>HISTOIRE DE L'HUILE D'OLIVE<\/h6>\n<p>Natural <a href=\"https:\/\/holali.co.uk\/fr\/produit\/barre-de-savon-a-la-poudre-de-bebe-100g-2\/?wmc-currency=EUR\" title=\"Savon en poudre pour b\u00e9b\u00e9 pour les enfants et les femmes enceintes\" target=\"_blank\" rel=\"noopener\"  data-wpil-monitor-id=\"1599\">olive oil soap<\/a> is a popular type of soap made with extra virgin olive oil and a variety of other ingredients. It is handmade through the traditional cold process-making method, which involves mixing oils, lye, and water together in a large pot.<\/p>\n<p><a href=\"https:\/\/holali.co.uk\/fr\/produit\/pain-de-savon-fait-main-glace-de-pasteque-approx-100g\/?wmc-currency=EUR\" title=\"Savon artisanal \u00e0 la past\u00e8que\" target=\"_blank\" rel=\"noopener\"  data-wpil-monitor-id=\"1570\">Olive oil soaps<\/a> have been around for centuries, but only recently have they been taken seriously as an alternative to traditionally made soaps. The cold process-making method is time-consuming and costly to produce.<\/p>\n<p>The slow process of making <a href=\"https:\/\/holali.co.uk\/fr\/produit\/vanilla-hand-soap-with-olive-oil\/?wmc-currency=EUR\" title=\"Le meilleur savon \u00e0 la vanille pour les mains s\u00e8ches\" target=\"_blank\" rel=\"noopener\"  data-wpil-monitor-id=\"1233\">olive oil soap<\/a> can be attributed to its popularity in Europe during the 1800s when it was used as a natural remedy for many skin conditions.<\/p>\n<h6>FEATURES<\/h6>\n<ul>\n<li>Types : Peau normale, s\u00e8che et sensible<\/li>\n<li>Zone de soins : Visage Corps<\/li>\n<li>Poids : 100g environ<\/li>\n<\/ul>\n<p><strong>NOTE :<\/strong>\u00a0Acheter un savon fait main peut \u00eatre co\u00fbteux, mais celui-ci est abordable et sans parab\u00e8ne, sans SLS et sans cruaut\u00e9 ! Nous proposons une vari\u00e9t\u00e9 de savons fabriqu\u00e9s avec de l'huile d'olive et d'autres ingr\u00e9dients naturels. La couleur ou le motif peuvent varier l\u00e9g\u00e8rement par rapport aux photos pr\u00e9sent\u00e9es. Si vous souhaitez en savoir plus sur nos produits, n'h\u00e9sitez pas \u00e0 nous contacter \u00e0 tout moment !<\/p>\n<p>Connaissez-vous le savon en papier ? Si ce n'est pas le cas,\u00a0<a href=\"https:\/\/holali.co.uk\/fr\/soins-du-corps\/produits-de-soins-de-la-peau\/feuilles-de-papier-savon\/?wmc-currency=EUR\" target=\"_blank\" rel=\"noopener noreferrer\">CLIQUEZ ICI<\/a><\/p>","protected":false},"excerpt":{"rendered":"<p>Shea Butter Soap For Soft &amp; Tender Skin Treat your skin to a bath packed with all the benefits of Shea Butter Soap, Olive Oil, and Vitamin E. Your skin will be moisturized and refreshed. You&#8217;ll be left feeling relaxed and stressed out at the end. Our soap leaves your skin silky smooth! OLIVE OIL&#8230;<\/p>","protected":false},"featured_media":8114,"comment_status":"open","ping_status":"closed","template":"","meta":{"_kad_blocks_custom_css":"","_kad_blocks_head_custom_js":"","_kad_blocks_body_custom_js":"","_kad_blocks_footer_custom_js":"","_kad_post_transparent":"default","_kad_post_title":"","_kad_post_layout":"default","_kad_post_sidebar_id":"","_kad_post_content_style":"default","_kad_post_vertical_padding":"default","_kad_post_feature":"","_kad_post_feature_position":"","_kad_post_header":false,"_kad_post_footer":false,"_kad_post_classname":"","_daim_seo_power":"","_daim_enable_ail":""},"product_brand":[],"product_cat":[262,703],"product_tag":[],"class_list":{"0":"post-8113","1":"product","2":"type-product","3":"status-publish","4":"has-post-thumbnail","6":"product_cat-olive-oil-soaps","7":"product_cat-vegan-olive-oil-soaps","9":"first","10":"instock","11":"taxable","12":"shipping-taxable","13":"purchasable","14":"product-type-simple","15":"entry","16":"content-bg","17":"loop-entry"},"taxonomy_info":{"product_cat":[{"value":262,"label":"Olive Oil Soaps"},{"value":703,"label":"Vegan Olive Oil Soaps"}]},"featured_image_src_large":["https:\/\/holali.co.uk\/wp-content\/uploads\/2022\/08\/201730.jpeg",280,280,false],"author_info":[],"comment_info":0,"_links":{"self":[{"href":"https:\/\/holali.co.uk\/fr\/wp-json\/wp\/v2\/product\/8113","targetHints":{"allow":["GET"]}}],"collection":[{"href":"https:\/\/holali.co.uk\/fr\/wp-json\/wp\/v2\/product"}],"about":[{"href":"https:\/\/holali.co.uk\/fr\/wp-json\/wp\/v2\/types\/product"}],"replies":[{"embeddable":true,"href":"https:\/\/holali.co.uk\/fr\/wp-json\/wp\/v2\/comments?post=8113"}],"wp:featuredmedia":[{"embeddable":true,"href":"https:\/\/holali.co.uk\/fr\/wp-json\/wp\/v2\/media\/8114"}],"wp:attachment":[{"href":"https:\/\/holali.co.uk\/fr\/wp-json\/wp\/v2\/media?parent=8113"}],"wp:term":[{"taxonomy":"product_brand","embeddable":true,"href":"https:\/\/holali.co.uk\/fr\/wp-json\/wp\/v2\/product_brand?post=8113"},{"taxonomy":"product_cat","embeddable":true,"href":"https:\/\/holali.co.uk\/fr\/wp-json\/wp\/v2\/product_cat?post=8113"},{"taxonomy":"product_tag","embeddable":true,"href":"https:\/\/holali.co.uk\/fr\/wp-json\/wp\/v2\/product_tag?post=8113"}],"curies":[{"name":"wp","href":"https:\/\/api.w.org\/{rel}","templated":true}]}}