{"id":8111,"date":"2022-08-30T20:00:31","date_gmt":"2022-08-30T20:00:31","guid":{"rendered":"https:\/\/holali.local\/product\/jojoba-olive-oil-soap-slice\/"},"modified":"2025-11-09T04:11:55","modified_gmt":"2025-11-09T04:11:55","slug":"jojoba-olive-huile-soap-glace-2","status":"publish","type":"product","link":"https:\/\/holali.co.uk\/fr\/product\/jojoba-soap-with-olive-oil\/","title":{"rendered":"Savon de Jojoba \u00e0 l'huile d'olive pour un usage quotidien"},"content":{"rendered":"<h2 dir=\"auto\" data-pm-slice=\"1 1 []\">Savon de Jojoba \u00e0 l'huile d'olive pour un usage quotidien<\/h2>\n<p>Ce savon est fabriqu\u00e9 avec de l'huile de jojoba, un ingr\u00e9dient naturel incroyablement hydratant, et de l'huile d'olive, connue pour ses propri\u00e9t\u00e9s r\u00e9g\u00e9n\u00e9ratrices et nourrissantes.<\/p>\n<p>Avec cette combinaison, le savon de jojoba \u00e0 l'huile d'olive aide \u00e0 r\u00e9g\u00e9n\u00e9rer les cellules, \u00e0 apaiser la peau et \u00e0 l'hydrater. Il aide \u00e9galement \u00e0 \u00e9liminer les points noirs et les boutons.<\/p>\n<p>Le savon de jojoba est un type de savon fabriqu\u00e9 \u00e0 partir des graines de la plante de jojoba. Il contient de la saponine, qui a un effet nettoyant naturel et aide \u00e0 retenir l'humidit\u00e9 dans les cellules de la peau.<\/p>\n<p>Jojoba soap with <a href=\"https:\/\/holali.co.uk\/fr\/produit\/charbon-de-bois-soap-85g-lavande\/?wmc-currency=EUR\" title=\"Savon pour le visage au charbon de bois et \u00e0 la lavande\"  data-wpil-monitor-id=\"172\">olive oil<\/a> can be used as a facial cleanser and face wash, as it cleanses the skin without stripping it off its natural oils. The best time to use this facial cleanser is after cleansing with water or using an astringent toner.<\/p>\n<h6>LES AVANTAGES DE L'UTILISATION DU SAVON DE JOJOBA AVEC DE L'HUILE D'OLIVE COMME ROUTINE DE SOIN DE LA PEAU<\/h6>\n<ol>\n<li>Jojoba soap with <a href=\"https:\/\/holali.co.uk\/fr\/produit\/may-chang-soap-perfect-choice-for-your-skincare\/?wmc-currency=EUR\" title=\"Savon May Chang : Un choix parfait pour vos soins de la peau\"  data-wpil-monitor-id=\"127\">olive oil<\/a> is a natural cleanser that is perfect for the face, body, and hair.<\/li>\n<li><a href=\"https:\/\/holali.co.uk\/fr\/produit\/savon-romarin-huile-olive-pour-peau-seche\/?wmc-currency=EUR\" title=\"Savon au romarin et \u00e0 l&#039;huile d&#039;olive pour les peaux s\u00e8ches\"  data-wpil-monitor-id=\"285\">Olive oil also moisturizes dry skin<\/a> and helps to improve the elasticity of the skin.<\/li>\n<li>Pr\u00e9venir les vergetures.<\/li>\n<li>Convient \u00e0 tous les types de peau.<\/li>\n<li>Bon apr\u00e8s le rasage et l'\u00e9pilation.<\/li>\n<li>Recommand\u00e9 pendant la grossesse.<\/li>\n<\/ol>\n<p>Natural <a href=\"https:\/\/holali.co.uk\/fr\/produit\/pain-de-savon-fait-main-glace-fruit-passion-approx-100g\/?wmc-currency=EUR\" title=\"Passion Handmade Soap\" target=\"_blank\" rel=\"noopener\"  data-wpil-monitor-id=\"1666\">olive oil soap<\/a> is a popular type of soap made with extra virgin olive oil and a variety of other ingredients. It is handmade through the traditional cold process-making method, which involves mixing oils, lye, and water together in a large pot.<\/p>\n<p>Les savons \u00e0 l'huile d'olive existent depuis des si\u00e8cles, mais ce n'est que r\u00e9cemment qu'ils ont \u00e9t\u00e9 pris au s\u00e9rieux comme alternative aux savons traditionnels. La m\u00e9thode de fabrication \u00e0 froid prend du temps et est co\u00fbteuse \u00e0 produire.<\/p>\n<p>Le lent processus de fabrication du savon \u00e0 l'huile d'olive peut \u00eatre attribu\u00e9 \u00e0 sa popularit\u00e9 en Europe dans les ann\u00e9es 1800, o\u00f9 il \u00e9tait utilis\u00e9 comme rem\u00e8de naturel pour de nombreuses affections cutan\u00e9es.<\/p>\n<h6>FEATURES<\/h6>\n<ul>\n<li>Types : Peau normale, s\u00e8che et sensible<\/li>\n<li>Zone de soins : Visage Corps<\/li>\n<li>Poids : 100g environ<\/li>\n<\/ul>\n<p><strong>NOTE :<\/strong> Buying handmade soap can be expensive, but this one is affordable and paraben-free, SLS-free, and cruelty-free! We offer a variety of <a href=\"https:\/\/holali.co.uk\/fr\/produit\/aloe-vera-olive-huile-soap-slice-2\/?wmc-currency=EUR\" title=\"Meilleure Huile d&#039;Olive Savon pour la Peau, Soins de Beaut\u00e9 et Utiliser\"  data-wpil-monitor-id=\"314\">soaps made with olive oil<\/a> and other natural ingredients. The color or design may slightly vary from the pictures shown. If you would like to know more about our products, feel free to contact us at any time!<\/p>\n<p>Savez-vous ce qu'est le savon en papier ? Si non, <a href=\"https:\/\/holali.co.uk\/fr\/categorie-de-produit\/soins-du-corps\/produits-de-soins-de-la-peau\/paper-soap\/?wmc-currency=EUR\" target=\"_blank\" rel=\"noopener noreferrer\">CLIQUEZ ICI<\/a><\/p>","protected":false},"excerpt":{"rendered":"<p>Jojoba Soap With Olive Oil For Everyday Use This soap is made with jojoba oil, an amazing moisturizing natural ingredient, and olive oil, known for its regenerating and nourishing properties. With this combination, the jojoba soap with olive oil helps of regenerating cells, soothing the skin and providing it with moisture. It also helps eliminate&#8230;<\/p>","protected":false},"featured_media":8112,"comment_status":"open","ping_status":"closed","template":"","meta":{"_kad_blocks_custom_css":"","_kad_blocks_head_custom_js":"","_kad_blocks_body_custom_js":"","_kad_blocks_footer_custom_js":"","_kad_post_transparent":"default","_kad_post_title":"","_kad_post_layout":"default","_kad_post_sidebar_id":"","_kad_post_content_style":"default","_kad_post_vertical_padding":"default","_kad_post_feature":"","_kad_post_feature_position":"","_kad_post_header":false,"_kad_post_footer":false,"_kad_post_classname":"","_daim_seo_power":"","_daim_enable_ail":""},"product_brand":[],"product_cat":[262,703],"product_tag":[],"class_list":{"0":"post-8111","1":"product","2":"type-product","3":"status-publish","4":"has-post-thumbnail","6":"product_cat-olive-oil-soaps","7":"product_cat-vegan-olive-oil-soaps","9":"first","10":"instock","11":"taxable","12":"shipping-taxable","13":"purchasable","14":"product-type-simple","15":"entry","16":"content-bg","17":"loop-entry"},"taxonomy_info":{"product_cat":[{"value":262,"label":"Olive Oil Soaps"},{"value":703,"label":"Vegan Olive Oil Soaps"}]},"featured_image_src_large":["https:\/\/holali.co.uk\/wp-content\/uploads\/2022\/08\/201729.jpeg",280,280,false],"author_info":[],"comment_info":0,"_links":{"self":[{"href":"https:\/\/holali.co.uk\/fr\/wp-json\/wp\/v2\/product\/8111","targetHints":{"allow":["GET"]}}],"collection":[{"href":"https:\/\/holali.co.uk\/fr\/wp-json\/wp\/v2\/product"}],"about":[{"href":"https:\/\/holali.co.uk\/fr\/wp-json\/wp\/v2\/types\/product"}],"replies":[{"embeddable":true,"href":"https:\/\/holali.co.uk\/fr\/wp-json\/wp\/v2\/comments?post=8111"}],"wp:featuredmedia":[{"embeddable":true,"href":"https:\/\/holali.co.uk\/fr\/wp-json\/wp\/v2\/media\/8112"}],"wp:attachment":[{"href":"https:\/\/holali.co.uk\/fr\/wp-json\/wp\/v2\/media?parent=8111"}],"wp:term":[{"taxonomy":"product_brand","embeddable":true,"href":"https:\/\/holali.co.uk\/fr\/wp-json\/wp\/v2\/product_brand?post=8111"},{"taxonomy":"product_cat","embeddable":true,"href":"https:\/\/holali.co.uk\/fr\/wp-json\/wp\/v2\/product_cat?post=8111"},{"taxonomy":"product_tag","embeddable":true,"href":"https:\/\/holali.co.uk\/fr\/wp-json\/wp\/v2\/product_tag?post=8111"}],"curies":[{"name":"wp","href":"https:\/\/api.w.org\/{rel}","templated":true}]}}