{"id":8109,"date":"2022-08-30T20:00:30","date_gmt":"2022-08-30T20:00:30","guid":{"rendered":"https:\/\/holali.local\/product\/green-tea-olive-oil-soap-slice\/"},"modified":"2025-11-08T20:41:18","modified_gmt":"2025-11-08T20:41:18","slug":"the-vert-olive-huile-savon-tranche-2","status":"publish","type":"product","link":"https:\/\/holali.co.uk\/fr\/product\/natural-green-tea-soap-with-olive-oil\/","title":{"rendered":"Savon naturel au th\u00e9 vert avec huile d'olive"},"content":{"rendered":"<h2>Savon naturel au th\u00e9 vert avec huile d'olive<\/h2>\n<p>Vous cherchez \u00e0 traiter rapidement votre peau et \u00e0 profiter d'un savon quotidien rafra\u00eechissant ? Le savon au th\u00e9 vert et \u00e0 l'huile d'olive est un hydratant cutan\u00e9 riche en antioxydants et en polyph\u00e9nols, id\u00e9al pour le vieillissement de la peau et la pr\u00e9vention des rides.<\/p>\n<p>It&#8217;s scented with the scent of olive oil, which you can use to enhance your mood or just smell like the Mediterranean. With a refreshing, spa-like scent, our <a href=\"https:\/\/holali.co.uk\/fr\/produit\/14-roses-rouges-au-savon-la-facon-parfaite-de-montrer-son-amour\/?wmc-currency=EUR\" title=\"14 Roses rouges en savon : La fa\u00e7on id\u00e9ale de montrer votre amour\"  data-wpil-monitor-id=\"224\">soap is the perfect way<\/a> to start the day &#8211; whether you&#8217;re getting ready in the morning or just taking a quick shower!<\/p>\n<p>This natural <a href=\"https:\/\/holali.co.uk\/fr\/produit\/savons-faits-a-la-main-avec-du-the-vert-au-jasmin\/?wmc-currency=EUR\" title=\"Savons artisanaux au jasmin et au th\u00e9 vert\"  data-wpil-monitor-id=\"526\">green tea soap<\/a> is perfect for people with sensitive skin, as it is delicate and not too harsh. Made from green tea and olive oil, which are great prevention of acne. It&#8217;s also great for those who want to try a natural, environmentally friendly alternative.<\/p>\n<h5>AVANTAGES<\/h5>\n<ul>\n<li>Starts out with a refreshing green tea scent which is made with natural ingredients of <a href=\"https:\/\/holali.co.uk\/fr\/produit\/greenman-savon-100g-jardiniers-brosses\/?wmc-currency=EUR\" title=\"Savon naturel au citron et au basilic\" target=\"_blank\" rel=\"noopener\"  data-wpil-monitor-id=\"1617\">olive oil and other botanical<\/a> extracts.<\/li>\n<li>Les feuilles et les huiles rendent la peau soyeuse, lisse et rafra\u00eechie, tandis que les extraits naturels aident \u00e0 d\u00e9toxifier, tonifier et apaiser.<\/li>\n<li>Aucun colorant ou parfum artificiel.<\/li>\n<li>Les feuilles contenues dans le savon aident \u00e0 exfolier et \u00e0 nettoyer la peau.<\/li>\n<li>Votre peau est fra\u00eeche et hydrat\u00e9e gr\u00e2ce aux extraits d'huile d'olive.<\/li>\n<li>Les bienfaits du savon au parfum d'olive aident \u00e0 hydrater la peau et augmentent l'absorption des produits de soin.<\/li>\n<\/ul>\n<p>Natural green tea <a href=\"https:\/\/holali.co.uk\/fr\/produit\/aloe-vera-olive-huile-soap-slice-2\/?wmc-currency=EUR\" title=\"Meilleure Huile d&#039;Olive Savon pour la Peau, Soins de Beaut\u00e9 et Utiliser\"  data-wpil-monitor-id=\"309\">soap with olive oil<\/a> is a popular type of soap made with extra virgin olive oil and a variety of other ingredients. It is handmade through the traditional cold process-making method, which involves mixing oils, lye, and water together in a large pot.<\/p>\n<p><a href=\"https:\/\/holali.co.uk\/fr\/produit\/tranche-de-chocolat-olive-huile-savon-2\/?wmc-currency=EUR\" title=\"Le meilleur beurre de cacao naturel dans le savon\"  data-wpil-monitor-id=\"310\">Olive oil soaps<\/a> have been around for centuries, but only recently have they been taken seriously as an alternative to traditionally made soaps. The cold process-making method is time-consuming and costly to produce.<\/p>\n<p>The slow process of making <a href=\"https:\/\/holali.co.uk\/fr\/produit\/argan-olive-huile-soap-glace-2\/?wmc-currency=EUR\" title=\"Pain de savon \u00e0 l&#039;huile d&#039;olive pure et \u00e0 l&#039;huile d&#039;argan\"  data-wpil-monitor-id=\"288\">olive oil soap<\/a> can be attributed to its popularity in Europe during the 1800s when it was used as a natural remedy for many skin conditions.<\/p>\n<h6>FEATURES<\/h6>\n<p>Types : Peau normale, s\u00e8che et sensible<br \/>\nZone de soins : Visage Corps<br \/>\nPoids : 100g environ<\/p>\n<p><strong>NOTE :<\/strong> Buying handmade soap can be expensive, but this one is affordable and paraben-free, SLS-free, and cruelty-free! We offer a variety of <a href=\"https:\/\/holali.co.uk\/fr\/produit\/jojoba-olive-huile-soap-glace-2\/?wmc-currency=EUR\" title=\"Savon de Jojoba \u00e0 l&#039;huile d&#039;olive pour un usage quotidien\"  data-wpil-monitor-id=\"336\">soaps made with olive oil<\/a> and other natural ingredients. The color or design may slightly vary from the pictures shown. If you would like to know more about our products, feel free to contact us at any time!<\/p>\n<p>Savez-vous ce qu'est le savon en papier ? Si non, <a href=\"https:\/\/holali.co.uk\/fr\/soins-du-corps\/produits-de-soins-de-la-peau\/feuilles-de-papier-savon\/?wmc-currency=EUR\" target=\"_blank\" rel=\"noopener noreferrer\">CLIQUEZ ICI<\/a><\/p>","protected":false},"excerpt":{"rendered":"<p>Natural Green Tea Soap With Olive Oil Looking to quickly treat your skin and enjoy a refreshing daily soap? Green Tea soap with olive oil is a skin moisturizer that is rich in antioxidants and polyphenols and great for skin aging and preventing wrinkles. It&#8217;s scented with the scent of olive oil, which you can&#8230;<\/p>","protected":false},"featured_media":8110,"comment_status":"open","ping_status":"closed","template":"","meta":{"_kad_blocks_custom_css":"","_kad_blocks_head_custom_js":"","_kad_blocks_body_custom_js":"","_kad_blocks_footer_custom_js":"","_kad_post_transparent":"default","_kad_post_title":"","_kad_post_layout":"default","_kad_post_sidebar_id":"","_kad_post_content_style":"default","_kad_post_vertical_padding":"default","_kad_post_feature":"","_kad_post_feature_position":"","_kad_post_header":false,"_kad_post_footer":false,"_kad_post_classname":"","_daim_seo_power":"","_daim_enable_ail":""},"product_brand":[],"product_cat":[262,703],"product_tag":[],"class_list":{"0":"post-8109","1":"product","2":"type-product","3":"status-publish","4":"has-post-thumbnail","6":"product_cat-olive-oil-soaps","7":"product_cat-vegan-olive-oil-soaps","9":"first","10":"instock","11":"taxable","12":"shipping-taxable","13":"purchasable","14":"product-type-simple","15":"entry","16":"content-bg","17":"loop-entry"},"taxonomy_info":{"product_cat":[{"value":262,"label":"Olive Oil Soaps"},{"value":703,"label":"Vegan Olive Oil Soaps"}]},"featured_image_src_large":["https:\/\/holali.co.uk\/wp-content\/uploads\/2022\/08\/201728.jpeg",280,280,false],"author_info":[],"comment_info":0,"_links":{"self":[{"href":"https:\/\/holali.co.uk\/fr\/wp-json\/wp\/v2\/product\/8109","targetHints":{"allow":["GET"]}}],"collection":[{"href":"https:\/\/holali.co.uk\/fr\/wp-json\/wp\/v2\/product"}],"about":[{"href":"https:\/\/holali.co.uk\/fr\/wp-json\/wp\/v2\/types\/product"}],"replies":[{"embeddable":true,"href":"https:\/\/holali.co.uk\/fr\/wp-json\/wp\/v2\/comments?post=8109"}],"wp:featuredmedia":[{"embeddable":true,"href":"https:\/\/holali.co.uk\/fr\/wp-json\/wp\/v2\/media\/8110"}],"wp:attachment":[{"href":"https:\/\/holali.co.uk\/fr\/wp-json\/wp\/v2\/media?parent=8109"}],"wp:term":[{"taxonomy":"product_brand","embeddable":true,"href":"https:\/\/holali.co.uk\/fr\/wp-json\/wp\/v2\/product_brand?post=8109"},{"taxonomy":"product_cat","embeddable":true,"href":"https:\/\/holali.co.uk\/fr\/wp-json\/wp\/v2\/product_cat?post=8109"},{"taxonomy":"product_tag","embeddable":true,"href":"https:\/\/holali.co.uk\/fr\/wp-json\/wp\/v2\/product_tag?post=8109"}],"curies":[{"name":"wp","href":"https:\/\/api.w.org\/{rel}","templated":true}]}}