{"id":8107,"date":"2022-08-30T20:00:30","date_gmt":"2022-08-30T20:00:30","guid":{"rendered":"https:\/\/holali.local\/product\/aloe-vera-olive-oil-soap-slice\/"},"modified":"2026-03-23T08:24:09","modified_gmt":"2026-03-23T08:24:09","slug":"aloe-vera-olive-huile-soap-slice-2","status":"publish","type":"product","link":"https:\/\/holali.co.uk\/fr\/product\/olive-oil-soap-for-skin-care\/","title":{"rendered":"Meilleure Huile d'Olive Savon pour la Peau, Soins de Beaut\u00e9 et Utiliser"},"content":{"rendered":"<h2 dir=\"auto\" data-pm-slice=\"1 1 []\">Meilleure Huile d'Olive Savon pour la Peau, Soins de Beaut\u00e9 et Utiliser<\/h2>\n<p>This soap is made from olive oil, which is a natural moisturizer and emollient that can help to hydrate skin and maintain a healthy complexion. Olive oil soaps for skin care were among the first <a href=\"https:\/\/holali.co.uk\/fr\/product\/white-pink-soap-bar\/\">v\u00e9g\u00e9talien<\/a> soaps.<\/p>\n<p>They are handmade using the traditional cold process-making method. Instead of using harsh chemicals, we use a natural ingredient like aloe vera to create a great smelling and looking <a href=\"https:\/\/holali.co.uk\/fr\/produit\/savon-au-beurre-de-karite-et-a-lhuile-dolive\/?wmc-currency=EUR\" title=\"Savon au beurre de karit\u00e9 pour une peau douce et tendre\"  data-wpil-monitor-id=\"335\">soap that leaves your skin feeling soft<\/a> and smooth.<\/p>\n<p>L'huile d'olive est connue comme un hydratant naturel qui aide \u00e0 maintenir l'humidit\u00e9 naturelle de votre peau et les bienfaits de la plante Aloe Vera, qui est bien connue pour ses effets sur la peau, notamment pour ses propri\u00e9t\u00e9s anti-inflammatoires, antivirales et bact\u00e9ricides.<\/p>\n<p>Olive oil soap for <a href=\"https:\/\/holali.co.uk\/fr\/produit\/savon-au-gingembre-et-girofle-produit-de-soin-de-la-peau-ultime-2\/?wmc-currency=EUR\" title=\"Savon au gingembre et clou de girofle Produit de soin ultime pour la peau\"  data-wpil-monitor-id=\"126\">skin care<\/a> with aloe vera is a natural product with skin-friendly substances, that has been recommended for people with sensitive skin. With its less irritating ingredients, it will also be suitable for people who are allergic to traditional soap.<\/p>\n<p>Aloe Vera is a natural plant that&#8217;s been used for thousands of years. It&#8217;s a great ingredient to incorporate into your <a href=\"https:\/\/holali.co.uk\/fr\/produit\/savons-faits-a-la-main-avec-des-amandes\/?wmc-currency=EUR\" title=\"Savons artisanaux \u00e0 l&#039;amande\" target=\"_blank\" rel=\"noopener\"  data-wpil-monitor-id=\"1446\">skin care routine<\/a>. This soap is made with <a href=\"https:\/\/holali.co.uk\/fr\/produit\/aloe-vera-fragrance-oil-10ml\/?wmc-currency=EUR\" title=\"Huile de parfum Aloe Vera 10ml\"  data-wpil-monitor-id=\"202\">aloe vera and olive oil<\/a>, making it gentle on the skin. The soap is also safe to use in the shower, making it the perfect gift for the lucky person in your life\u00a0who wants to have beautiful skin without having to worry about chemicals.<\/p>\n<h6>FEATURES<\/h6>\n<ul>\n<li>Types de peau : Peau sensible, peau s\u00e8che<\/li>\n<li>Zone de soins de la peau : Corps<\/li>\n<li>Poids : 100g environ<\/li>\n<\/ul>\n<p><strong>NOTE :<\/strong> Buying handmade soap can be expensive, but this soap is affordable and paraben-free, SLS-free, and cruelty-free,! We offer a variety of <a href=\"https:\/\/holali.co.uk\/fr\/produit\/savon-herbe-avec-huile-dolive-herbe-de-grace\/?wmc-currency=EUR\" title=\"Savon aux herbes et \u00e0 l&#039;huile d&#039;olive pour une peau douce et propre\"  data-wpil-monitor-id=\"291\">soaps made with olive oil<\/a>, aloe vera, and other natural ingredients. The color or design may slightly vary from the pictures shown. If you would like to know more about our products, feel free to contact us at any time!<\/p>\n<p>Savez-vous ce qu'est le savon en papier ? Si non, <a href=\"https:\/\/holali.co.uk\/fr\/soins-du-corps\/produits-de-soins-de-la-peau\/feuilles-de-papier-savon\/?wmc-currency=EUR\" target=\"_blank\" rel=\"noopener noreferrer\">CLIQUEZ ICI<\/a><\/p>","protected":false},"excerpt":{"rendered":"<p>Best Olive Oil Soap for Skin Care and Beauty Use This soap is made from olive oil, which is a natural moisturizer and emollient that can help to hydrate skin and maintain a healthy complexion. Olive oil soaps for skin care were among the first vegan soaps. They are handmade using the traditional cold process-making&#8230;<\/p>","protected":false},"featured_media":8108,"comment_status":"open","ping_status":"closed","template":"","meta":{"_kad_blocks_custom_css":"","_kad_blocks_head_custom_js":"","_kad_blocks_body_custom_js":"","_kad_blocks_footer_custom_js":"","_kad_post_transparent":"default","_kad_post_title":"","_kad_post_layout":"default","_kad_post_sidebar_id":"","_kad_post_content_style":"default","_kad_post_vertical_padding":"default","_kad_post_feature":"","_kad_post_feature_position":"","_kad_post_header":false,"_kad_post_footer":false,"_kad_post_classname":"","_daim_seo_power":"","_daim_enable_ail":""},"product_brand":[],"product_cat":[262,703],"product_tag":[],"class_list":{"0":"post-8107","1":"product","2":"type-product","3":"status-publish","4":"has-post-thumbnail","6":"product_cat-olive-oil-soaps","7":"product_cat-vegan-olive-oil-soaps","9":"first","10":"instock","11":"taxable","12":"shipping-taxable","13":"purchasable","14":"product-type-simple","15":"entry","16":"content-bg","17":"loop-entry"},"taxonomy_info":{"product_cat":[{"value":262,"label":"Olive Oil Soaps"},{"value":703,"label":"Vegan Olive Oil Soaps"}]},"featured_image_src_large":["https:\/\/holali.co.uk\/wp-content\/uploads\/2022\/08\/201727.jpeg",280,280,false],"author_info":[],"comment_info":3,"_links":{"self":[{"href":"https:\/\/holali.co.uk\/fr\/wp-json\/wp\/v2\/product\/8107","targetHints":{"allow":["GET"]}}],"collection":[{"href":"https:\/\/holali.co.uk\/fr\/wp-json\/wp\/v2\/product"}],"about":[{"href":"https:\/\/holali.co.uk\/fr\/wp-json\/wp\/v2\/types\/product"}],"replies":[{"embeddable":true,"href":"https:\/\/holali.co.uk\/fr\/wp-json\/wp\/v2\/comments?post=8107"}],"wp:featuredmedia":[{"embeddable":true,"href":"https:\/\/holali.co.uk\/fr\/wp-json\/wp\/v2\/media\/8108"}],"wp:attachment":[{"href":"https:\/\/holali.co.uk\/fr\/wp-json\/wp\/v2\/media?parent=8107"}],"wp:term":[{"taxonomy":"product_brand","embeddable":true,"href":"https:\/\/holali.co.uk\/fr\/wp-json\/wp\/v2\/product_brand?post=8107"},{"taxonomy":"product_cat","embeddable":true,"href":"https:\/\/holali.co.uk\/fr\/wp-json\/wp\/v2\/product_cat?post=8107"},{"taxonomy":"product_tag","embeddable":true,"href":"https:\/\/holali.co.uk\/fr\/wp-json\/wp\/v2\/product_tag?post=8107"}],"curies":[{"name":"wp","href":"https:\/\/api.w.org\/{rel}","templated":true}]}}