{"id":8105,"date":"2022-08-30T20:00:30","date_gmt":"2022-08-30T20:00:30","guid":{"rendered":"https:\/\/holali.local\/product\/chocolate-olive-oil-soap-slice\/"},"modified":"2025-11-08T20:16:14","modified_gmt":"2025-11-08T20:16:14","slug":"tranche-de-chocolat-olive-huile-savon-2","status":"publish","type":"product","link":"https:\/\/holali.co.uk\/fr\/product\/best-natural-cocoa-butter-in-soap\/","title":{"rendered":"Le meilleur beurre de cacao naturel dans le savon"},"content":{"rendered":"<h2 dir=\"auto\">Le meilleur beurre de cacao naturel dans le savon \u00e0 l'huile d'olive<\/h2>\n<p>Vous cherchez un bain d\u00e9licieux et relaxant ? Ne cherchez pas plus loin que notre savon au beurre de cacao ! Notre savon est fabriqu\u00e9 avec des huiles de cacao naturelles et de l'huile d'olive pour vous offrir une exp\u00e9rience luxueuse. Notre savon est s\u00fbr de laisser votre peau douce et saine, afin que vous puissiez profiter de chaque moment. D\u00e9couvrez les autres avantages de notre savon au chocolat ci-dessous.<\/p>\n<ul>\n<li>Le cacao est r\u00e9put\u00e9 aider \u00e0 la relaxation.<\/li>\n<li>The olive <a href=\"https:\/\/holali.co.uk\/fr\/produit\/aromatherapie-bain-de-karite-90g-menthe-poivree\/?wmc-currency=EUR\" title=\"Huile essentielle de menthe poivr\u00e9e et beurre de karit\u00e9 brut 90g\" target=\"_blank\" rel=\"noopener\"  data-wpil-monitor-id=\"1385\">oil base moisturizes and nourishes the skin<\/a>, great for a beauty routine.<\/li>\n<li>Le savon au chocolat est fabriqu\u00e9 \u00e0 partir de f\u00e8ves de cacao, qui sont merveilleuses pour l'humeur et la concentration.<\/li>\n<li>Le cacao est un antioxydant qui aide l'esprit et le corps.<\/li>\n<\/ul>\n<p>Our Artisan pure <a href=\"https:\/\/holali.co.uk\/fr\/produit\/double-beurre-luxe-savon-glace-minty-huiles\/?wmc-currency=EUR\" title=\"Meilleur savon de luxe aux huiles de menthe\" target=\"_blank\" rel=\"noopener\"  data-wpil-monitor-id=\"1421\">cocoa butter soaps<\/a>! Made with natural ingredients, they are perfect for both your skin and the environment. Plus, they&#8217;re beautiful to look at too! Cold process <a href=\"https:\/\/holali.co.uk\/fr\/produit\/14-roses-rouges-au-savon-la-facon-parfaite-de-montrer-son-amour\/?wmc-currency=EUR\" title=\"14 Roses rouges en savon : La fa\u00e7on id\u00e9ale de montrer votre amour\"  data-wpil-monitor-id=\"225\">soap making is a perfect way<\/a> to preserve the vitamins, minerals, and enzymes from premium natural ingredients. Our natural cocoa butter in <a href=\"https:\/\/holali.co.uk\/fr\/produit\/jojoba-olive-huile-soap-glace-2\/?wmc-currency=EUR\" title=\"Savon de Jojoba \u00e0 l&#039;huile d&#039;olive pour un usage quotidien\"  data-wpil-monitor-id=\"339\">soap is made with olive oil<\/a> and chocolate extract, giving it a rich, indulgent smell. FEATURES<\/p>\n<ul>\n<li>Types de peau : Tous<\/li>\n<li>Zone de soins de la peau : Visage, corps<\/li>\n<li>Poids : 100g environ<\/li>\n<\/ul>\n<p>REMARQUE : Acheter un savon fait main peut \u00eatre co\u00fbteux, mais ce savon est abordable et sans parab\u00e8ne, sans SLS et sans cruaut\u00e9 ! Nous offrons une vari\u00e9t\u00e9 de savons fabriqu\u00e9s avec de l'huile d'olive, du beurre de cacao et d'autres ingr\u00e9dients naturels. La couleur ou le motif peuvent varier l\u00e9g\u00e8rement par rapport aux photos pr\u00e9sent\u00e9es. Si vous souhaitez en savoir plus sur nos produits, n'h\u00e9sitez pas \u00e0 nous contacter \u00e0 tout moment ! Vous \u00eates \u00e0 la recherche d'une bonne id\u00e9e ? <a href=\"https:\/\/holali.co.uk\/fr\/categorie-de-produit\/soins-du-corps\/produits-de-soins-de-la-peau\/paper-soap\/?wmc-currency=EUR\" target=\"_blank\" rel=\"noopener noreferrer\">CLIQUEZ ICI<\/a><\/p>","protected":false},"excerpt":{"rendered":"<p>Best Natural Cocoa Butter In Soap with Olive Oil Looking for a delicious and relaxing bath? Look no further than our Cocoa Butter In Soap! Our soap is made with natural cocoa oils and olive oil to give you a luxurious experience. Our soap is sure to leave your skin soft and healthy, so you&#8230;<\/p>","protected":false},"featured_media":8106,"comment_status":"open","ping_status":"closed","template":"","meta":{"_kad_blocks_custom_css":"","_kad_blocks_head_custom_js":"","_kad_blocks_body_custom_js":"","_kad_blocks_footer_custom_js":"","_kad_post_transparent":"default","_kad_post_title":"","_kad_post_layout":"default","_kad_post_sidebar_id":"","_kad_post_content_style":"default","_kad_post_vertical_padding":"default","_kad_post_feature":"","_kad_post_feature_position":"","_kad_post_header":false,"_kad_post_footer":false,"_kad_post_classname":"","_daim_seo_power":"","_daim_enable_ail":""},"product_brand":[],"product_cat":[262,703],"product_tag":[],"class_list":{"0":"post-8105","1":"product","2":"type-product","3":"status-publish","4":"has-post-thumbnail","6":"product_cat-olive-oil-soaps","7":"product_cat-vegan-olive-oil-soaps","9":"first","10":"instock","11":"taxable","12":"shipping-taxable","13":"purchasable","14":"product-type-simple","15":"entry","16":"content-bg","17":"loop-entry"},"taxonomy_info":{"product_cat":[{"value":262,"label":"Olive Oil Soaps"},{"value":703,"label":"Vegan Olive Oil Soaps"}]},"featured_image_src_large":["https:\/\/holali.co.uk\/wp-content\/uploads\/2022\/08\/201726.jpeg",280,280,false],"author_info":[],"comment_info":0,"_links":{"self":[{"href":"https:\/\/holali.co.uk\/fr\/wp-json\/wp\/v2\/product\/8105","targetHints":{"allow":["GET"]}}],"collection":[{"href":"https:\/\/holali.co.uk\/fr\/wp-json\/wp\/v2\/product"}],"about":[{"href":"https:\/\/holali.co.uk\/fr\/wp-json\/wp\/v2\/types\/product"}],"replies":[{"embeddable":true,"href":"https:\/\/holali.co.uk\/fr\/wp-json\/wp\/v2\/comments?post=8105"}],"wp:featuredmedia":[{"embeddable":true,"href":"https:\/\/holali.co.uk\/fr\/wp-json\/wp\/v2\/media\/8106"}],"wp:attachment":[{"href":"https:\/\/holali.co.uk\/fr\/wp-json\/wp\/v2\/media?parent=8105"}],"wp:term":[{"taxonomy":"product_brand","embeddable":true,"href":"https:\/\/holali.co.uk\/fr\/wp-json\/wp\/v2\/product_brand?post=8105"},{"taxonomy":"product_cat","embeddable":true,"href":"https:\/\/holali.co.uk\/fr\/wp-json\/wp\/v2\/product_cat?post=8105"},{"taxonomy":"product_tag","embeddable":true,"href":"https:\/\/holali.co.uk\/fr\/wp-json\/wp\/v2\/product_tag?post=8105"}],"curies":[{"name":"wp","href":"https:\/\/api.w.org\/{rel}","templated":true}]}}