{"id":8103,"date":"2022-08-30T20:00:29","date_gmt":"2022-08-30T20:00:29","guid":{"rendered":"https:\/\/holali.local\/product\/red-clay-olive-oil-soap-slice\/"},"modified":"2025-11-08T20:27:08","modified_gmt":"2025-11-08T20:27:08","slug":"argile-rouge-olive-huile-savon-glace-2","status":"publish","type":"product","link":"https:\/\/holali.co.uk\/fr\/product\/red-clay-soap-with-olive-oil\/","title":{"rendered":"Savon naturel \u00e0 l'argile rouge et \u00e0 l'\u00e9glantier"},"content":{"rendered":"<h2 dir=\"auto\" data-pm-slice=\"1 1 []\">Savon naturel \u00e0 l'argile rouge et \u00e0 l'\u00e9glantier<\/h2>\n<p>Nous savons que vous cherchez une alternative aux savons co\u00fbteux et charg\u00e9s de produits chimiques que vous trouvez au supermarch\u00e9.<\/p>\n<p>Nous avons trouv\u00e9 une alternative saine qui va au-del\u00e0 des pains de savon conventionnels - notre savon \u00e0 l'argile rouge est fabriqu\u00e9 avec un m\u00e9lange d'huile d'olive biologique et d'extrait d'\u00e9glantier biologique pour un parfum magnifique et d\u00e9licat.<\/p>\n<h5>AVANTAGES DE NOTRE SAVON BIOLOGIQUE : UTILISEZ-LE COMME ROUTINE DE SOIN DE LA PEAU.<\/h5>\n<ol>\n<li>Le savon \u00e0 l'argile rouge, \u00e0 l'huile d'\u00e9glantier et d'olive, est riche en antioxydants, en vitamine C et en acides v\u00e9g\u00e9taux.<\/li>\n<li>L'hydratation nettoie et rajeunit les cellules cutan\u00e9es pour donner \u00e0 votre peau les meilleures chances de gu\u00e9rison.<\/li>\n<li>Red <a href=\"https:\/\/holali.co.uk\/fr\/produit\/blanc-rose-rouge-savon-bar\/?wmc-currency=EUR\" title=\"Pain de savon rouge White Rose\"  data-wpil-monitor-id=\"134\">Clay soap is a natural<\/a> <a href=\"https:\/\/holali.co.uk\/fr\/product\/white-pink-soap-bar\/\">soap bar<\/a> that is Certified with organic ingredients<\/li>\n<\/ol>\n<p>Natural <a href=\"https:\/\/holali.co.uk\/fr\/produit\/jojoba-olive-huile-soap-glace-2\/?wmc-currency=EUR\" title=\"Savon de Jojoba \u00e0 l&#039;huile d&#039;olive pour un usage quotidien\"  data-wpil-monitor-id=\"332\">olive oil soap<\/a> is a popular type of soap made with extra virgin olive oil and a variety of other ingredients. It is handmade through the traditional cold process-making method, which involves mixing oils, lye, and water together in a large pot.<\/p>\n<p><a href=\"https:\/\/holali.co.uk\/fr\/produit\/argan-olive-huile-soap-glace-2\/?wmc-currency=EUR\" title=\"Pain de savon \u00e0 l&#039;huile d&#039;olive pure et \u00e0 l&#039;huile d&#039;argan\"  data-wpil-monitor-id=\"283\">Olive oil soaps<\/a> have been around for centuries, but only recently have they been taken seriously as an alternative to traditionally made soaps. The cold process-making method is time-consuming and costly to produce.<\/p>\n<p>The slow process of making <a href=\"https:\/\/holali.co.uk\/fr\/produit\/pain-de-savon-fait-main-glace-de-pasteque-approx-100g\/?wmc-currency=EUR\" title=\"Savon artisanal \u00e0 la past\u00e8que\" target=\"_blank\" rel=\"noopener\"  data-wpil-monitor-id=\"1573\">olive oil soap<\/a> can be attributed to its popularity in Europe during the 1800s when it was used as a natural remedy for many skin conditions.<\/p>\n<h6>FEATURES<\/h6>\n<ul>\n<li>Types : Peau normale, s\u00e8che et sensible<\/li>\n<li>Zone de soins : Visage Corps<\/li>\n<li>Poids : 100g environ<\/li>\n<\/ul>\n<p><strong>NOTE :<\/strong> Buying handmade soap can be expensive, but this one is affordable and paraben-free, SLS-free, and cruelty-free! We offer a variety of soaps made with olive oil and other <a href=\"https:\/\/holali.co.uk\/fr\/produit\/pain-de-savon-fait-main-glace-framboise-approx-100g\/?wmc-currency=EUR\" title=\"Savon artisanal \u00e0 la framboise\" target=\"_blank\" rel=\"noopener\"  data-wpil-monitor-id=\"1200\">natural ingredients<\/a>. La couleur ou le design peuvent l\u00e9g\u00e8rement varier par rapport aux photos pr\u00e9sent\u00e9es. Si vous souhaitez en savoir plus sur nos produits, n'h\u00e9sitez pas \u00e0 nous contacter \u00e0 tout moment !<\/p>\n<p>Connaissez-vous le savon en papier ? Si ce n'est pas le cas, <a href=\"https:\/\/holali.co.uk\/fr\/categorie-de-produit\/soins-du-corps\/produits-de-soins-de-la-peau\/paper-soap\/?wmc-currency=EUR\" target=\"_blank\" rel=\"noopener noreferrer\">CLIQUEZ ICI<\/a><\/p>","protected":false},"excerpt":{"rendered":"<p>Natural Red Clay Soap With Rosehip We know you&#8217;ve been looking for an alternative to the expensive chemical-laden soaps you find in the supermarket. We&#8217;ve found a healthy alternative that goes beyond conventional soap bars &#8211; our Red Clay Soap is made with a blend of organic olive oil and organic rosehip extract for a&#8230;<\/p>","protected":false},"featured_media":8104,"comment_status":"open","ping_status":"closed","template":"","meta":{"_kad_blocks_custom_css":"","_kad_blocks_head_custom_js":"","_kad_blocks_body_custom_js":"","_kad_blocks_footer_custom_js":"","_kad_post_transparent":"default","_kad_post_title":"","_kad_post_layout":"default","_kad_post_sidebar_id":"","_kad_post_content_style":"default","_kad_post_vertical_padding":"default","_kad_post_feature":"","_kad_post_feature_position":"","_kad_post_header":false,"_kad_post_footer":false,"_kad_post_classname":"","_daim_seo_power":"","_daim_enable_ail":""},"product_brand":[],"product_cat":[262,703],"product_tag":[],"class_list":{"0":"post-8103","1":"product","2":"type-product","3":"status-publish","4":"has-post-thumbnail","6":"product_cat-olive-oil-soaps","7":"product_cat-vegan-olive-oil-soaps","9":"first","10":"instock","11":"taxable","12":"shipping-taxable","13":"purchasable","14":"product-type-simple","15":"entry","16":"content-bg","17":"loop-entry"},"taxonomy_info":{"product_cat":[{"value":262,"label":"Olive Oil Soaps"},{"value":703,"label":"Vegan Olive Oil Soaps"}]},"featured_image_src_large":["https:\/\/holali.co.uk\/wp-content\/uploads\/2022\/08\/201748.jpeg",280,280,false],"author_info":[],"comment_info":0,"_links":{"self":[{"href":"https:\/\/holali.co.uk\/fr\/wp-json\/wp\/v2\/product\/8103","targetHints":{"allow":["GET"]}}],"collection":[{"href":"https:\/\/holali.co.uk\/fr\/wp-json\/wp\/v2\/product"}],"about":[{"href":"https:\/\/holali.co.uk\/fr\/wp-json\/wp\/v2\/types\/product"}],"replies":[{"embeddable":true,"href":"https:\/\/holali.co.uk\/fr\/wp-json\/wp\/v2\/comments?post=8103"}],"wp:featuredmedia":[{"embeddable":true,"href":"https:\/\/holali.co.uk\/fr\/wp-json\/wp\/v2\/media\/8104"}],"wp:attachment":[{"href":"https:\/\/holali.co.uk\/fr\/wp-json\/wp\/v2\/media?parent=8103"}],"wp:term":[{"taxonomy":"product_brand","embeddable":true,"href":"https:\/\/holali.co.uk\/fr\/wp-json\/wp\/v2\/product_brand?post=8103"},{"taxonomy":"product_cat","embeddable":true,"href":"https:\/\/holali.co.uk\/fr\/wp-json\/wp\/v2\/product_cat?post=8103"},{"taxonomy":"product_tag","embeddable":true,"href":"https:\/\/holali.co.uk\/fr\/wp-json\/wp\/v2\/product_tag?post=8103"}],"curies":[{"name":"wp","href":"https:\/\/api.w.org\/{rel}","templated":true}]}}