{"id":8101,"date":"2022-08-30T20:00:29","date_gmt":"2022-08-30T20:00:29","guid":{"rendered":"https:\/\/holali.local\/product\/rosehip-olive-oil-soap-slice\/"},"modified":"2025-11-08T20:28:57","modified_gmt":"2025-11-08T20:28:57","slug":"huile-de-rose-musquee-olive-soap-glace-2","status":"publish","type":"product","link":"https:\/\/holali.co.uk\/fr\/product\/rosehip-soap-with-olive-oil\/","title":{"rendered":"Savon \u00e0 l'\u00e9glantier unique et adapt\u00e9 aux peaux sensibles"},"content":{"rendered":"<h2 dir=\"auto\">Savon \u00e0 l'\u00e9glantier unique et adapt\u00e9 aux peaux sensibles<\/h2>\n<p dir=\"auto\" data-pm-slice=\"1 1 []\">Nous savons que vous regardez ce savon \u00e0 la rose musqu\u00e9e et \u00e0 l'huile d'olive parce que vous voulez prendre soin de votre peau et de vous-m\u00eame. Qui ne le souhaite pas ?<\/p>\n<p dir=\"auto\" data-pm-slice=\"1 1 []\">L'\u00e9glantier est utilis\u00e9 depuis des si\u00e8cles comme un rem\u00e8de naturel qui contribue \u00e0 la sant\u00e9 de la peau et il est d\u00e9sormais disponible sous forme de savon.<\/p>\n<p dir=\"auto\" data-pm-slice=\"1 1 []\">Our soap made with 100% pure rosehip oil is your next <a href=\"https:\/\/holali.co.uk\/fr\/produit\/nature-savon-sac-bambou-2\/?wmc-currency=EUR\" title=\"Sac \u00e0 savon en bambou\" target=\"_blank\" rel=\"noopener\"  data-wpil-monitor-id=\"1132\">natural skin care<\/a> solution. Here below the benefits.<\/p>\n<h5 dir=\"auto\" data-pm-slice=\"1 1 []\">AVANTAGES<\/h5>\n<ul data-pm-slice=\"3 3 []\">\n<li>\n<p dir=\"auto\">Notre site <a href=\"https:\/\/holali.co.uk\/fr\/produit\/pain-de-savon-fait-main-glace-framboise-approx-100g\/?wmc-currency=EUR\" title=\"Savon artisanal \u00e0 la framboise\" target=\"_blank\" rel=\"noopener\"  data-wpil-monitor-id=\"1199\">natural soaps are handmade with all-natural ingredients<\/a>, like olive oil and rosehip.<\/p>\n<\/li>\n<li>\n<p dir=\"auto\">Plus besoin de s'inqui\u00e9ter des additifs chimiques nocifs.<\/p>\n<\/li>\n<li>\n<p dir=\"auto\">Notre site <a href=\"https:\/\/holali.co.uk\/fr\/produit\/savon-fruit-du-dragon-savon-efficace-pour-tous-les-types-de-peau\/?wmc-currency=EUR\" title=\"Savon au fruit du dragon : Un savon efficace pour tous les types de peau\"  data-wpil-monitor-id=\"415\">soaps are perfect for every skin type<\/a>,<\/p>\n<\/li>\n<li>\n<p dir=\"auto\">C'est un cadeau parfait pour la pendaison de cr\u00e9maill\u00e8re et les vacances !<\/p>\n<\/li>\n<\/ul>\n<h6>HISTOIRE DE L'HUILE D'OLIVE<\/h6>\n<p>Natural <a href=\"https:\/\/holali.co.uk\/fr\/produit\/argan-olive-huile-soap-glace-2\/?wmc-currency=EUR\" title=\"Pain de savon \u00e0 l&#039;huile d&#039;olive pure et \u00e0 l&#039;huile d&#039;argan\"  data-wpil-monitor-id=\"281\">olive oil soap<\/a> is a popular type of soap made with extra virgin olive oil and a variety of other ingredients. It is handmade through the traditional cold process-making method, which involves mixing oils, lye, and water together in a large pot.<\/p>\n<p><a href=\"https:\/\/holali.co.uk\/fr\/produit\/barre-de-savon-a-la-poudre-de-bebe-100g-2\/?wmc-currency=EUR\" title=\"Savon en poudre pour b\u00e9b\u00e9 pour les enfants et les femmes enceintes\" target=\"_blank\" rel=\"noopener\"  data-wpil-monitor-id=\"1602\">Olive oil soaps<\/a> have been around for centuries, but only recently have they been taken seriously as an alternative to traditionally made soaps. The cold process-making method is time-consuming and costly to produce.<\/p>\n<p>The slow process of making <a href=\"https:\/\/holali.co.uk\/fr\/produit\/tranche-de-chocolat-olive-huile-savon-2\/?wmc-currency=EUR\" title=\"Le meilleur beurre de cacao naturel dans le savon\"  data-wpil-monitor-id=\"301\">olive oil soap<\/a> can be attributed to its popularity in Europe during the 1800s when it was used as a natural remedy for many skin conditions.<\/p>\n<h6>FEATURES<\/h6>\n<ul>\n<li>Types : Peau normale, s\u00e8che et sensible<\/li>\n<li>Zone de soins : Visage Corps<\/li>\n<li>Poids : 100g environ<\/li>\n<\/ul>\n<p><strong>NOTE :<\/strong>\u00a0Buying handmade soap can be expensive, but this one is affordable and paraben-free, SLS-free, and cruelty-free! We offer a variety of soaps made with <a href=\"https:\/\/holali.co.uk\/fr\/produit\/rose-savon-mieux-vegan-savon\/?wmc-currency=EUR\" title=\"Savon rose : Le meilleur savon v\u00e9g\u00e9talien\" target=\"_blank\" rel=\"noopener\"  data-wpil-monitor-id=\"1169\">olive oil and other natural ingredients<\/a>. La couleur ou le design peuvent l\u00e9g\u00e8rement varier par rapport aux photos pr\u00e9sent\u00e9es. Si vous souhaitez en savoir plus sur nos produits, n'h\u00e9sitez pas \u00e0 nous contacter \u00e0 tout moment !<\/p>\n<p>Connaissez-vous le savon en papier ? Si ce n'est pas le cas,\u00a0<a href=\"https:\/\/holali.co.uk\/fr\/categorie-de-produit\/soins-du-corps\/produits-de-soins-de-la-peau\/paper-soap\/?wmc-currency=EUR\" target=\"_blank\" rel=\"noopener noreferrer\">CLIQUEZ ICI<\/a><\/p>","protected":false},"excerpt":{"rendered":"<p>Unique and Sensitive-Skin Friendly Rosehip Soap We know you&#8217;re looking at this Rosehip Soap with Olive Oil because you want to take care of your skin and yourself. Who doesn&#8217;t? Rosehip has been used for centuries as a natural remedy that helps support the health of your skin and it&#8217;s now available in a soap&#8230;.<\/p>","protected":false},"featured_media":8102,"comment_status":"open","ping_status":"closed","template":"","meta":{"_kad_blocks_custom_css":"","_kad_blocks_head_custom_js":"","_kad_blocks_body_custom_js":"","_kad_blocks_footer_custom_js":"","_kad_post_transparent":"default","_kad_post_title":"","_kad_post_layout":"default","_kad_post_sidebar_id":"","_kad_post_content_style":"default","_kad_post_vertical_padding":"default","_kad_post_feature":"","_kad_post_feature_position":"","_kad_post_header":false,"_kad_post_footer":false,"_kad_post_classname":"","_daim_seo_power":"","_daim_enable_ail":""},"product_brand":[],"product_cat":[262,703],"product_tag":[],"class_list":{"0":"post-8101","1":"product","2":"type-product","3":"status-publish","4":"has-post-thumbnail","6":"product_cat-olive-oil-soaps","7":"product_cat-vegan-olive-oil-soaps","9":"first","10":"instock","11":"taxable","12":"shipping-taxable","13":"purchasable","14":"product-type-simple","15":"entry","16":"content-bg","17":"loop-entry"},"taxonomy_info":{"product_cat":[{"value":262,"label":"Olive Oil Soaps"},{"value":703,"label":"Vegan Olive Oil Soaps"}]},"featured_image_src_large":["https:\/\/holali.co.uk\/wp-content\/uploads\/2022\/08\/201724.jpeg",280,280,false],"author_info":[],"comment_info":0,"_links":{"self":[{"href":"https:\/\/holali.co.uk\/fr\/wp-json\/wp\/v2\/product\/8101","targetHints":{"allow":["GET"]}}],"collection":[{"href":"https:\/\/holali.co.uk\/fr\/wp-json\/wp\/v2\/product"}],"about":[{"href":"https:\/\/holali.co.uk\/fr\/wp-json\/wp\/v2\/types\/product"}],"replies":[{"embeddable":true,"href":"https:\/\/holali.co.uk\/fr\/wp-json\/wp\/v2\/comments?post=8101"}],"wp:featuredmedia":[{"embeddable":true,"href":"https:\/\/holali.co.uk\/fr\/wp-json\/wp\/v2\/media\/8102"}],"wp:attachment":[{"href":"https:\/\/holali.co.uk\/fr\/wp-json\/wp\/v2\/media?parent=8101"}],"wp:term":[{"taxonomy":"product_brand","embeddable":true,"href":"https:\/\/holali.co.uk\/fr\/wp-json\/wp\/v2\/product_brand?post=8101"},{"taxonomy":"product_cat","embeddable":true,"href":"https:\/\/holali.co.uk\/fr\/wp-json\/wp\/v2\/product_cat?post=8101"},{"taxonomy":"product_tag","embeddable":true,"href":"https:\/\/holali.co.uk\/fr\/wp-json\/wp\/v2\/product_tag?post=8101"}],"curies":[{"name":"wp","href":"https:\/\/api.w.org\/{rel}","templated":true}]}}