{"id":8099,"date":"2022-08-30T20:00:28","date_gmt":"2022-08-30T20:00:28","guid":{"rendered":"https:\/\/holali.local\/product\/cinnamon-orange-olive-oil-soap-slice\/"},"modified":"2025-07-18T21:55:21","modified_gmt":"2025-07-18T21:55:21","slug":"cannelle-orange-olive-huile-savon-glace-2","status":"publish","type":"product","link":"https:\/\/holali.co.uk\/fr\/product\/orange-cinnamon-soap-for-healthy-hands-body\/","title":{"rendered":"Savon \u00e0 l'orange et \u00e0 la cannelle pour la sant\u00e9 des mains, des pieds et du corps"},"content":{"rendered":"<h2>Savon \u00e0 l'orange et \u00e0 la cannelle pour la sant\u00e9 des mains, des pieds et du corps<\/h2>\n<p>Quoi de mieux qu'une odeur paradisiaque ? Le savon Orange &amp; Cannelle regorge de nutriments pour la peau. L'orange calme et hydrate les peaux s\u00e8ches tandis que la cannelle exfolie et apaise la peau. Et surtout, il sent divinement bon ! D\u00e9couvrez les autres bienfaits pour la sant\u00e9 ci-dessous.<\/p>\n<ul>\n<li>Des ingr\u00e9dients biologiques et naturels pour prendre soin de votre corps et de l'environnement.<\/li>\n<li>Savon pur et puissant fabriqu\u00e9 selon la m\u00e9thode traditionnelle \u00e0 froid.<\/li>\n<\/ul>\n<p>Organic <a href=\"https:\/\/holali.co.uk\/fr\/produit\/savon-ylang-ylang-soap-orange-huile-ecologique\/?wmc-currency=EUR\" title=\"Savon \u00e9cologique \u00e0 l&#039;huile d&#039;ylang-ylang et \u00e0 l&#039;huile d&#039;orange\"  data-wpil-monitor-id=\"131\">Orange and Cinnamon soap<\/a> is scented with essential oils and other natural ingredients that are always expertly blended to leave your skin feeling crisp, clean, and smooth. Made with cold-process that preserves the vitamins, minerals, and enzymes from the premium, natural ingredients so the bar stays fresh and effective for up to a year.<\/p>\n<h6>FEATURES<\/h6>\n<ul>\n<li>Types : Peau s\u00e8che et autres<\/li>\n<li>Domaine des soins de la peau : Visage, corps<\/li>\n<li>Poids : 100g environ<\/li>\n<\/ul>\n<p><strong>NOTE :<\/strong> Buying handmade soap can be expensive, but this one is affordable and paraben-free, SLS-free, and cruelty-free! We offer a variety of <a href=\"https:\/\/holali.co.uk\/fr\/produit\/jojoba-olive-huile-soap-glace-2\/?wmc-currency=EUR\" title=\"Savon de Jojoba \u00e0 l&#039;huile d&#039;olive pour un usage quotidien\"  data-wpil-monitor-id=\"338\">soaps made with olive oil<\/a>, cinnamon, orange, and other natural ingredients. The color or design may slightly vary from the pictures shown. If you would like to know more about our products, feel free to contact us at any time! Do you know what paper soap is? If not, <a href=\"https:\/\/holali.co.uk\/fr\/categorie-de-produit\/soins-du-corps\/produits-de-soins-de-la-peau\/paper-soap\/?wmc-currency=EUR\" target=\"_blank\" rel=\"noopener noreferrer\">CLIQUEZ ICI<\/a><\/p>","protected":false},"excerpt":{"rendered":"<p>Orange &amp; Cinnamon Soap for Healthy Hands, Feet, Body What&#8217;s better than a heavenly smell? Orange &amp; Cinnamon soap is packed with nutrients for the skin. Orange calms and moisturizes dry skin while cinnamon exfoliates and soothes the skin. Best of all, it smells divine! Look for further health benefits below. Organic and natural ingredients&#8230;<\/p>","protected":false},"featured_media":8100,"comment_status":"open","ping_status":"closed","template":"","meta":{"_kad_blocks_custom_css":"","_kad_blocks_head_custom_js":"","_kad_blocks_body_custom_js":"","_kad_blocks_footer_custom_js":"","_kad_post_transparent":"default","_kad_post_title":"","_kad_post_layout":"default","_kad_post_sidebar_id":"","_kad_post_content_style":"default","_kad_post_vertical_padding":"default","_kad_post_feature":"","_kad_post_feature_position":"","_kad_post_header":false,"_kad_post_footer":false,"_kad_post_classname":"","_daim_seo_power":"","_daim_enable_ail":""},"product_brand":[],"product_cat":[262,703],"product_tag":[],"class_list":{"0":"post-8099","1":"product","2":"type-product","3":"status-publish","4":"has-post-thumbnail","6":"product_cat-olive-oil-soaps","7":"product_cat-vegan-olive-oil-soaps","9":"first","10":"instock","11":"taxable","12":"shipping-taxable","13":"purchasable","14":"product-type-simple","15":"entry","16":"content-bg","17":"loop-entry"},"taxonomy_info":{"product_cat":[{"value":262,"label":"Olive Oil Soaps"},{"value":703,"label":"Vegan Olive Oil Soaps"}]},"featured_image_src_large":["https:\/\/holali.co.uk\/wp-content\/uploads\/2022\/08\/201723.jpeg",280,280,false],"author_info":[],"comment_info":0,"_links":{"self":[{"href":"https:\/\/holali.co.uk\/fr\/wp-json\/wp\/v2\/product\/8099","targetHints":{"allow":["GET"]}}],"collection":[{"href":"https:\/\/holali.co.uk\/fr\/wp-json\/wp\/v2\/product"}],"about":[{"href":"https:\/\/holali.co.uk\/fr\/wp-json\/wp\/v2\/types\/product"}],"replies":[{"embeddable":true,"href":"https:\/\/holali.co.uk\/fr\/wp-json\/wp\/v2\/comments?post=8099"}],"wp:featuredmedia":[{"embeddable":true,"href":"https:\/\/holali.co.uk\/fr\/wp-json\/wp\/v2\/media\/8100"}],"wp:attachment":[{"href":"https:\/\/holali.co.uk\/fr\/wp-json\/wp\/v2\/media?parent=8099"}],"wp:term":[{"taxonomy":"product_brand","embeddable":true,"href":"https:\/\/holali.co.uk\/fr\/wp-json\/wp\/v2\/product_brand?post=8099"},{"taxonomy":"product_cat","embeddable":true,"href":"https:\/\/holali.co.uk\/fr\/wp-json\/wp\/v2\/product_cat?post=8099"},{"taxonomy":"product_tag","embeddable":true,"href":"https:\/\/holali.co.uk\/fr\/wp-json\/wp\/v2\/product_tag?post=8099"}],"curies":[{"name":"wp","href":"https:\/\/api.w.org\/{rel}","templated":true}]}}