{"id":8097,"date":"2022-08-30T20:00:28","date_gmt":"2022-08-30T20:00:28","guid":{"rendered":"https:\/\/holali.local\/product\/coconut-olive-oil-soap-slice\/"},"modified":"2025-07-18T22:03:06","modified_gmt":"2025-07-18T22:03:06","slug":"noix-de-coco-olive-huile-savon-tranche-2","status":"publish","type":"product","link":"https:\/\/holali.co.uk\/fr\/product\/organic-coconut-soap-bar-with-olive-oil\/","title":{"rendered":"Pain de savon biologique \u00e0 la noix de coco et \u00e0 l'huile d'olive"},"content":{"rendered":"<h2 dir=\"auto\" data-pm-slice=\"1 1 []\">Pain de savon biologique \u00e0 la noix de coco et \u00e0 l'huile d'olive<\/h2>\n<p>Coconut <a href=\"https:\/\/holali.co.uk\/fr\/product\/white-pink-soap-bar\/\">Soap Bar<\/a> with extra virgin Olive Oil is perfect for those looking for a gentle exfoliating experience. With its restructuring properties, it helps tone, moisturize, soothe, and protect the skin. Plus, it&#8217;s good for boosting circulation and removing dead skin cells. Try our <a href=\"https:\/\/holali.co.uk\/fr\/produit\/happy-face-coconut-scrub-soap\/?wmc-currency=EUR\" title=\"Savon exfoliant \u00e0 la noix de coco Happy Face\"  data-wpil-monitor-id=\"276\">Organic Coconut Soap<\/a> with Olive Oil today! Look for further benefits of <a href=\"https:\/\/holali.co.uk\/fr\/produit\/savon-a-la-noix-de-coco-sur-une-corde\/?wmc-currency=EUR\" title=\"Savon \u00e0 la noix de coco sur une corde\"  data-wpil-monitor-id=\"237\">coconut oil soap<\/a> below.<\/p>\n<ul>\n<li>La meilleure huile d'olive pure.<\/li>\n<li>Fabriqu\u00e9 \u00e0 la main par des artisans qualifi\u00e9s.<\/li>\n<li>Sans cruaut\u00e9, sans SLS, sans parabens.<\/li>\n<li>Caract\u00e9ristiques du produit : - Une fa\u00e7on naturelle de nettoyer votre visage en profondeur.<\/li>\n<li>Nettoie les pores en profondeur et \u00e9limine le maquillage et les impuret\u00e9s.<\/li>\n<li>Il sent merveilleusement bon, comme une \u00eele tropicale dans votre douche.<\/li>\n<\/ul>\n<p>Perfect for dry, sensitive, and eczema-prone skin. The effects of <a href=\"https:\/\/holali.co.uk\/fr\/produit\/kiwi-fruit-savon-pur-naturel-efficace\/?wmc-currency=EUR\" title=\"Kiwi Soap \u2013 Pure, Natural &#038; Effective\"  data-wpil-monitor-id=\"414\">coconut oil<\/a> on the skin are a natural moisturizer, as well as its antibacterial properties, making it also an effective treatment for infected skin. Ideal for the whole family.<\/p>\n<h6>FEATURES<\/h6>\n<ul>\n<li>Types de peau : Peau normale \u00e0 s\u00e8che.<\/li>\n<li>Zone de soins de la peau : Visage Corps<\/li>\n<li>Poids : 100g environ.<\/li>\n<\/ul>\n<p><strong>NOTE :<\/strong> Buying handmade soap can be expensive, but this soap is affordable and paraben-free, SLS-free, and cruelty-free! We offer a variety of <a href=\"https:\/\/holali.co.uk\/fr\/produit\/aloe-vera-olive-huile-soap-slice-2\/?wmc-currency=EUR\" title=\"Meilleure Huile d&#039;Olive Savon pour la Peau, Soins de Beaut\u00e9 et Utiliser\"  data-wpil-monitor-id=\"303\">soaps made with olive oil<\/a>, coconut, and other natural ingredients. The color or design may slightly vary from the pictures shown. If you would like to know more about our products, feel free to contact us at any time! Do you know what paper soap is? If not, <a href=\"https:\/\/holali.co.uk\/fr\/categorie-de-produit\/soins-du-corps\/produits-de-soins-de-la-peau\/paper-soap\/?wmc-currency=EUR\" target=\"_blank\" rel=\"noopener noreferrer\">CLIQUEZ ICI<\/a><\/p>","protected":false},"excerpt":{"rendered":"<p>Organic Coconut Soap Bar with Olive Oil Coconut Soap Bar with extra virgin Olive Oil is perfect for those looking for a gentle exfoliating experience. With its restructuring properties, it helps tone, moisturize, soothe, and protect the skin. Plus, it&#8217;s good for boosting circulation and removing dead skin cells. Try our Organic Coconut Soap with&#8230;<\/p>","protected":false},"featured_media":8098,"comment_status":"open","ping_status":"closed","template":"","meta":{"_kad_blocks_custom_css":"","_kad_blocks_head_custom_js":"","_kad_blocks_body_custom_js":"","_kad_blocks_footer_custom_js":"","_kad_post_transparent":"default","_kad_post_title":"","_kad_post_layout":"default","_kad_post_sidebar_id":"","_kad_post_content_style":"default","_kad_post_vertical_padding":"default","_kad_post_feature":"","_kad_post_feature_position":"","_kad_post_header":false,"_kad_post_footer":false,"_kad_post_classname":"","_daim_seo_power":"","_daim_enable_ail":""},"product_brand":[],"product_cat":[262,703],"product_tag":[],"class_list":{"0":"post-8097","1":"product","2":"type-product","3":"status-publish","4":"has-post-thumbnail","6":"product_cat-olive-oil-soaps","7":"product_cat-vegan-olive-oil-soaps","9":"first","10":"instock","11":"taxable","12":"shipping-taxable","13":"purchasable","14":"product-type-simple","15":"entry","16":"content-bg","17":"loop-entry"},"taxonomy_info":{"product_cat":[{"value":262,"label":"Olive Oil Soaps"},{"value":703,"label":"Vegan Olive Oil Soaps"}]},"featured_image_src_large":["https:\/\/holali.co.uk\/wp-content\/uploads\/2022\/08\/201722.jpeg",280,280,false],"author_info":[],"comment_info":0,"_links":{"self":[{"href":"https:\/\/holali.co.uk\/fr\/wp-json\/wp\/v2\/product\/8097","targetHints":{"allow":["GET"]}}],"collection":[{"href":"https:\/\/holali.co.uk\/fr\/wp-json\/wp\/v2\/product"}],"about":[{"href":"https:\/\/holali.co.uk\/fr\/wp-json\/wp\/v2\/types\/product"}],"replies":[{"embeddable":true,"href":"https:\/\/holali.co.uk\/fr\/wp-json\/wp\/v2\/comments?post=8097"}],"wp:featuredmedia":[{"embeddable":true,"href":"https:\/\/holali.co.uk\/fr\/wp-json\/wp\/v2\/media\/8098"}],"wp:attachment":[{"href":"https:\/\/holali.co.uk\/fr\/wp-json\/wp\/v2\/media?parent=8097"}],"wp:term":[{"taxonomy":"product_brand","embeddable":true,"href":"https:\/\/holali.co.uk\/fr\/wp-json\/wp\/v2\/product_brand?post=8097"},{"taxonomy":"product_cat","embeddable":true,"href":"https:\/\/holali.co.uk\/fr\/wp-json\/wp\/v2\/product_cat?post=8097"},{"taxonomy":"product_tag","embeddable":true,"href":"https:\/\/holali.co.uk\/fr\/wp-json\/wp\/v2\/product_tag?post=8097"}],"curies":[{"name":"wp","href":"https:\/\/api.w.org\/{rel}","templated":true}]}}