{"id":8045,"date":"2022-08-30T20:00:16","date_gmt":"2022-08-30T20:00:16","guid":{"rendered":"https:\/\/holali.local\/product\/scented-shea-body-butter-90g-sweet-strawberry\/"},"modified":"2025-06-14T18:08:06","modified_gmt":"2025-06-14T18:08:06","slug":"beurre-corporel-parfume-au-thym-90g-fraise-douce","status":"publish","type":"product","link":"https:\/\/holali.co.uk\/fr\/product\/strawberry-scented-shea-butter\/","title":{"rendered":"Beurre de karit\u00e9 parfum\u00e9 \u00e0 la fraise 90g"},"content":{"rendered":"<h2>Strawberry Scented Shea Butter<\/h2>\n<p>Le beurre de karit\u00e9 parfum\u00e9 \u00e0 la fraise est id\u00e9al pour une utilisation quotidienne apr\u00e8s le bain ou la douche, ainsi que pour les massages corporels.<\/p>\n<p>These amazing <a href=\"https:\/\/holali.co.uk\/fr\/product\/white-pink-soap-bar\/\">Vegan<\/a> Scented Body Butters contain fragrance oils.<\/p>\n<p>The concentration of natural vitamins and fatty acids in shea butter helps moisturize and nourish the skin. Its <a href=\"https:\/\/holali.co.uk\/fr\/produit\/beurre-de-karite-parfume-90g-juicy-grappes\/?wmc-currency=EUR\" title=\"Beurre de karit\u00e9 parfum\u00e9 aux raisins 90g\" target=\"_blank\" rel=\"noopener\"  data-wpil-monitor-id=\"1382\">high-fat content<\/a> makes it an excellent natural emollient and humectant, locking in moisture and keeping skin hydrated. It ensures that the skin&#8217;s natural oils are preserved. This means good and smooth skin.<\/p>\n<p><strong>COMMENT L'UTILISER ?<\/strong><\/p>\n<p>Avant l'application, nettoyez la peau sous une douche ou un bain ti\u00e8de ou chaud pour aider \u00e0 ouvrir les pores. Massez d\u00e9licatement la peau avec une petite cuiller\u00e9e de notre beurre. Laissez quelques minutes au beurre pour qu'il p\u00e9n\u00e8tre avant de vous habiller.<\/p>","protected":false},"excerpt":{"rendered":"<p>Strawberry Scented Shea Butter Strawberry Scented Shea Butter is ideal for everyday use after a bath or shower as well as for body massages. These amazing Vegan Scented Body Butters contain fragrance oils. The concentration of natural vitamins and fatty acids in shea butter helps moisturize and nourish the skin. Its high-fat content makes it&#8230;<\/p>","protected":false},"featured_media":8046,"comment_status":"open","ping_status":"closed","template":"","meta":{"_kad_blocks_custom_css":"","_kad_blocks_head_custom_js":"","_kad_blocks_body_custom_js":"","_kad_blocks_footer_custom_js":"","_kad_post_transparent":"default","_kad_post_title":"","_kad_post_layout":"default","_kad_post_sidebar_id":"","_kad_post_content_style":"default","_kad_post_vertical_padding":"default","_kad_post_feature":"","_kad_post_feature_position":"","_kad_post_header":false,"_kad_post_footer":false,"_kad_post_classname":"","_daim_seo_power":"","_daim_enable_ail":""},"product_brand":[],"product_cat":[570,692],"product_tag":[],"class_list":{"0":"post-8045","1":"product","2":"type-product","3":"status-publish","4":"has-post-thumbnail","6":"product_cat-body-butter","7":"product_cat-vegan-body-butter","9":"first","10":"instock","11":"taxable","12":"shipping-taxable","13":"purchasable","14":"product-type-simple","15":"entry","16":"content-bg","17":"loop-entry"},"taxonomy_info":{"product_cat":[{"value":570,"label":"Body Butter"},{"value":692,"label":"Vegan Body Butter"}]},"featured_image_src_large":["https:\/\/holali.co.uk\/wp-content\/uploads\/2022\/08\/199836-1024x1024.jpeg",1024,1024,true],"author_info":[],"comment_info":0,"_links":{"self":[{"href":"https:\/\/holali.co.uk\/fr\/wp-json\/wp\/v2\/product\/8045","targetHints":{"allow":["GET"]}}],"collection":[{"href":"https:\/\/holali.co.uk\/fr\/wp-json\/wp\/v2\/product"}],"about":[{"href":"https:\/\/holali.co.uk\/fr\/wp-json\/wp\/v2\/types\/product"}],"replies":[{"embeddable":true,"href":"https:\/\/holali.co.uk\/fr\/wp-json\/wp\/v2\/comments?post=8045"}],"wp:featuredmedia":[{"embeddable":true,"href":"https:\/\/holali.co.uk\/fr\/wp-json\/wp\/v2\/media\/8046"}],"wp:attachment":[{"href":"https:\/\/holali.co.uk\/fr\/wp-json\/wp\/v2\/media?parent=8045"}],"wp:term":[{"taxonomy":"product_brand","embeddable":true,"href":"https:\/\/holali.co.uk\/fr\/wp-json\/wp\/v2\/product_brand?post=8045"},{"taxonomy":"product_cat","embeddable":true,"href":"https:\/\/holali.co.uk\/fr\/wp-json\/wp\/v2\/product_cat?post=8045"},{"taxonomy":"product_tag","embeddable":true,"href":"https:\/\/holali.co.uk\/fr\/wp-json\/wp\/v2\/product_tag?post=8045"}],"curies":[{"name":"wp","href":"https:\/\/api.w.org\/{rel}","templated":true}]}}