{"id":8037,"date":"2022-08-30T20:00:13","date_gmt":"2022-08-30T20:00:13","guid":{"rendered":"https:\/\/holali.local\/product\/aromatherapy-shea-body-butter-90g-frankincense\/"},"modified":"2024-10-03T20:53:14","modified_gmt":"2024-10-03T20:53:14","slug":"aromatherapie-beurre-de-karite-90g-encens-floral","status":"publish","type":"product","link":"https:\/\/holali.co.uk\/fr\/product\/frankincense-essential-oil\/","title":{"rendered":"Huile essentielle d'encens et beurre de karit\u00e9 africain 90g"},"content":{"rendered":"<h2>Frankincense Essential Oil &amp; African Shea Butter<\/h2>\n<p>Le beurre de karit\u00e9 africain \u00e0 l'huile essentielle d'encens est id\u00e9al pour une utilisation quotidienne apr\u00e8s le bain ou la douche ainsi que pour les massages corporels.<\/p>\n<p>This amazing <a href=\"https:\/\/holali.co.uk\/fr\/vegetalien\/soins-corporels-vegan\/beurre-corporel-vegan\/?wmc-currency=EUR\">vegan Shea Body Butter<\/a> contains lavender Essential Oil.<\/p>\n<p>La concentration en vitamines naturelles et en acides gras du beurre de karit\u00e9 permet d'hydrater et de nourrir la peau. Sa teneur \u00e9lev\u00e9e en mati\u00e8res grasses en fait un excellent \u00e9mollient et humectant naturel, qui retient l'humidit\u00e9 et maintient la peau hydrat\u00e9e. Il permet de pr\u00e9server les huiles naturelles de la peau. La peau est donc belle et lisse.<\/p>\n<p><strong>Comment l'utiliser :<\/strong> Avant l'application, nettoyez votre peau sous une douche ou un bain chauds pour aider \u00e0 ouvrir les pores. Massez doucement une petite cuiller\u00e9e de notre beurre sur la peau. Laissez quelques minutes au beurre pour qu'il p\u00e9n\u00e8tre avant de vous habiller.<\/p>","protected":false},"excerpt":{"rendered":"<p>Frankincense Essential Oil &amp; African Shea Butter African Shea Butter with Frankincense essential oil is ideal for everyday use after a bath or shower as well as for body massages. This amazing vegan Shea Body Butter contains lavender Essential Oil. The concentration of natural vitamins and fatty acids in shea butter helps moisturize and nourish&#8230;<\/p>","protected":false},"featured_media":8038,"comment_status":"open","ping_status":"closed","template":"","meta":{"_kad_blocks_custom_css":"","_kad_blocks_head_custom_js":"","_kad_blocks_body_custom_js":"","_kad_blocks_footer_custom_js":"","_kad_post_transparent":"default","_kad_post_title":"","_kad_post_layout":"default","_kad_post_sidebar_id":"","_kad_post_content_style":"default","_kad_post_vertical_padding":"default","_kad_post_feature":"","_kad_post_feature_position":"","_kad_post_header":false,"_kad_post_footer":false,"_kad_post_classname":"","_daim_seo_power":"","_daim_enable_ail":""},"product_brand":[],"product_cat":[570,692],"product_tag":[],"class_list":{"0":"post-8037","1":"product","2":"type-product","3":"status-publish","4":"has-post-thumbnail","6":"product_cat-body-butter","7":"product_cat-vegan-body-butter","9":"first","10":"instock","11":"taxable","12":"shipping-taxable","13":"purchasable","14":"product-type-simple","15":"entry","16":"content-bg","17":"loop-entry"},"taxonomy_info":{"product_cat":[{"value":570,"label":"Body Butter"},{"value":692,"label":"Vegan Body Butter"}]},"featured_image_src_large":["https:\/\/holali.co.uk\/wp-content\/uploads\/2022\/08\/199971.jpeg",700,700,false],"author_info":[],"comment_info":0,"_links":{"self":[{"href":"https:\/\/holali.co.uk\/fr\/wp-json\/wp\/v2\/product\/8037","targetHints":{"allow":["GET"]}}],"collection":[{"href":"https:\/\/holali.co.uk\/fr\/wp-json\/wp\/v2\/product"}],"about":[{"href":"https:\/\/holali.co.uk\/fr\/wp-json\/wp\/v2\/types\/product"}],"replies":[{"embeddable":true,"href":"https:\/\/holali.co.uk\/fr\/wp-json\/wp\/v2\/comments?post=8037"}],"wp:featuredmedia":[{"embeddable":true,"href":"https:\/\/holali.co.uk\/fr\/wp-json\/wp\/v2\/media\/8038"}],"wp:attachment":[{"href":"https:\/\/holali.co.uk\/fr\/wp-json\/wp\/v2\/media?parent=8037"}],"wp:term":[{"taxonomy":"product_brand","embeddable":true,"href":"https:\/\/holali.co.uk\/fr\/wp-json\/wp\/v2\/product_brand?post=8037"},{"taxonomy":"product_cat","embeddable":true,"href":"https:\/\/holali.co.uk\/fr\/wp-json\/wp\/v2\/product_cat?post=8037"},{"taxonomy":"product_tag","embeddable":true,"href":"https:\/\/holali.co.uk\/fr\/wp-json\/wp\/v2\/product_tag?post=8037"}],"curies":[{"name":"wp","href":"https:\/\/api.w.org\/{rel}","templated":true}]}}