{"id":8025,"date":"2022-08-30T20:00:10","date_gmt":"2022-08-30T20:00:10","guid":{"rendered":"https:\/\/holali.local\/product\/pure-body-butter-90g-avocado-butter\/"},"modified":"2025-11-08T20:25:32","modified_gmt":"2025-11-08T20:25:32","slug":"pure-body-butter-90g-avocado-butter","status":"publish","type":"product","link":"https:\/\/holali.co.uk\/fr\/product\/avocado-body-butter\/","title":{"rendered":"Beurre corporel \u00e0 l'avocat 90g"},"content":{"rendered":"<h2>Avocado Body Butter<\/h2>\n<p>Le beurre corporel d'avocat contient du beurre de karit\u00e9 qui est une graisse extraite de la noix du karit\u00e9 africain.<\/p>\n<p><a href=\"https:\/\/holali.co.uk\/fr\/vegetalien\/soins-corporels-vegan\/?wmc-currency=EUR\">Shea butter<\/a> is known for its regenerating effects. For this reason, it is an ingredient of many cosmetics with a nourishing and soothing effect.<\/p>\n<p><strong>AVANTAGES<\/strong><\/p>\n<ul>\n<li>r\u00e9duit les rides et am\u00e9liore la tension de la peau<\/li>\n<li>apaise les irritations<\/li>\n<li>est un \u00e9cran solaire naturel (SPF 5)<\/li>\n<li>r\u00e9g\u00e9n\u00e8re les peaux et les cheveux secs<\/li>\n<li><a href=\"https:\/\/holali.co.uk\/fr\/produit\/pure-body-butter-90g-mango-butter\/?wmc-currency=EUR\" title=\"Beurre corporel \u00e0 la mangue 90g\" target=\"_blank\" rel=\"noopener\"  data-wpil-monitor-id=\"1561\">emp\u00eache la perte d'eau<\/a><\/li>\n<li>r\u00e9duit la cellulite et les vergetures<\/li>\n<li>acc\u00e9l\u00e8re la r\u00e9g\u00e9n\u00e9ration de la peau endommag\u00e9e<\/li>\n<\/ul>\n<p><strong>COMMENT L'UTILISER ?<\/strong><\/p>\n<p>Avant l'application, nettoyez la peau sous une douche ou un bain ti\u00e8de ou chaud pour aider \u00e0 ouvrir les pores. Massez d\u00e9licatement la peau avec une petite cuiller\u00e9e de notre beurre. Laissez quelques minutes au beurre pour qu'il p\u00e9n\u00e8tre avant de vous habiller.<\/p>\n<p><span style=\"font-family: var(--global-body-font-family);\">.<\/span><\/p>","protected":false},"excerpt":{"rendered":"<p>Avocado Body Butter Avocado Body Butter contains shea butter which is a fat extracted from the nut of the African shea tree. Shea butter is known for its regenerating effects. For this reason, it is an ingredient of many cosmetics with a nourishing and soothing effect. BENEFITS reduces wrinkles and improves skin tension soothes irritations&#8230;<\/p>","protected":false},"featured_media":8026,"comment_status":"open","ping_status":"closed","template":"","meta":{"_kad_blocks_custom_css":"","_kad_blocks_head_custom_js":"","_kad_blocks_body_custom_js":"","_kad_blocks_footer_custom_js":"","_kad_post_transparent":"default","_kad_post_title":"","_kad_post_layout":"default","_kad_post_sidebar_id":"","_kad_post_content_style":"default","_kad_post_vertical_padding":"default","_kad_post_feature":"","_kad_post_feature_position":"","_kad_post_header":false,"_kad_post_footer":false,"_kad_post_classname":"","_daim_seo_power":"","_daim_enable_ail":""},"product_brand":[],"product_cat":[570,692],"product_tag":[],"class_list":{"0":"post-8025","1":"product","2":"type-product","3":"status-publish","4":"has-post-thumbnail","6":"product_cat-body-butter","7":"product_cat-vegan-body-butter","9":"first","10":"instock","11":"taxable","12":"shipping-taxable","13":"purchasable","14":"product-type-simple","15":"entry","16":"content-bg","17":"loop-entry"},"taxonomy_info":{"product_cat":[{"value":570,"label":"Body Butter"},{"value":692,"label":"Vegan Body Butter"}]},"featured_image_src_large":["https:\/\/holali.co.uk\/wp-content\/uploads\/2022\/08\/200388.jpeg",700,700,false],"author_info":[],"comment_info":0,"_links":{"self":[{"href":"https:\/\/holali.co.uk\/fr\/wp-json\/wp\/v2\/product\/8025","targetHints":{"allow":["GET"]}}],"collection":[{"href":"https:\/\/holali.co.uk\/fr\/wp-json\/wp\/v2\/product"}],"about":[{"href":"https:\/\/holali.co.uk\/fr\/wp-json\/wp\/v2\/types\/product"}],"replies":[{"embeddable":true,"href":"https:\/\/holali.co.uk\/fr\/wp-json\/wp\/v2\/comments?post=8025"}],"wp:featuredmedia":[{"embeddable":true,"href":"https:\/\/holali.co.uk\/fr\/wp-json\/wp\/v2\/media\/8026"}],"wp:attachment":[{"href":"https:\/\/holali.co.uk\/fr\/wp-json\/wp\/v2\/media?parent=8025"}],"wp:term":[{"taxonomy":"product_brand","embeddable":true,"href":"https:\/\/holali.co.uk\/fr\/wp-json\/wp\/v2\/product_brand?post=8025"},{"taxonomy":"product_cat","embeddable":true,"href":"https:\/\/holali.co.uk\/fr\/wp-json\/wp\/v2\/product_cat?post=8025"},{"taxonomy":"product_tag","embeddable":true,"href":"https:\/\/holali.co.uk\/fr\/wp-json\/wp\/v2\/product_tag?post=8025"}],"curies":[{"name":"wp","href":"https:\/\/api.w.org\/{rel}","templated":true}]}}