{"id":8017,"date":"2022-08-30T20:00:08","date_gmt":"2022-08-30T20:00:08","guid":{"rendered":"https:\/\/holali.local\/product\/wild-hare-solid-shampoo-60g-orchid\/"},"modified":"2025-08-27T11:04:43","modified_gmt":"2025-08-27T11:04:43","slug":"barre-de-shampoing-vegan-orchide","status":"publish","type":"product","link":"https:\/\/holali.co.uk\/fr\/product\/organic-shampoo-bar\/","title":{"rendered":"Barre de shampooing biologique Orchid pour r\u00e9parer et faire pousser les cheveux"},"content":{"rendered":"<h2>Barre de shampooing biologique Orchid pour r\u00e9parer et faire pousser les cheveux<\/h2>\n<p>Le pain de shampoing biologique \u00e0 l'huile d'orchid\u00e9e et de chanvre est le produit le plus unique que vous puissiez trouver. Notre barre de shampooing naturel est id\u00e9ale pour la r\u00e9paration et la croissance des cheveux. Vous pouvez facilement l'ajouter \u00e0 votre routine de soins capillaires.<\/p>\n<h5>Le shampooing solide est le meilleur pour la sant\u00e9 de vos cheveux.<\/h5>\n<h6>Dites adieu \u00e0 la bouteille de shampooing en plastique !<\/h6>\n<p>Les barres de shampooing biologique sont une excellente alternative au shampooing liquide traditionnel car elles sont \u00e9cologiques. Ils contiennent des agents nettoyants qui n'ass\u00e8chent pas vos cheveux, ainsi que des ingr\u00e9dients qui les font pousser plus vite.<\/p>\n<p>In addition to being eco-friendly, <a href=\"https:\/\/holali.co.uk\/fr\/vegetalien\/soins-capillaires-vegan\/shampooing-solide-vegan\/?wmc-currency=EUR\">organic shampoo bars<\/a> also have ingredients that will help increase hair growth. This is because the bar does not contain any harsh chemicals like sulfates or parabens. These chemicals can cause damage to your hair and scalp which can lead to hair loss and thinning.<\/p>\n<h6>FEATURES<\/h6>\n<ul>\n<li>Il convient aux types de cheveux, y compris les cheveux secs, boucl\u00e9s, gras et color\u00e9s.<\/li>\n<li>Shampooing sans SLS,<\/li>\n<li>Shampooing sans SLES, sans Paraben<\/li>\n<li>Sans plastique, sans huile de palme<\/li>\n<li><a href=\"https:\/\/holali.co.uk\/fr\/produit\/vegan-aloe-vera-shampoo-bar\/?wmc-currency=EUR\" title=\"Meilleur produit capillaire v\u00e9g\u00e9talien : Barre de shampoing \u00e0 l&#039;aloe vera\"  data-wpil-monitor-id=\"354\">Barre de shampooing pour v\u00e9g\u00e9tariens et v\u00e9g\u00e9taliens<\/a><\/li>\n<li>shampooing 40-60 times using our <a href=\"https:\/\/holali.co.uk\/fr\/produit\/barre-de-shampoing-noir-framboise-ethique\/?wmc-currency=EUR\" title=\"Barres de shampooing et d&#039;apr\u00e8s-shampooing Amazing Black Raspberry\"  data-wpil-monitor-id=\"429\">bar<\/a> of <a href=\"https:\/\/holali.co.uk\/fr\/product\/white-pink-soap-bar\/\">v\u00e9g\u00e9talien<\/a> shampoo<\/li>\n<li>Non test\u00e9 sur les animaux, pas de cruaut\u00e9<\/li>\n<li>Fonctionne bien avec de l'eau chaude<\/li>\n<li>Poids : 60g<\/li>\n<\/ul>\n<p>COMMENT L'UTILISER ?<\/p>\n<p>First, wet your hair, then moisten the shampoo bar in your palms. Rub it between the palms of your hands, or directly on your hair. The <a href=\"https:\/\/holali.co.uk\/fr\/produit\/barre-de-shampoing-vegetalien-a-la-noix-de-coco-2\/?wmc-currency=EUR\" title=\"Shampooing \u00e0 la noix de coco pour les cheveux \u00e9pais et rebondis\"  data-wpil-monitor-id=\"353\">bar of shampoo<\/a> will be scented with irresistible aromas.<\/p>\n<p><strong>COMMENT LE STOCKER ?<\/strong><\/p>\n<p>Conserver dans un endroit frais et sec. Il est pr\u00e9f\u00e9rable dans un <a href=\"https:\/\/holali.co.uk\/fr\/produits-pour-le-bain\/accessoires-de-bain\/bois-savon-plat\/?wmc-currency=EUR\" target=\"_blank\" rel=\"noopener noreferrer\">porte-savon<\/a> qui est bien drain\u00e9.<\/p>\n<p>REMARQUE : La couleur ou le design peuvent varier l\u00e9g\u00e8rement par rapport aux photos pr\u00e9sent\u00e9es. Si vous souhaitez en savoir plus sur nos produits, n'h\u00e9sitez pas \u00e0 nous contacter \u00e0 tout moment !<\/p>","protected":false},"excerpt":{"rendered":"<p>Orchid Organic Shampoo Bar For Repair &amp; Grow Hair Organic Shampoo Bar with orchid and hemp seed oil is the most unique product you&#8217;ll ever find. Our natural shampoo bar is ideal for hair repair and hair growth. You can easily add it to your hair care routine. Solid Shampoo is the best for your&#8230;<\/p>","protected":false},"featured_media":8018,"comment_status":"open","ping_status":"closed","template":"","meta":{"_kad_blocks_custom_css":"","_kad_blocks_head_custom_js":"","_kad_blocks_body_custom_js":"","_kad_blocks_footer_custom_js":"","_kad_post_transparent":"default","_kad_post_title":"","_kad_post_layout":"default","_kad_post_sidebar_id":"","_kad_post_content_style":"default","_kad_post_vertical_padding":"default","_kad_post_feature":"","_kad_post_feature_position":"","_kad_post_header":false,"_kad_post_footer":false,"_kad_post_classname":"","_daim_seo_power":"","_daim_enable_ail":""},"product_brand":[],"product_cat":[480,700],"product_tag":[],"class_list":{"0":"post-8017","1":"product","2":"type-product","3":"status-publish","4":"has-post-thumbnail","6":"product_cat-eco-friendly-shampoo-bar","7":"product_cat-friendly-shampoo-bar","9":"first","10":"instock","11":"taxable","12":"shipping-taxable","13":"purchasable","14":"product-type-simple","15":"entry","16":"content-bg","17":"loop-entry"},"taxonomy_info":{"product_cat":[{"value":480,"label":"Eco-Friendly Shampoo Bar"},{"value":700,"label":"Friendly Shampoo Bar"}]},"featured_image_src_large":["https:\/\/holali.co.uk\/wp-content\/uploads\/2022\/08\/200492-1024x1024.jpeg",1024,1024,true],"author_info":[],"comment_info":0,"_links":{"self":[{"href":"https:\/\/holali.co.uk\/fr\/wp-json\/wp\/v2\/product\/8017","targetHints":{"allow":["GET"]}}],"collection":[{"href":"https:\/\/holali.co.uk\/fr\/wp-json\/wp\/v2\/product"}],"about":[{"href":"https:\/\/holali.co.uk\/fr\/wp-json\/wp\/v2\/types\/product"}],"replies":[{"embeddable":true,"href":"https:\/\/holali.co.uk\/fr\/wp-json\/wp\/v2\/comments?post=8017"}],"wp:featuredmedia":[{"embeddable":true,"href":"https:\/\/holali.co.uk\/fr\/wp-json\/wp\/v2\/media\/8018"}],"wp:attachment":[{"href":"https:\/\/holali.co.uk\/fr\/wp-json\/wp\/v2\/media?parent=8017"}],"wp:term":[{"taxonomy":"product_brand","embeddable":true,"href":"https:\/\/holali.co.uk\/fr\/wp-json\/wp\/v2\/product_brand?post=8017"},{"taxonomy":"product_cat","embeddable":true,"href":"https:\/\/holali.co.uk\/fr\/wp-json\/wp\/v2\/product_cat?post=8017"},{"taxonomy":"product_tag","embeddable":true,"href":"https:\/\/holali.co.uk\/fr\/wp-json\/wp\/v2\/product_tag?post=8017"}],"curies":[{"name":"wp","href":"https:\/\/api.w.org\/{rel}","templated":true}]}}