{"id":8015,"date":"2022-08-30T20:00:08","date_gmt":"2022-08-30T20:00:08","guid":{"rendered":"https:\/\/holali.local\/product\/wild-hare-solid-shampoo-60g-aloe-vera\/"},"modified":"2025-07-18T22:09:56","modified_gmt":"2025-07-18T22:09:56","slug":"vegan-aloe-vera-shampoo-bar","status":"publish","type":"product","link":"https:\/\/holali.co.uk\/fr\/product\/vegan-hair-product\/","title":{"rendered":"Meilleur produit capillaire v\u00e9g\u00e9talien : Barre de shampoing \u00e0 l'aloe vera"},"content":{"rendered":"<h2>Meilleur produit capillaire v\u00e9g\u00e9talien : Shampoing \u00e0 l'Aloe Vera<\/h2>\n<p>The best <a href=\"https:\/\/holali.co.uk\/fr\/vegetalien\/soins-capillaires-vegan\/shampooing-solide-vegan\/?wmc-currency=EUR\">Vegan hair product<\/a> in the market, Aloe Vera <a href=\"https:\/\/holali.co.uk\/fr\/product\/white-pink-soap-bar\/\">v\u00e9g\u00e9talien<\/a> Shampoo Bar is made from 100% pure grapeseed oil, and vegetable protein and does not contain any animal products. It also can be used as a vegan conditioner or leave-in product.<\/p>\n<p>La barre de shampooing est compos\u00e9e d'ingr\u00e9dients naturels et ne contient aucun parfum ou couleur artificielle.<\/p>\n<h5>PAS DE CHEVEUX FROIDS<\/h5>\n<p>Notre barre de shampooing et d'apr\u00e8s-shampooing est destin\u00e9e \u00e0 ceux qui ne veulent pas de cheveux cr\u00e9pus ; vous pouvez l'ajouter \u00e0 votre routine de soins capillaires.<\/p>\n<p>Also, our solid shampoo <a href=\"https:\/\/holali.co.uk\/fr\/produit\/barre-de-shampoing-vegan-orchide\/?wmc-currency=EUR\" title=\"Barre de shampooing biologique Orchid pour r\u00e9parer et faire pousser les cheveux\"  data-wpil-monitor-id=\"352\">bar is enriched with oil-organic aloe vera<\/a> which nourishes the scalp and hair. It doesn&#8217;t come in a plastic bottle but in a cute metal box.<\/p>\n<h6>CARACT\u00c9RISTIQUES DE NOTRE PRODUIT V\u00c9G\u00c9TALIEN<\/h6>\n<ul>\n<li>Il convient \u00e0 tous les types de cheveux, y compris les cheveux secs, boucl\u00e9s, gras et color\u00e9s.<\/li>\n<li>Sans SLS, SLES, Paraben<\/li>\n<li>Sans plastique, sans huile de palme<\/li>\n<li>Barre de shampoing v\u00e9g\u00e9talienne et v\u00e9g\u00e9tarienne<\/li>\n<li>shampooing 40-60 times using our <a href=\"https:\/\/holali.co.uk\/fr\/produit\/barre-de-shampooing-citron-gingembre-ethique-2\/?wmc-currency=EUR\" title=\"Barres de shampooing et d&#039;apr\u00e8s-shampooing au citron et au gingembre : nettoyant pour les cheveux\"  data-wpil-monitor-id=\"487\">bar<\/a> of vegan shampoo<\/li>\n<li>Pas d'exp\u00e9rimentation animale, pas de cruaut\u00e9<\/li>\n<li>Fonctionne bien avec de l'eau chaude<\/li>\n<li>Poids : 60g<\/li>\n<\/ul>\n<p><strong>COMMENT L'UTILISER ?<\/strong><\/p>\n<p>First, wet your hair, then moisten the shampoo bar in your palms.\u00a0Rub it between the palms of your hands, or directly on your hair.\u00a0The <a href=\"https:\/\/holali.co.uk\/fr\/produit\/bubblegum-ethique-shampooing-bar\/?wmc-currency=EUR\" title=\"Barres de shampooing et d&#039;apr\u00e8s-shampooing Bubblegum : la nouvelle normalit\u00e9\"  data-wpil-monitor-id=\"428\">bar of shampoo<\/a> will be scented with irresistible aromas.<\/p>\n<p><strong>COMMENT LE STOCKER ?<\/strong><\/p>\n<p>Conserver dans un endroit frais et sec. Il est pr\u00e9f\u00e9rable dans un <a href=\"https:\/\/holali.co.uk\/fr\/produits-pour-le-bain\/accessoires-de-bain\/bois-savon-plat\/?wmc-currency=EUR\" target=\"_blank\" rel=\"noopener noreferrer\">porte-savon<\/a> qui est bien drain\u00e9.<\/p>\n<p>REMARQUE : La couleur ou le design peuvent varier l\u00e9g\u00e8rement par rapport aux photos pr\u00e9sent\u00e9es. Si vous souhaitez en savoir plus sur nos produits, n'h\u00e9sitez pas \u00e0 nous contacter \u00e0 tout moment !<\/p>","protected":false},"excerpt":{"rendered":"<p>Best Vegan Hair Product: Aloe Vera Shampoo Bar The best Vegan hair product in the market, Aloe Vera vegan Shampoo Bar is made from 100% pure grapeseed oil, and vegetable protein and does not contain any animal products. It also can be used as a vegan conditioner or leave-in product. The shampoo bar is made&#8230;<\/p>","protected":false},"featured_media":8016,"comment_status":"open","ping_status":"closed","template":"","meta":{"_kad_blocks_custom_css":"","_kad_blocks_head_custom_js":"","_kad_blocks_body_custom_js":"","_kad_blocks_footer_custom_js":"","_kad_post_transparent":"default","_kad_post_title":"","_kad_post_layout":"default","_kad_post_sidebar_id":"","_kad_post_content_style":"default","_kad_post_vertical_padding":"default","_kad_post_feature":"","_kad_post_feature_position":"","_kad_post_header":false,"_kad_post_footer":false,"_kad_post_classname":"","_daim_seo_power":"","_daim_enable_ail":""},"product_brand":[],"product_cat":[480,700],"product_tag":[],"class_list":{"0":"post-8015","1":"product","2":"type-product","3":"status-publish","4":"has-post-thumbnail","6":"product_cat-eco-friendly-shampoo-bar","7":"product_cat-friendly-shampoo-bar","9":"first","10":"instock","11":"taxable","12":"shipping-taxable","13":"purchasable","14":"product-type-simple","15":"entry","16":"content-bg","17":"loop-entry"},"taxonomy_info":{"product_cat":[{"value":480,"label":"Eco-Friendly Shampoo Bar"},{"value":700,"label":"Friendly Shampoo Bar"}]},"featured_image_src_large":["https:\/\/holali.co.uk\/wp-content\/uploads\/2022\/08\/199826-1024x1024.jpeg",1024,1024,true],"author_info":[],"comment_info":0,"_links":{"self":[{"href":"https:\/\/holali.co.uk\/fr\/wp-json\/wp\/v2\/product\/8015","targetHints":{"allow":["GET"]}}],"collection":[{"href":"https:\/\/holali.co.uk\/fr\/wp-json\/wp\/v2\/product"}],"about":[{"href":"https:\/\/holali.co.uk\/fr\/wp-json\/wp\/v2\/types\/product"}],"replies":[{"embeddable":true,"href":"https:\/\/holali.co.uk\/fr\/wp-json\/wp\/v2\/comments?post=8015"}],"wp:featuredmedia":[{"embeddable":true,"href":"https:\/\/holali.co.uk\/fr\/wp-json\/wp\/v2\/media\/8016"}],"wp:attachment":[{"href":"https:\/\/holali.co.uk\/fr\/wp-json\/wp\/v2\/media?parent=8015"}],"wp:term":[{"taxonomy":"product_brand","embeddable":true,"href":"https:\/\/holali.co.uk\/fr\/wp-json\/wp\/v2\/product_brand?post=8015"},{"taxonomy":"product_cat","embeddable":true,"href":"https:\/\/holali.co.uk\/fr\/wp-json\/wp\/v2\/product_cat?post=8015"},{"taxonomy":"product_tag","embeddable":true,"href":"https:\/\/holali.co.uk\/fr\/wp-json\/wp\/v2\/product_tag?post=8015"}],"curies":[{"name":"wp","href":"https:\/\/api.w.org\/{rel}","templated":true}]}}