{"id":8013,"date":"2022-08-30T20:00:07","date_gmt":"2022-08-30T20:00:07","guid":{"rendered":"https:\/\/holali.local\/product\/wild-hare-solid-shampoo-60g-hairy-coconut\/"},"modified":"2025-07-18T22:14:11","modified_gmt":"2025-07-18T22:14:11","slug":"barre-de-shampoing-vegetalien-a-la-noix-de-coco-2","status":"publish","type":"product","link":"https:\/\/holali.co.uk\/fr\/product\/vegan-coconut-shampoo-bar\/","title":{"rendered":"Shampooing \u00e0 la noix de coco pour les cheveux \u00e9pais et rebondis"},"content":{"rendered":"<h2>Shampooing \u00e0 la noix de coco pour les cheveux \u00e9pais et rebondis<\/h2>\n<p>The hair cares for you, coconut shampoo bar est un shampooing \u00e0 base de noix de coco qui contient de l'huile d'argan, des vitamines et d'autres nutriments pour nourrir les cheveux et le cuir chevelu de l'int\u00e9rieur, laissant votre styliste sans effort pour cr\u00e9er des cheveux luxueux et sains \u00e0 chaque fois.<\/p>\n<h6>CARACT\u00c9RISTIQUES DE NOTRE SHAMPOOING NATUREL POUR DES CHEVEUX SAINS<\/h6>\n<ul>\n<li>Il convient \u00e0 tous les types de cheveux, y compris les cheveux secs, boucl\u00e9s, gras et color\u00e9s.<\/li>\n<li>Sans SLS, SLES, Paraben<\/li>\n<li>Sans plastique, sans huile de palme<\/li>\n<li><a href=\"https:\/\/holali.co.uk\/fr\/produit\/vegan-aloe-vera-shampoo-bar\/?wmc-currency=EUR\" title=\"Meilleur produit capillaire v\u00e9g\u00e9talien : Barre de shampoing \u00e0 l&#039;aloe vera\"  data-wpil-monitor-id=\"376\">Barre de shampooing pour v\u00e9g\u00e9tariens et v\u00e9g\u00e9taliens<\/a><\/li>\n<li>Respectueux de l'environnement<\/li>\n<li>shampooing 40-60 times using our <a href=\"https:\/\/holali.co.uk\/fr\/produit\/meilleur-shampoing-solide-en-barre-a-leucalyptus-pour-le-soin-des-cheveux-90g\/?wmc-currency=EUR\" title=\"Meilleur Shampoing Solide en Barre \u00e0 l&#039;Eucalyptus Pour le Soin Des Cheveux 90g\"  data-wpil-monitor-id=\"531\">bar<\/a> of <a href=\"https:\/\/holali.co.uk\/fr\/product\/white-pink-soap-bar\/\">v\u00e9g\u00e9talien<\/a> shampoo<\/li>\n<li>Pas d'exp\u00e9rimentation animale, pas de cruaut\u00e9<\/li>\n<li>Fonctionne bien avec de l'eau chaude<\/li>\n<li>Poids : 60g<\/li>\n<\/ul>\n<p><strong>COMMENT L'UTILISER ?<\/strong><\/p>\n<p>First, wet your hair, then moisten the shampoo bar in your palms.\u00a0Rub it between the palms of your hands, or directly on your hair.\u00a0The <a href=\"https:\/\/holali.co.uk\/fr\/produit\/barre-de-shampoing-vegan-orchide\/?wmc-currency=EUR\" title=\"Barre de shampooing biologique Orchid pour r\u00e9parer et faire pousser les cheveux\"  data-wpil-monitor-id=\"377\">bar of shampoo<\/a> will be scented with irresistible aromas.<\/p>\n<p><strong>COMMENT LE STOCKER ?<\/strong><\/p>\n<p>Conserver dans un endroit frais et sec. Il est pr\u00e9f\u00e9rable dans un <a href=\"https:\/\/holali.co.uk\/fr\/produits-pour-le-bain\/accessoires-de-bain\/bois-savon-plat\/?wmc-currency=EUR\" target=\"_blank\" rel=\"noopener noreferrer\">porte-savon<\/a> qui est bien drain\u00e9.<\/p>\n<p>REMARQUE : La couleur ou le design peuvent varier l\u00e9g\u00e8rement par rapport aux photos pr\u00e9sent\u00e9es. Si vous souhaitez en savoir plus sur nos produits, n'h\u00e9sitez pas \u00e0 nous contacter \u00e0 tout moment !<\/p>","protected":false},"excerpt":{"rendered":"<p>Coconut Shampoo Bar For Thick &amp; Bouncy The hair cares for you, coconut shampoo bar is a coconut-based shampoo that contains argan oil, vitamins, and other nutrients to nourish the hair and scalp from the inside out, leaving your stylist effortless to create luxurious, healthy-looking hair every time. FEATURES OF OUR NATURAL SHAMPOO FOR HEALTHY&#8230;<\/p>","protected":false},"featured_media":8014,"comment_status":"open","ping_status":"closed","template":"","meta":{"_kad_blocks_custom_css":"","_kad_blocks_head_custom_js":"","_kad_blocks_body_custom_js":"","_kad_blocks_footer_custom_js":"","_kad_post_transparent":"default","_kad_post_title":"","_kad_post_layout":"default","_kad_post_sidebar_id":"","_kad_post_content_style":"default","_kad_post_vertical_padding":"default","_kad_post_feature":"","_kad_post_feature_position":"","_kad_post_header":false,"_kad_post_footer":false,"_kad_post_classname":"","_daim_seo_power":"","_daim_enable_ail":""},"product_brand":[],"product_cat":[480,700],"product_tag":[],"class_list":{"0":"post-8013","1":"product","2":"type-product","3":"status-publish","4":"has-post-thumbnail","6":"product_cat-eco-friendly-shampoo-bar","7":"product_cat-friendly-shampoo-bar","9":"first","10":"instock","11":"taxable","12":"shipping-taxable","13":"purchasable","14":"product-type-simple","15":"entry","16":"content-bg","17":"loop-entry"},"taxonomy_info":{"product_cat":[{"value":480,"label":"Eco-Friendly Shampoo Bar"},{"value":700,"label":"Friendly Shampoo Bar"}]},"featured_image_src_large":["https:\/\/holali.co.uk\/wp-content\/uploads\/2022\/08\/199822-1024x1024.jpeg",1024,1024,true],"author_info":[],"comment_info":0,"_links":{"self":[{"href":"https:\/\/holali.co.uk\/fr\/wp-json\/wp\/v2\/product\/8013","targetHints":{"allow":["GET"]}}],"collection":[{"href":"https:\/\/holali.co.uk\/fr\/wp-json\/wp\/v2\/product"}],"about":[{"href":"https:\/\/holali.co.uk\/fr\/wp-json\/wp\/v2\/types\/product"}],"replies":[{"embeddable":true,"href":"https:\/\/holali.co.uk\/fr\/wp-json\/wp\/v2\/comments?post=8013"}],"wp:featuredmedia":[{"embeddable":true,"href":"https:\/\/holali.co.uk\/fr\/wp-json\/wp\/v2\/media\/8014"}],"wp:attachment":[{"href":"https:\/\/holali.co.uk\/fr\/wp-json\/wp\/v2\/media?parent=8013"}],"wp:term":[{"taxonomy":"product_brand","embeddable":true,"href":"https:\/\/holali.co.uk\/fr\/wp-json\/wp\/v2\/product_brand?post=8013"},{"taxonomy":"product_cat","embeddable":true,"href":"https:\/\/holali.co.uk\/fr\/wp-json\/wp\/v2\/product_cat?post=8013"},{"taxonomy":"product_tag","embeddable":true,"href":"https:\/\/holali.co.uk\/fr\/wp-json\/wp\/v2\/product_tag?post=8013"}],"curies":[{"name":"wp","href":"https:\/\/api.w.org\/{rel}","templated":true}]}}