{"id":8011,"date":"2022-08-30T20:00:06","date_gmt":"2022-08-30T20:00:06","guid":{"rendered":"https:\/\/holali.local\/product\/wild-hare-solid-shampoo-60g-tutti-frutti\/"},"modified":"2025-07-18T21:56:56","modified_gmt":"2025-07-18T21:56:56","slug":"vegan-tutti-frutti-shampooing-bar","status":"publish","type":"product","link":"https:\/\/holali.co.uk\/fr\/product\/cruelty-free-hair-product\/","title":{"rendered":"Produit capillaire sans cruaut\u00e9 : Barre de shampooing Tutti Frutti"},"content":{"rendered":"<h2>Produit capillaire sans cruaut\u00e9 : Barre de shampooing Tutti Frutti<\/h2>\n<p dir=\"auto\" data-pm-slice=\"1 1 []\"><a href=\"https:\/\/holali.co.uk\/fr\/vegetalien\/soins-capillaires-vegan\/?wmc-currency=EUR\">Cruelty free hair product<\/a> like our <a href=\"https:\/\/holali.co.uk\/fr\/product\/white-pink-soap-bar\/\">Vegan<\/a> <a href=\"https:\/\/holali.co.uk\/fr\/product\/tutti-fruiti-bath-bomb\/\">Tutti Frutti<\/a> Shampoo Bar with vitamin E is the perfect addition to your vegan beauty routine to protect and maintain your hair.<\/p>\n<p dir=\"auto\" data-pm-slice=\"1 1 []\">La barre de shampooing \u00e9cologique est fabriqu\u00e9e sans tests sur les animaux et est biod\u00e9gradable.<\/p>\n<h6>FEATURES<\/h6>\n<ul>\n<li>Il convient \u00e0 tous les types de cheveux, y compris les cheveux secs, boucl\u00e9s, gras et color\u00e9s.<\/li>\n<li>Sans SLS, SLES, Paraben<\/li>\n<li>Sans plastique, sans huile de palme<\/li>\n<li><a href=\"https:\/\/holali.co.uk\/fr\/produit\/barre-de-shampoing-vegetalienne-cerise-bonbon\/?wmc-currency=EUR\" title=\"Soins capillaires v\u00e9g\u00e9taliens avec le shampoing Cherry Bonbon\" target=\"_blank\" rel=\"noopener\"  data-wpil-monitor-id=\"1232\">Barre de shampooing pour v\u00e9g\u00e9tariens et v\u00e9g\u00e9taliens<\/a><\/li>\n<li>shampooing 40-60 times using our <a href=\"https:\/\/holali.co.uk\/fr\/produit\/barre-de-savon-de-shampoing-au-jasmin-pas-cher-90g\/?wmc-currency=EUR\" title=\"Inexpensive Jasmine Shampoo Soap Bar\"  data-wpil-monitor-id=\"532\">bar<\/a> of vegan shampoo<\/li>\n<li>Pas d'exp\u00e9rimentation animale, pas de cruaut\u00e9<\/li>\n<li>Fonctionne bien avec de l'eau chaude<\/li>\n<li>Poids : 60g<\/li>\n<\/ul>\n<p><span class=\"wordai-block rewrite-block enable-highlight\" data-id=\"3\"><strong>COMMENT L'UTILISER ?<\/strong><\/span><\/p>\n<p>Tout d'abord, mouillez vos cheveux, puis humidifiez la barre de shampooing dans vos paumes.\u00a0 <span class=\"wordai-block rewrite-block enable-highlight\" data-id=\"2\">Frottez-le entre les paumes de vos mains, ou directement sur vos cheveux.<\/span>\u00a0<span class=\"wordai-block rewrite-block enable-highlight\" data-id=\"1\">Le site <a href=\"https:\/\/holali.co.uk\/fr\/produit\/barre-de-shampoing-vegetalien-a-la-noix-de-coco-2\/?wmc-currency=EUR\" title=\"Shampooing \u00e0 la noix de coco pour les cheveux \u00e9pais et rebondis\"  data-wpil-monitor-id=\"356\">bar of shampoo<\/a> will be scented with irresistible aromas.<\/span><\/p>\n<p><strong>COMMENT LE STOCKER ?<\/strong><\/p>\n<p>Conserver dans un endroit frais et sec. Il est pr\u00e9f\u00e9rable dans un <a href=\"https:\/\/holali.co.uk\/fr\/produits-pour-le-bain\/accessoires-de-bain\/bois-savon-plat\/?wmc-currency=EUR\">porte-savon<\/a> qui est bien drain\u00e9.<\/p>\n<p>REMARQUE : La couleur ou le design peuvent varier l\u00e9g\u00e8rement par rapport aux photos pr\u00e9sent\u00e9es. Si vous souhaitez en savoir plus sur nos produits, n'h\u00e9sitez pas \u00e0 nous contacter \u00e0 tout moment !<\/p>","protected":false},"excerpt":{"rendered":"<p>Cruelty Free Hair Product: Tutti Frutti Shampoo Bar Cruelty free hair product like our Vegan Tutti Frutti Shampoo Bar with vitamin E is the perfect addition to your vegan beauty routine to protect and maintain your hair. The eco-friendly shampoo bar is made without animal testing and is biodegradable. FEATURES It\u2019s suitable for hair types&#8230;<\/p>","protected":false},"featured_media":8012,"comment_status":"open","ping_status":"closed","template":"","meta":{"_kad_blocks_custom_css":"","_kad_blocks_head_custom_js":"","_kad_blocks_body_custom_js":"","_kad_blocks_footer_custom_js":"","_kad_post_transparent":"default","_kad_post_title":"","_kad_post_layout":"default","_kad_post_sidebar_id":"","_kad_post_content_style":"default","_kad_post_vertical_padding":"default","_kad_post_feature":"","_kad_post_feature_position":"","_kad_post_header":false,"_kad_post_footer":false,"_kad_post_classname":"","_daim_seo_power":"","_daim_enable_ail":""},"product_brand":[],"product_cat":[480,700],"product_tag":[],"class_list":{"0":"post-8011","1":"product","2":"type-product","3":"status-publish","4":"has-post-thumbnail","6":"product_cat-eco-friendly-shampoo-bar","7":"product_cat-friendly-shampoo-bar","9":"first","10":"instock","11":"taxable","12":"shipping-taxable","13":"purchasable","14":"product-type-simple","15":"entry","16":"content-bg","17":"loop-entry"},"taxonomy_info":{"product_cat":[{"value":480,"label":"Eco-Friendly Shampoo Bar"},{"value":700,"label":"Friendly Shampoo Bar"}]},"featured_image_src_large":["https:\/\/holali.co.uk\/wp-content\/uploads\/2022\/08\/199818-1024x1024.jpeg",1024,1024,true],"author_info":[],"comment_info":0,"_links":{"self":[{"href":"https:\/\/holali.co.uk\/fr\/wp-json\/wp\/v2\/product\/8011","targetHints":{"allow":["GET"]}}],"collection":[{"href":"https:\/\/holali.co.uk\/fr\/wp-json\/wp\/v2\/product"}],"about":[{"href":"https:\/\/holali.co.uk\/fr\/wp-json\/wp\/v2\/types\/product"}],"replies":[{"embeddable":true,"href":"https:\/\/holali.co.uk\/fr\/wp-json\/wp\/v2\/comments?post=8011"}],"wp:featuredmedia":[{"embeddable":true,"href":"https:\/\/holali.co.uk\/fr\/wp-json\/wp\/v2\/media\/8012"}],"wp:attachment":[{"href":"https:\/\/holali.co.uk\/fr\/wp-json\/wp\/v2\/media?parent=8011"}],"wp:term":[{"taxonomy":"product_brand","embeddable":true,"href":"https:\/\/holali.co.uk\/fr\/wp-json\/wp\/v2\/product_brand?post=8011"},{"taxonomy":"product_cat","embeddable":true,"href":"https:\/\/holali.co.uk\/fr\/wp-json\/wp\/v2\/product_cat?post=8011"},{"taxonomy":"product_tag","embeddable":true,"href":"https:\/\/holali.co.uk\/fr\/wp-json\/wp\/v2\/product_tag?post=8011"}],"curies":[{"name":"wp","href":"https:\/\/api.w.org\/{rel}","templated":true}]}}