{"id":8007,"date":"2022-08-30T20:00:05","date_gmt":"2022-08-30T20:00:05","guid":{"rendered":"https:\/\/holali.local\/product\/wild-hare-solid-shampoo-60g-pappaya\/"},"modified":"2025-07-18T22:06:24","modified_gmt":"2025-07-18T22:06:24","slug":"barre-de-shampoing-vegane-papaye","status":"publish","type":"product","link":"https:\/\/holali.co.uk\/fr\/product\/cruelty-free-hair-care\/","title":{"rendered":"Barre de shampooing \u00e0 la papaye pour soins capillaires sans cruaut\u00e9"},"content":{"rendered":"<h2>Barre de shampooing \u00e0 la papaye pour soins capillaires sans cruaut\u00e9<\/h2>\n<p dir=\"auto\" data-pm-slice=\"1 1 []\">If you&#8217;ve been searching for a cruelty free hair care shampoo bar, this one with papaya is the perfect shampoo bar with coconut oil to soften your hair,<\/p>\n<p dir=\"auto\" data-pm-slice=\"1 1 []\">It also lessens the damage of environmental pollution and allergies and cleanses it without stripping your scalp of essential oils, then <a href=\"https:\/\/holali.co.uk\/fr\/product\/white-pink-soap-bar\/\">Vegan<\/a> Papaya Shampoo Bar is just what the doctor ordered.<\/p>\n<p dir=\"auto\" data-pm-slice=\"1 1 []\">A study claims this product can cleanse at least 250 times better than a regular shampoo bar. So if you&#8217;re looking for a shampoo bar that can actually work, buy <a href=\"https:\/\/holali.co.uk\/fr\/produit\/vegan-aloe-vera-shampoo-bar\/?wmc-currency=EUR\" title=\"Meilleur produit capillaire v\u00e9g\u00e9talien : Barre de shampoing \u00e0 l&#039;aloe vera\"  data-wpil-monitor-id=\"357\">Shampooing v\u00e9g\u00e9talien \u00e0 la papaye<\/a> today and start living a very healthy life.<\/p>\n<h6>FEATURES<\/h6>\n<ul>\n<li>Il convient \u00e0 tous les types de cheveux, y compris les cheveux secs, boucl\u00e9s, gras et color\u00e9s.<\/li>\n<li>Sans SLS, SLES, Paraben<\/li>\n<li>Sans plastique, sans huile de palme<\/li>\n<li>Barre de shampooing pour v\u00e9g\u00e9tariens et v\u00e9g\u00e9taliens<\/li>\n<li>shampooing 40-60 times using our <a href=\"https:\/\/holali.co.uk\/fr\/produit\/barre-de-shampoing-vegan-orchide\/?wmc-currency=EUR\" title=\"Barre de shampooing biologique Orchid pour r\u00e9parer et faire pousser les cheveux\"  data-wpil-monitor-id=\"375\">bar<\/a> of vegan shampoo<\/li>\n<li>Pas d'exp\u00e9rimentation animale, pas de cruaut\u00e9<\/li>\n<li>Fonctionne bien avec de l'eau chaude<\/li>\n<li>Poids : 60g<\/li>\n<\/ul>\n<p><span class=\"wordai-block rewrite-block enable-highlight\" data-id=\"3\"><strong>COMMENT L'UTILISER ?<\/strong><\/span><\/p>\n<p>Tout d'abord, mouillez vos cheveux, puis humidifiez la barre de shampooing dans vos paumes.\u00a0 <span class=\"wordai-block rewrite-block enable-highlight\" data-id=\"2\">Frottez-le entre les paumes de vos mains, ou directement sur vos cheveux.<\/span>\u00a0<span class=\"wordai-block rewrite-block enable-highlight\" data-id=\"1\">Le site <a href=\"https:\/\/holali.co.uk\/fr\/produit\/bubblegum-ethique-shampooing-bar\/?wmc-currency=EUR\" title=\"Barres de shampooing et d&#039;apr\u00e8s-shampooing Bubblegum : la nouvelle normalit\u00e9\"  data-wpil-monitor-id=\"426\">bar of shampoo<\/a> will be scented with irresistible aromas.<\/span><\/p>\n<p><strong>COMMENT LE STOCKER ?<\/strong><\/p>\n<p>Conserver dans un endroit frais et sec. Il est pr\u00e9f\u00e9rable dans un <a href=\"https:\/\/holali.co.uk\/fr\/produits-pour-le-bain\/accessoires-de-bain\/bois-savon-plat\/?wmc-currency=EUR\">porte-savon<\/a> qui est bien drain\u00e9.<\/p>\n<p>REMARQUE : La couleur ou le design peuvent varier l\u00e9g\u00e8rement par rapport aux photos pr\u00e9sent\u00e9es. Si vous souhaitez en savoir plus sur nos produits, n'h\u00e9sitez pas \u00e0 nous contacter \u00e0 tout moment !<\/p>","protected":false},"excerpt":{"rendered":"<p>Cruelty Free Hair Care Papaya Shampoo Bar If you&#8217;ve been searching for a cruelty free hair care shampoo bar, this one with papaya is the perfect shampoo bar with coconut oil to soften your hair, It also lessens the damage of environmental pollution and allergies and cleanses it without stripping your scalp of essential oils,&#8230;<\/p>","protected":false},"featured_media":8008,"comment_status":"open","ping_status":"closed","template":"","meta":{"_kad_blocks_custom_css":"","_kad_blocks_head_custom_js":"","_kad_blocks_body_custom_js":"","_kad_blocks_footer_custom_js":"","_kad_post_transparent":"default","_kad_post_title":"","_kad_post_layout":"default","_kad_post_sidebar_id":"","_kad_post_content_style":"default","_kad_post_vertical_padding":"default","_kad_post_feature":"","_kad_post_feature_position":"","_kad_post_header":false,"_kad_post_footer":false,"_kad_post_classname":"","_daim_seo_power":"","_daim_enable_ail":""},"product_brand":[],"product_cat":[480,700],"product_tag":[],"class_list":{"0":"post-8007","1":"product","2":"type-product","3":"status-publish","4":"has-post-thumbnail","6":"product_cat-eco-friendly-shampoo-bar","7":"product_cat-friendly-shampoo-bar","9":"first","10":"instock","11":"taxable","12":"shipping-taxable","13":"purchasable","14":"product-type-simple","15":"entry","16":"content-bg","17":"loop-entry"},"taxonomy_info":{"product_cat":[{"value":480,"label":"Eco-Friendly Shampoo Bar"},{"value":700,"label":"Friendly Shampoo Bar"}]},"featured_image_src_large":["https:\/\/holali.co.uk\/wp-content\/uploads\/2022\/08\/199810-1024x1024.jpeg",1024,1024,true],"author_info":[],"comment_info":0,"_links":{"self":[{"href":"https:\/\/holali.co.uk\/fr\/wp-json\/wp\/v2\/product\/8007","targetHints":{"allow":["GET"]}}],"collection":[{"href":"https:\/\/holali.co.uk\/fr\/wp-json\/wp\/v2\/product"}],"about":[{"href":"https:\/\/holali.co.uk\/fr\/wp-json\/wp\/v2\/types\/product"}],"replies":[{"embeddable":true,"href":"https:\/\/holali.co.uk\/fr\/wp-json\/wp\/v2\/comments?post=8007"}],"wp:featuredmedia":[{"embeddable":true,"href":"https:\/\/holali.co.uk\/fr\/wp-json\/wp\/v2\/media\/8008"}],"wp:attachment":[{"href":"https:\/\/holali.co.uk\/fr\/wp-json\/wp\/v2\/media?parent=8007"}],"wp:term":[{"taxonomy":"product_brand","embeddable":true,"href":"https:\/\/holali.co.uk\/fr\/wp-json\/wp\/v2\/product_brand?post=8007"},{"taxonomy":"product_cat","embeddable":true,"href":"https:\/\/holali.co.uk\/fr\/wp-json\/wp\/v2\/product_cat?post=8007"},{"taxonomy":"product_tag","embeddable":true,"href":"https:\/\/holali.co.uk\/fr\/wp-json\/wp\/v2\/product_tag?post=8007"}],"curies":[{"name":"wp","href":"https:\/\/api.w.org\/{rel}","templated":true}]}}