{"id":8005,"date":"2022-08-30T20:00:02","date_gmt":"2022-08-30T20:00:02","guid":{"rendered":"https:\/\/holali.local\/product\/wild-hare-solid-conditioner-lavender-tea-tree\/"},"modified":"2025-09-15T02:39:34","modified_gmt":"2025-09-15T02:39:34","slug":"barre-revitalisante-vegan-lavande-arbre-a-the","status":"publish","type":"product","link":"https:\/\/holali.co.uk\/fr\/product\/vegan-lavender-tea-tree-conditioner-bar\/","title":{"rendered":"Apr\u00e8s-shampooing v\u00e9g\u00e9talien \u00e0 la lavande et au th\u00e9ier"},"content":{"rendered":"<h2>Apr\u00e8s-shampooing v\u00e9g\u00e9talien \u00e0 la lavande et au th\u00e9ier<\/h2>\n<p dir=\"auto\" data-pm-slice=\"1 1 []\"><a href=\"https:\/\/holali.co.uk\/fr\/product\/white-pink-soap-bar\/\">Vegan<\/a> Lavender &amp; Tea Tree Conditioner Bar with argan oil is the perfect hair conditioner for sensitive, color-treated, chemically-treated, and brittle hair.<\/p>\n<p dir=\"auto\" data-pm-slice=\"1 1 []\">La barre laissera vos cheveux incroyablement doux, conditionn\u00e9s, brillants et sans accumulation. Elle contient un puissant m\u00e9lange d'huiles essentielles.<\/p>\n<h6>FEATURES<\/h6>\n<ul>\n<li>Il convient \u00e0 tous les types de cheveux, y compris les cheveux secs, boucl\u00e9s, gras et color\u00e9s.<\/li>\n<li>Sans SLS, SLES, Paraben<\/li>\n<li>Sans plastique, sans huile de palme<\/li>\n<li>Barre de shampooing pour v\u00e9g\u00e9tariens et v\u00e9g\u00e9taliens<\/li>\n<li>shampooing 40-60 times using our <a href=\"https:\/\/holali.co.uk\/fr\/produit\/barre-de-shampoing-vegetalienne-cerise-bonbon\/?wmc-currency=EUR\" title=\"Soins capillaires v\u00e9g\u00e9taliens avec le shampoing Cherry Bonbon\" target=\"_blank\" rel=\"noopener\"  data-wpil-monitor-id=\"1236\">bar<\/a> of vegan shampoo<\/li>\n<li>Pas d'exp\u00e9rimentation animale, pas de cruaut\u00e9<\/li>\n<li>Fonctionne bien avec de l'eau chaude<\/li>\n<li>Poids : 60g<\/li>\n<\/ul>\n<p><span class=\"wordai-block rewrite-block enable-highlight\" data-id=\"3\"><strong>COMMENT L'UTILISER ?<\/strong><\/span><\/p>\n<p>Tout d'abord, mouillez vos cheveux, puis humidifiez la barre de shampooing dans vos paumes.\u00a0 <span class=\"wordai-block rewrite-block enable-highlight\" data-id=\"2\">Frottez-le entre les paumes de vos mains, ou directement sur vos cheveux.<\/span>\u00a0<span class=\"wordai-block rewrite-block enable-highlight\" data-id=\"1\">La barre de shampooing sera parfum\u00e9e d'ar\u00f4mes irr\u00e9sistibles.<\/span><\/p>\n<p><strong>COMMENT LE STOCKER ?<\/strong><\/p>\n<p>Conserver dans un endroit frais et sec. Il est pr\u00e9f\u00e9rable dans un <a href=\"https:\/\/holali.co.uk\/fr\/produits-pour-le-bain\/accessoires-de-bain\/bois-savon-plat\/?wmc-currency=EUR\">porte-savon<\/a> qui est bien drain\u00e9.<\/p>\n<p>REMARQUE : La couleur ou le design peuvent varier l\u00e9g\u00e8rement par rapport aux photos pr\u00e9sent\u00e9es. Si vous souhaitez en savoir plus sur nos produits, n'h\u00e9sitez pas \u00e0 nous contacter \u00e0 tout moment !<\/p>","protected":false},"excerpt":{"rendered":"<p>Vegan Lavender &amp; Tea Tree Conditioner Bar Vegan Lavender &amp; Tea Tree Conditioner Bar with argan oil is the perfect hair conditioner for sensitive, color-treated, chemically-treated, and brittle hair. The bar will leave your hair incredibly soft, conditioned, shiny, and free from build-up. It contains a powerful blend of essential oils. FEATURES It\u2019s suitable for&#8230;<\/p>","protected":false},"featured_media":8006,"comment_status":"open","ping_status":"closed","template":"","meta":{"_kad_blocks_custom_css":"","_kad_blocks_head_custom_js":"","_kad_blocks_body_custom_js":"","_kad_blocks_footer_custom_js":"","_kad_post_transparent":"default","_kad_post_title":"","_kad_post_layout":"default","_kad_post_sidebar_id":"","_kad_post_content_style":"default","_kad_post_vertical_padding":"default","_kad_post_feature":"","_kad_post_feature_position":"","_kad_post_header":false,"_kad_post_footer":false,"_kad_post_classname":"","_daim_seo_power":"","_daim_enable_ail":""},"product_brand":[],"product_cat":[480,700],"product_tag":[],"class_list":{"0":"post-8005","1":"product","2":"type-product","3":"status-publish","4":"has-post-thumbnail","6":"product_cat-eco-friendly-shampoo-bar","7":"product_cat-friendly-shampoo-bar","9":"first","10":"instock","11":"taxable","12":"shipping-taxable","13":"purchasable","14":"product-type-simple","15":"entry","16":"content-bg","17":"loop-entry"},"taxonomy_info":{"product_cat":[{"value":480,"label":"Eco-Friendly Shampoo Bar"},{"value":700,"label":"Friendly Shampoo Bar"}]},"featured_image_src_large":["https:\/\/holali.co.uk\/wp-content\/uploads\/2022\/08\/200493-1024x1024.jpeg",1024,1024,true],"author_info":[],"comment_info":0,"_links":{"self":[{"href":"https:\/\/holali.co.uk\/fr\/wp-json\/wp\/v2\/product\/8005","targetHints":{"allow":["GET"]}}],"collection":[{"href":"https:\/\/holali.co.uk\/fr\/wp-json\/wp\/v2\/product"}],"about":[{"href":"https:\/\/holali.co.uk\/fr\/wp-json\/wp\/v2\/types\/product"}],"replies":[{"embeddable":true,"href":"https:\/\/holali.co.uk\/fr\/wp-json\/wp\/v2\/comments?post=8005"}],"wp:featuredmedia":[{"embeddable":true,"href":"https:\/\/holali.co.uk\/fr\/wp-json\/wp\/v2\/media\/8006"}],"wp:attachment":[{"href":"https:\/\/holali.co.uk\/fr\/wp-json\/wp\/v2\/media?parent=8005"}],"wp:term":[{"taxonomy":"product_brand","embeddable":true,"href":"https:\/\/holali.co.uk\/fr\/wp-json\/wp\/v2\/product_brand?post=8005"},{"taxonomy":"product_cat","embeddable":true,"href":"https:\/\/holali.co.uk\/fr\/wp-json\/wp\/v2\/product_cat?post=8005"},{"taxonomy":"product_tag","embeddable":true,"href":"https:\/\/holali.co.uk\/fr\/wp-json\/wp\/v2\/product_tag?post=8005"}],"curies":[{"name":"wp","href":"https:\/\/api.w.org\/{rel}","templated":true}]}}