{"id":7707,"date":"2022-08-30T19:58:43","date_gmt":"2022-08-30T19:58:43","guid":{"rendered":"https:\/\/holali.local\/product\/1x-toffee-caramel-bath-donut\/"},"modified":"2025-09-15T01:50:02","modified_gmt":"2025-09-15T01:50:02","slug":"1x-toffee-caramel-bain-donut","status":"publish","type":"product","link":"https:\/\/holali.co.uk\/fr\/product\/caramel-donut-bath-bombs\/","title":{"rendered":"Bombe de Bain Au Caramel"},"content":{"rendered":"<p>Just baked! Make bath time that little bit more fun with Toffee &amp; Caramel Donut <a href=\"https:\/\/holali.co.uk\/fr\/product\/angel-delight-bath-bomb\/\">Bombes de Bain<\/a>. Our ring-shaped <a href=\"https:\/\/holali.co.uk\/fr\/product\/bath-fizzer-white-fig\/\">bath fizzer<\/a> is full of vibrant colors and the refreshing scent will fill your bath with a delightful aroma. We know they&#8217;re tempting to eat, but please don&#8217;t. These Caramel <a href=\"https:\/\/holali.co.uk\/fr\/produit\/1x-blueberry-bath-donut\/?wmc-currency=EUR\" title=\"Bombes de bain au donut \u00e0 la myrtille\"  data-wpil-monitor-id=\"366\">Donut Bath Bombs<\/a> are designed to provide a luxurious and relaxing bathing experience, transforming your tub into a sweet-scented haven.<\/p>\n<p>They are great for birthday gifts, Christmas gifts, or just a treat for yourself. Imagine sinking into a warm bath, surrounded by the soothing scent of caramel and toffee, as the bath bomb fizzes away, releasing skin-nourishing ingredients. It&#8217;s the perfect way to unwind after a long day.<\/p>\n<p>CARACT\u00c9RISTIQUES :<\/p>\n<ul>\n<li>Sans cruaut\u00e9<\/li>\n<li>Fabriqu\u00e9 \u00e0 la main \u00e0 Sheffield<\/li>\n<li>Individually shrink-wrapped for freshness and protection<\/li>\n<\/ul>\n<p>Indulge in the ultimate <a href=\"https:\/\/holali.co.uk\/fr\/produit\/boite-main-savon-fleur-bouquet-rouge\/?wmc-currency=EUR\" title=\"Bo\u00eete cadeau de savon rouge avec roses et \u0153illets\" target=\"_blank\" rel=\"noopener\"  data-wpil-monitor-id=\"1113\">bath time luxury<\/a> with our Caramel Donut Bath Bombs. Each bath bomb is carefully crafted to ensure the highest quality, providing a burst of fragrance and fun. Whether you&#8217;re <a href=\"https:\/\/holali.co.uk\/fr\/produit\/ultime-coffret-cadeau-de-bain-pour-spa-luxueux-a-la-maison\/?wmc-currency=EUR\" title=\"Le coffret cadeau ultime pour le spa de luxe \u00e0 domicile - 4 pi\u00e8ces\"  data-wpil-monitor-id=\"27\">pampering yourself or giving the gift<\/a> of relaxation, these bath bombs are sure to delight.<\/p>","protected":false},"excerpt":{"rendered":"<p>Just baked! Make bath time that little bit more fun with Toffee &amp; Caramel Donut Bath Bombs. Our ring-shaped bath fizzer is full of vibrant colors and the refreshing scent will fill your bath with a delightful aroma. We know they&#8217;re tempting to eat, but please don&#8217;t. These Caramel Donut Bath Bombs are designed to&#8230;<\/p>","protected":false},"featured_media":7708,"comment_status":"open","ping_status":"closed","template":"","meta":{"_kad_blocks_custom_css":"","_kad_blocks_head_custom_js":"","_kad_blocks_body_custom_js":"","_kad_blocks_footer_custom_js":"","_kad_post_transparent":"default","_kad_post_title":"","_kad_post_layout":"default","_kad_post_sidebar_id":"","_kad_post_content_style":"default","_kad_post_vertical_padding":"default","_kad_post_feature":"","_kad_post_feature_position":"","_kad_post_header":false,"_kad_post_footer":false,"_kad_post_classname":"","_daim_seo_power":"","_daim_enable_ail":""},"product_brand":[],"product_cat":[278,684],"product_tag":[],"class_list":{"0":"post-7707","1":"product","2":"type-product","3":"status-publish","4":"has-post-thumbnail","6":"product_cat-bath-fizzer","7":"product_cat-vegan-bath-fizzer","9":"first","10":"instock","11":"taxable","12":"shipping-taxable","13":"purchasable","14":"product-type-simple","15":"entry","16":"content-bg","17":"loop-entry"},"taxonomy_info":{"product_cat":[{"value":278,"label":"Bath Fizzer"},{"value":684,"label":"Vegan Bath Fizzer"}]},"featured_image_src_large":["https:\/\/holali.co.uk\/wp-content\/uploads\/2022\/08\/198636-1024x1024.jpeg",1024,1024,true],"author_info":[],"comment_info":0,"_links":{"self":[{"href":"https:\/\/holali.co.uk\/fr\/wp-json\/wp\/v2\/product\/7707","targetHints":{"allow":["GET"]}}],"collection":[{"href":"https:\/\/holali.co.uk\/fr\/wp-json\/wp\/v2\/product"}],"about":[{"href":"https:\/\/holali.co.uk\/fr\/wp-json\/wp\/v2\/types\/product"}],"replies":[{"embeddable":true,"href":"https:\/\/holali.co.uk\/fr\/wp-json\/wp\/v2\/comments?post=7707"}],"wp:featuredmedia":[{"embeddable":true,"href":"https:\/\/holali.co.uk\/fr\/wp-json\/wp\/v2\/media\/7708"}],"wp:attachment":[{"href":"https:\/\/holali.co.uk\/fr\/wp-json\/wp\/v2\/media?parent=7707"}],"wp:term":[{"taxonomy":"product_brand","embeddable":true,"href":"https:\/\/holali.co.uk\/fr\/wp-json\/wp\/v2\/product_brand?post=7707"},{"taxonomy":"product_cat","embeddable":true,"href":"https:\/\/holali.co.uk\/fr\/wp-json\/wp\/v2\/product_cat?post=7707"},{"taxonomy":"product_tag","embeddable":true,"href":"https:\/\/holali.co.uk\/fr\/wp-json\/wp\/v2\/product_tag?post=7707"}],"curies":[{"name":"wp","href":"https:\/\/api.w.org\/{rel}","templated":true}]}}